{"id":15906,"date":"2024-07-01T23:27:15","date_gmt":"2024-07-02T02:27:15","guid":{"rendered":"https:\/\/farmaciadagostino.com.ar\/sitio\/producto\/crema-facial-nivea-cellular-lift-expert-advanced-anti-age-day-spf-15-x-50-ml\/"},"modified":"2026-03-09T10:25:38","modified_gmt":"2026-03-09T13:25:38","slug":"crema-facial-nivea-cellular-lift-expert-advanced-anti-age-day-spf-15-x-50-ml","status":"publish","type":"product","link":"https:\/\/farmaciadagostino.com.ar\/sitio\/producto\/crema-facial-nivea-cellular-lift-expert-advanced-anti-age-day-spf-15-x-50-ml\/","title":{"rendered":"Crema Facial Nivea Cellular Lift Expert Advanced Anti-Age Day Spf 15 x 50 ml"},"content":{"rendered":"<p>La Crema facial antiedad de d\u00eda NIVEA Cellular Lift Expert ayuda a reducir las arrugas profundas y mejora la firmeza de la piel, dej\u00e1ndola hidratada por 24 horas. Su f\u00f3rmula combina dos ingredientes claves: Bakuchiol, que aumenta la producci\u00f3n de col\u00e1geno y recupera la elasticidad de la piel; y \u00c1cido Hialur\u00f3nico, componente que ayuda a reducir visiblemente los signos del envejecimiento. Adem\u00e1s, contiene FPS 30 y protecci\u00f3n UVA\/UVB para proteger del da\u00f1o celular, provocado por la exposici\u00f3n del sol. Est\u00e1 probada en todo tipo de pieles.<\/p>\n<h5>Beneficios:<\/h5>\n<p>&#8211; Reduce las arrugas m\u00e1s profundas.<\/p>\n<p>&#8211; Remodela, fortalece y reafirma la piel.<\/p>\n<p>&#8211; Redefine el contorno facial.<\/p>\n<p>&#8211; Contiene FPS 30 y protecci\u00f3n UVA\/UVB.<\/p>\n<p>&#8211; Apta para todo tipo de piel.<\/p>\n<h5>Composici\u00f3n:<\/h5>\n<p>Aqua, Homosalate, Glycerin, Butyl Methoxydibenzoylmethane, Ethylhexyl Salicylate, Octocrylene, Methylpropanediol, Cetearyl Alcohol, Alcohol Denat., Tapioca Starch, Ethylhexyl Stearate, Phenylbenzimidazole Sulfonic Acid, Magnolia Officinalis Bark Extract, Creatine, 1-Methylhydantoin-2-Imide, Sodium Hyaluronate, Sodium Cetearyl Sulfate, Dimethicone, Ammonium Acryloyldimethyltaurate\/VP Copolymer, Acrylates\/C10-30 Alkyl Acrylate Crosspolymer, Xanthan Gum, Trisodium EDTA, Ethylhexylglycerin, Sodium Hydroxide, Phenoxyethanol, Limonene, Linalool, Citronellol, Benzyl Alcohol, Geraniol, Alpha-Isomethyl Ionone, Parfum, \u00c1cido Hialur\u00f3nico, Bakuchiol, Extracto de Magnolia.<\/p>\n<h5>Propiedades:<\/h5>\n<p>Sin parabenos, sin sal. Ligeramente perfumado. Propiedades humectantes. No testeado en animales.<\/p>\n<h5>Modo de uso:<\/h5>\n<p>1) Limpiar el rostro.<\/p>\n<p>2) Aplicar NIVEA Cellular Lift Expert Crema facial antiedad por la ma\u00f1ana.<\/p>\n<p>3) Se recomienda por la noche usar NIVEA Cellular Lift Expert Crema facial antiedad.<\/p>\n","protected":false},"excerpt":{"rendered":"<p>La Crema facial antiedad de d\u00eda NIVEA Cellular Lift Expert ayuda a reducir las arrugas profundas y mejora la firmeza de la piel, dej\u00e1ndola hidratada por 24 horas<\/p>\n","protected":false},"featured_media":8269,"comment_status":"open","ping_status":"closed","template":"","meta":[],"product_brand":[],"product_cat":[237,162],"product_tag":[],"class_list":{"0":"post-15906","1":"product","2":"type-product","3":"status-publish","4":"has-post-thumbnail","6":"product_cat-belleza","7":"product_cat-dermocosmetica","9":"first","10":"instock","11":"shipping-taxable","12":"purchasable","13":"product-type-simple"},"_links":{"self":[{"href":"https:\/\/farmaciadagostino.com.ar\/sitio\/wp-json\/wp\/v2\/product\/15906","targetHints":{"allow":["GET"]}}],"collection":[{"href":"https:\/\/farmaciadagostino.com.ar\/sitio\/wp-json\/wp\/v2\/product"}],"about":[{"href":"https:\/\/farmaciadagostino.com.ar\/sitio\/wp-json\/wp\/v2\/types\/product"}],"replies":[{"embeddable":true,"href":"https:\/\/farmaciadagostino.com.ar\/sitio\/wp-json\/wp\/v2\/comments?post=15906"}],"wp:featuredmedia":[{"embeddable":true,"href":"https:\/\/farmaciadagostino.com.ar\/sitio\/wp-json\/wp\/v2\/media\/8269"}],"wp:attachment":[{"href":"https:\/\/farmaciadagostino.com.ar\/sitio\/wp-json\/wp\/v2\/media?parent=15906"}],"wp:term":[{"taxonomy":"product_brand","embeddable":true,"href":"https:\/\/farmaciadagostino.com.ar\/sitio\/wp-json\/wp\/v2\/product_brand?post=15906"},{"taxonomy":"product_cat","embeddable":true,"href":"https:\/\/farmaciadagostino.com.ar\/sitio\/wp-json\/wp\/v2\/product_cat?post=15906"},{"taxonomy":"product_tag","embeddable":true,"href":"https:\/\/farmaciadagostino.com.ar\/sitio\/wp-json\/wp\/v2\/product_tag?post=15906"}],"curies":[{"name":"wp","href":"https:\/\/api.w.org\/{rel}","templated":true}]}}