{"id":15908,"date":"2024-07-01T23:27:18","date_gmt":"2024-07-02T02:27:18","guid":{"rendered":"https:\/\/farmaciadagostino.com.ar\/sitio\/producto\/mascarilla-de-tela-nivea-urban-skin-shot-hidratante-para-todo-tipo-de-piel\/"},"modified":"2026-03-09T10:18:29","modified_gmt":"2026-03-09T13:18:29","slug":"mascarilla-de-tela-nivea-urban-skin-shot-hidratante-para-todo-tipo-de-piel","status":"publish","type":"product","link":"https:\/\/farmaciadagostino.com.ar\/sitio\/producto\/mascarilla-de-tela-nivea-urban-skin-shot-hidratante-para-todo-tipo-de-piel\/","title":{"rendered":"Mascarilla de Tela Nivea Urban Skin Shot Hidratante Para Todo Tipo de Piel"},"content":{"rendered":"<p>La Mascarilla de tela Nivea Urban Skin tiene tres efectos instant\u00e1neos: hidrata intensamente el rostro para reducir los signos de la resequedad, gracias a su f\u00f3rmula con \u00c1cido Hialur\u00f3nico y Aloe Vera. Adem\u00e1s, refresca y alivia la piel, dej\u00e1ndola suave. En diez minutos, la piel luce saludable y humectada. Esta probada en todo tipo de pieles.<\/p>\n<h5>Beneficios:<\/h5>\n<p>&#8211; Hidrataci\u00f3n profunda.<\/p>\n<p>&#8211; Refresca la piel gracias a su f\u00f3rmula ligera.<\/p>\n<p>&#8211; Suaviza la piel.<\/p>\n<p>&#8211; Piel saludable.<\/p>\n<p>&#8211; Apta para todo tipo de piel.<\/p>\n<h5>Composici\u00f3n:<\/h5>\n<p>Aqua, Glycerin, Pentylene Glycol, Sodium Hyaluronate, Aloe Barbadensis Leaf Juice Powder, Argania Spinosa Kernel Oil, Magnolia Officinalis Bark Extract, Vitis Vinifera Seed Oil, Xanthan Gum, PPG-26-Buteth-26, PEG-40 Hydrogenated Castor Oil, Tetrasodium Glutamate Diacetate, Citric Acid, Sodium Hydroxide, Benzyl Alcohol, Parfum.<\/p>\n<h5>Propiedades:<\/h5>\n<p>&#8211; Sin parabenos, sin sal.<\/p>\n<p>&#8211; Propiedades humectantes.<\/p>\n<p>&#8211; No testeado en animales.<\/p>\n<h5>Modo de Uso:<\/h5>\n<p>&#8211; Desdoblar la Mascarilla de tela NIVEA Urban Skin Shot Hidratante y aplicar con cuidado la tela blanca a la piel, asegur\u00e1ndose de que la capa protectora celeste quede hacia afuera.<\/p>\n<p>&#8211; Presionar para asegurar el contacto con la piel.<\/p>\n<p>&#8211; Retirar la capa protectora celeste y ajustar los contornos de la mascarilla al rostro.<\/p>\n<p>-Dejar actuar la mascarilla durante 10 minutos.<\/p>\n<p>&#8211; Quitar la mascarilla por los bordes lentamente y masajear suavemente cualquier exceso de s\u00e9rum en la piel o usar un disco de algod\u00f3n para remover el residuo.<\/p>\n<p>&#8211; Para un tratamiento extra, masajear el exceso de s\u00e9rum en el cuello y escote.<\/p>\n","protected":false},"excerpt":{"rendered":"<p>La Mascarilla de tela Nivea Urban Skin tiene tres efectos instant\u00e1neos: hidrata intensamente el rostro para reducir los signos de la resequedad, gracias a su f\u00f3rmula con \u00c1cido Hialur\u00f3nico y Aloe Vera<\/p>\n","protected":false},"featured_media":8246,"comment_status":"open","ping_status":"closed","template":"","meta":[],"product_brand":[],"product_cat":[237,162],"product_tag":[],"class_list":{"0":"post-15908","1":"product","2":"type-product","3":"status-publish","4":"has-post-thumbnail","6":"product_cat-belleza","7":"product_cat-dermocosmetica","9":"first","10":"instock","11":"shipping-taxable","12":"purchasable","13":"product-type-simple"},"_links":{"self":[{"href":"https:\/\/farmaciadagostino.com.ar\/sitio\/wp-json\/wp\/v2\/product\/15908","targetHints":{"allow":["GET"]}}],"collection":[{"href":"https:\/\/farmaciadagostino.com.ar\/sitio\/wp-json\/wp\/v2\/product"}],"about":[{"href":"https:\/\/farmaciadagostino.com.ar\/sitio\/wp-json\/wp\/v2\/types\/product"}],"replies":[{"embeddable":true,"href":"https:\/\/farmaciadagostino.com.ar\/sitio\/wp-json\/wp\/v2\/comments?post=15908"}],"wp:featuredmedia":[{"embeddable":true,"href":"https:\/\/farmaciadagostino.com.ar\/sitio\/wp-json\/wp\/v2\/media\/8246"}],"wp:attachment":[{"href":"https:\/\/farmaciadagostino.com.ar\/sitio\/wp-json\/wp\/v2\/media?parent=15908"}],"wp:term":[{"taxonomy":"product_brand","embeddable":true,"href":"https:\/\/farmaciadagostino.com.ar\/sitio\/wp-json\/wp\/v2\/product_brand?post=15908"},{"taxonomy":"product_cat","embeddable":true,"href":"https:\/\/farmaciadagostino.com.ar\/sitio\/wp-json\/wp\/v2\/product_cat?post=15908"},{"taxonomy":"product_tag","embeddable":true,"href":"https:\/\/farmaciadagostino.com.ar\/sitio\/wp-json\/wp\/v2\/product_tag?post=15908"}],"curies":[{"name":"wp","href":"https:\/\/api.w.org\/{rel}","templated":true}]}}