{"id":15910,"date":"2024-07-01T23:27:19","date_gmt":"2024-07-02T02:27:19","guid":{"rendered":"https:\/\/farmaciadagostino.com.ar\/sitio\/producto\/nivea-crema-facial-5-en-1-cuidado-limpiadora-para-todo-tipo-de-piel-100-ml\/"},"modified":"2026-03-09T10:10:23","modified_gmt":"2026-03-09T13:10:23","slug":"nivea-crema-facial-5-en-1-cuidado-limpiadora-para-todo-tipo-de-piel-100-ml","status":"publish","type":"product","link":"https:\/\/farmaciadagostino.com.ar\/sitio\/producto\/nivea-crema-facial-5-en-1-cuidado-limpiadora-para-todo-tipo-de-piel-100-ml\/","title":{"rendered":"Nivea Crema Facial 5 en 1 Cuidado Limpiadora Para Todo Tipo de Piel 100 ml"},"content":{"rendered":"<p>La Crema facial 5 en 1 Nivea Cuidado Limpiadora ofrece cinco beneficios: limpia y nutre la piel profundamente, dej\u00e1ndola limpia y radiante. Adem\u00e1s, brinda una sensaci\u00f3n de suavidad en la piel y no la deja grasosa. La crema facial puede utilizarse para sacar el maquillaje del rostro o como mascarilla facial, removi\u00e9ndose f\u00e1cilmente con un algod\u00f3n. Es apta para todo tipo de pieles.<\/p>\n<h5>Beneficios:<\/h5>\n<p>&#8211; Remueve el maquillaje.<\/p>\n<p>-Limpia y nutre profundamente.<\/p>\n<p>-Piel suave, sin sensaci\u00f3n grasosa.<\/p>\n<p>-Puede usarse como mascarilla facial.<\/p>\n<p>-Apta para todo tipo de piel.<\/p>\n<h5>Composici\u00f3n:<\/h5>\n<p>Aqua, Glycerin, Butyrospermum Parkii Butter, Cetyl Palmitate, Vegetable Oil, Cetyl Alcohol, Isopropyl Palmitate, Panthenol, Pantolactone, Sodium Polyacrylate, Dimethicone, Sodium Hydroxide, Citric Acid, Phenoxyethanol, Ethylhexylglycerin, Linalool, Limonene, Citronellol, Geraniol, Benzyl Alcohol, Alpha-Isomethyl Ionone, Parfum.<\/p>\n<h5>Propiedades:<\/h5>\n<p>-Sin sensaci\u00f3n grasosa.<\/p>\n<p>Propiedades humectantes.<\/p>\n<h5>Presentaci\u00f3n:<\/h5>\n<p>100 ml.<\/p>\n","protected":false},"excerpt":{"rendered":"<p>La Crema facial 5 en 1 Nivea Cuidado Limpiadora ofrece cinco beneficios: limpia y nutre la piel profundamente, dej\u00e1ndola limpia y radiante<\/p>\n","protected":false},"featured_media":6926,"comment_status":"open","ping_status":"closed","template":"","meta":[],"product_brand":[],"product_cat":[237,162],"product_tag":[],"class_list":{"0":"post-15910","1":"product","2":"type-product","3":"status-publish","4":"has-post-thumbnail","6":"product_cat-belleza","7":"product_cat-dermocosmetica","9":"first","10":"instock","11":"shipping-taxable","12":"purchasable","13":"product-type-simple"},"_links":{"self":[{"href":"https:\/\/farmaciadagostino.com.ar\/sitio\/wp-json\/wp\/v2\/product\/15910","targetHints":{"allow":["GET"]}}],"collection":[{"href":"https:\/\/farmaciadagostino.com.ar\/sitio\/wp-json\/wp\/v2\/product"}],"about":[{"href":"https:\/\/farmaciadagostino.com.ar\/sitio\/wp-json\/wp\/v2\/types\/product"}],"replies":[{"embeddable":true,"href":"https:\/\/farmaciadagostino.com.ar\/sitio\/wp-json\/wp\/v2\/comments?post=15910"}],"wp:featuredmedia":[{"embeddable":true,"href":"https:\/\/farmaciadagostino.com.ar\/sitio\/wp-json\/wp\/v2\/media\/6926"}],"wp:attachment":[{"href":"https:\/\/farmaciadagostino.com.ar\/sitio\/wp-json\/wp\/v2\/media?parent=15910"}],"wp:term":[{"taxonomy":"product_brand","embeddable":true,"href":"https:\/\/farmaciadagostino.com.ar\/sitio\/wp-json\/wp\/v2\/product_brand?post=15910"},{"taxonomy":"product_cat","embeddable":true,"href":"https:\/\/farmaciadagostino.com.ar\/sitio\/wp-json\/wp\/v2\/product_cat?post=15910"},{"taxonomy":"product_tag","embeddable":true,"href":"https:\/\/farmaciadagostino.com.ar\/sitio\/wp-json\/wp\/v2\/product_tag?post=15910"}],"curies":[{"name":"wp","href":"https:\/\/api.w.org\/{rel}","templated":true}]}}