{"id":15911,"date":"2024-07-01T23:27:19","date_gmt":"2024-07-02T02:27:19","guid":{"rendered":"https:\/\/farmaciadagostino.com.ar\/sitio\/producto\/nivea-crema-facial-5-en-1-cuidado-nutritivo-para-todo-tipo-de-piel-100-ml\/"},"modified":"2026-03-09T10:18:29","modified_gmt":"2026-03-09T13:18:29","slug":"nivea-crema-facial-5-en-1-cuidado-nutritivo-para-todo-tipo-de-piel-100-ml","status":"publish","type":"product","link":"https:\/\/farmaciadagostino.com.ar\/sitio\/producto\/nivea-crema-facial-5-en-1-cuidado-nutritivo-para-todo-tipo-de-piel-100-ml\/","title":{"rendered":"Nivea Crema Facial 5 en 1 Cuidado Nutritivo Para Todo Tipo de Piel 100 ml"},"content":{"rendered":"<p>La Crema facial 5 en 1 Nivea Cuidado Nutritivo nutre intensamente la piel sin dejar sensaci\u00f3n grasosa. Su f\u00f3rmula contiene hidronutrientes que se absorben inmediatamente en la piel, dej\u00e1ndola suave y radiante. Despu\u00e9s de dos semanas de uso regular, brinda 24 horas de hidrataci\u00f3n profunda y duradera. Es adecuada para todo tipo de pieles.<\/p>\n<h5>Beneficios:<\/h5>\n<p>&#8211; 24 horas de hidrataci\u00f3n intensa.<\/p>\n<p>&#8211; Prepara la piel para el maquillaje.<\/p>\n<p>&#8211; Cuidado intenso y nutritivo.<\/p>\n<p>&#8211; R\u00e1pida absorci\u00f3n.<\/p>\n<p>&#8211; Apta para todo tipo de piel.<\/p>\n<h5>Composici\u00f3n:<\/h5>\n<p>Aqua, Glycerin, Butyrospermum Parkii Butter, Cetyl Palmitate, Olus Oil, Cetyl Alcohol, Isopropyl Palmitate, Dimethicone, Sodium Polyacrylate, Phenoxyethanol, Linalool, Citronellol, Alpha-Isomethyl Ionone, Geraniol, Limonene, Parfum.<\/p>\n<h5>Propiedades:<\/h5>\n<p>&#8211; Sin parabenos, sin sal.<\/p>\n<p>&#8211; No deja sensaci\u00f3n grasosa.<\/p>\n<p>&#8211; Propiedades humectantes.<\/p>\n<p>&#8211; No testeado en animales.<\/p>\n<h5>Presentaci\u00f3n:<\/h5>\n<p>100 ml.<\/p>\n","protected":false},"excerpt":{"rendered":"<p>La Crema facial 5 en 1 Nivea Cuidado Nutritivo nutre intensamente la piel sin dejar sensaci\u00f3n grasosa<\/p>\n","protected":false},"featured_media":6924,"comment_status":"open","ping_status":"closed","template":"","meta":[],"product_brand":[],"product_cat":[237,162],"product_tag":[],"class_list":{"0":"post-15911","1":"product","2":"type-product","3":"status-publish","4":"has-post-thumbnail","6":"product_cat-belleza","7":"product_cat-dermocosmetica","9":"first","10":"instock","11":"shipping-taxable","12":"purchasable","13":"product-type-simple"},"_links":{"self":[{"href":"https:\/\/farmaciadagostino.com.ar\/sitio\/wp-json\/wp\/v2\/product\/15911","targetHints":{"allow":["GET"]}}],"collection":[{"href":"https:\/\/farmaciadagostino.com.ar\/sitio\/wp-json\/wp\/v2\/product"}],"about":[{"href":"https:\/\/farmaciadagostino.com.ar\/sitio\/wp-json\/wp\/v2\/types\/product"}],"replies":[{"embeddable":true,"href":"https:\/\/farmaciadagostino.com.ar\/sitio\/wp-json\/wp\/v2\/comments?post=15911"}],"wp:featuredmedia":[{"embeddable":true,"href":"https:\/\/farmaciadagostino.com.ar\/sitio\/wp-json\/wp\/v2\/media\/6924"}],"wp:attachment":[{"href":"https:\/\/farmaciadagostino.com.ar\/sitio\/wp-json\/wp\/v2\/media?parent=15911"}],"wp:term":[{"taxonomy":"product_brand","embeddable":true,"href":"https:\/\/farmaciadagostino.com.ar\/sitio\/wp-json\/wp\/v2\/product_brand?post=15911"},{"taxonomy":"product_cat","embeddable":true,"href":"https:\/\/farmaciadagostino.com.ar\/sitio\/wp-json\/wp\/v2\/product_cat?post=15911"},{"taxonomy":"product_tag","embeddable":true,"href":"https:\/\/farmaciadagostino.com.ar\/sitio\/wp-json\/wp\/v2\/product_tag?post=15911"}],"curies":[{"name":"wp","href":"https:\/\/api.w.org\/{rel}","templated":true}]}}