{"id":15912,"date":"2024-07-01T23:27:19","date_gmt":"2024-07-02T02:27:19","guid":{"rendered":"https:\/\/farmaciadagostino.com.ar\/sitio\/producto\/nivea-crema-facial-antiarrugas-q10-energy-vitamina-c-y-e-fps-15-50-ml\/"},"modified":"2026-03-09T10:25:38","modified_gmt":"2026-03-09T13:25:38","slug":"nivea-crema-facial-antiarrugas-q10-energy-vitamina-c-y-e-fps-15-50-ml","status":"publish","type":"product","link":"https:\/\/farmaciadagostino.com.ar\/sitio\/producto\/nivea-crema-facial-antiarrugas-q10-energy-vitamina-c-y-e-fps-15-50-ml\/","title":{"rendered":"Nivea Crema Facial Antiarrugas Q10 Energy + Vitamina C Y E Fps 15 50 ml"},"content":{"rendered":"<p>La Crema facial antiarrugas Nivea Q10 Energy ayuda a reducir de manera efectiva las l\u00edneas de expresi\u00f3n y las arrugas, dejando la piel visiblemente m\u00e1s firme. Su f\u00f3rmula combina dos ingredientes: Coenzima Q10, un poderoso antioxidante y defensa natural ante el envejecimiento; y Creatina que estimula la producci\u00f3n de col\u00e1geno de las c\u00e9lulas de la piel. Adem\u00e1s, contiene FPS 15 y protecci\u00f3n UVA\/UVB para cuidar la piel contra la formaci\u00f3n de arrugas inducidas por el sol. Es adecuada para pieles sensibles.<\/p>\n<h5>Beneficios:<\/h5>\n<p>&#8211; Reduce los signos de fatiga.<\/p>\n<p>&#8211; Ayuda a disminuir las primeras arrugas.<\/p>\n<p>&#8211; Piel visiblemente fresca y energizada.<\/p>\n<p>&#8211; Contiene FPS 15 y protecci\u00f3n UVA\/UVB.<\/p>\n<p>&#8211; Adecuado para piel sensible.<\/p>\n<h5>Composici\u00f3n:<\/h5>\n<p>Aqua, Glycerin, Ethylhexyl Salicylate, Alcohol Denat., Cetearyl Alcohol, Cyclomethicone, Glyceryl Stearate Citrate, Butyl Methoxydibenzoylmethane, Methylpropanediol, Octocrylene, C12-15 Alkyl Benzoate, Hydrogenated Coco-Glycerides, Phenylbenzimidazole Sulfonic Acid, Ubiquinone, Creatine, 1-Methylhydantoin-2-Imide, Sodium Ascorbyl Phosphate, Chondrus Crispus Extract, Carbomer, Acrylates\/C10-30 Alkyl Acrylate Crosspolymer, Trisodium EDTA, 1,2-Hexanediol, Sodium Hydroxide, Phenoxyethanol, Linalool, Limonene, Parfum, CI 16035.<\/p>\n<h5>Propiedades:<\/h5>\n<p>-Sin parabenos, sin sal.<\/p>\n<p>-Ligeramente perfumado.<\/p>\n<p>-Propiedades humectantes.<\/p>\n<p>-No testeado en animales.<\/p>\n<h5>Modo de Uso:<\/h5>\n<p>-Limpiar el rostro con productos adecuados para cada tipo de piel.<\/p>\n<p>-Aplicar NIVEA Q10 Energy + Vitamina C y E Crema facial antiarrugas FPS 15 por la ma\u00f1ana. <\/p>\n<p>-Masajear suavemente de manera circular y ascendente, evitando el contorno de ojos.<\/p>\n","protected":false},"excerpt":{"rendered":"<p>La Crema facial antiarrugas Nivea Q10 Energy ayuda a reducir de manera efectiva las l\u00edneas de expresi\u00f3n y las arrugas, dejando la piel visiblemente m\u00e1s firme<\/p>\n","protected":false},"featured_media":8315,"comment_status":"open","ping_status":"closed","template":"","meta":[],"product_brand":[],"product_cat":[237,262,162,264],"product_tag":[],"class_list":{"0":"post-15912","1":"product","2":"type-product","3":"status-publish","4":"has-post-thumbnail","6":"product_cat-belleza","7":"product_cat-promo","8":"product_cat-dermocosmetica","9":"product_cat-ofertas","11":"first","12":"instock","13":"sale","14":"shipping-taxable","15":"purchasable","16":"product-type-simple"},"_links":{"self":[{"href":"https:\/\/farmaciadagostino.com.ar\/sitio\/wp-json\/wp\/v2\/product\/15912","targetHints":{"allow":["GET"]}}],"collection":[{"href":"https:\/\/farmaciadagostino.com.ar\/sitio\/wp-json\/wp\/v2\/product"}],"about":[{"href":"https:\/\/farmaciadagostino.com.ar\/sitio\/wp-json\/wp\/v2\/types\/product"}],"replies":[{"embeddable":true,"href":"https:\/\/farmaciadagostino.com.ar\/sitio\/wp-json\/wp\/v2\/comments?post=15912"}],"wp:featuredmedia":[{"embeddable":true,"href":"https:\/\/farmaciadagostino.com.ar\/sitio\/wp-json\/wp\/v2\/media\/8315"}],"wp:attachment":[{"href":"https:\/\/farmaciadagostino.com.ar\/sitio\/wp-json\/wp\/v2\/media?parent=15912"}],"wp:term":[{"taxonomy":"product_brand","embeddable":true,"href":"https:\/\/farmaciadagostino.com.ar\/sitio\/wp-json\/wp\/v2\/product_brand?post=15912"},{"taxonomy":"product_cat","embeddable":true,"href":"https:\/\/farmaciadagostino.com.ar\/sitio\/wp-json\/wp\/v2\/product_cat?post=15912"},{"taxonomy":"product_tag","embeddable":true,"href":"https:\/\/farmaciadagostino.com.ar\/sitio\/wp-json\/wp\/v2\/product_tag?post=15912"}],"curies":[{"name":"wp","href":"https:\/\/api.w.org\/{rel}","templated":true}]}}