{"id":15914,"date":"2024-07-01T23:27:19","date_gmt":"2024-07-02T02:27:19","guid":{"rendered":"https:\/\/farmaciadagostino.com.ar\/sitio\/producto\/nivea-crema-facial-hidratante-de-dia-essentials-para-piel-normal-fps-15-50-ml\/"},"modified":"2026-03-09T10:18:29","modified_gmt":"2026-03-09T13:18:29","slug":"nivea-crema-facial-hidratante-de-dia-essentials-para-piel-normal-fps-15-50-ml","status":"publish","type":"product","link":"https:\/\/farmaciadagostino.com.ar\/sitio\/producto\/nivea-crema-facial-hidratante-de-dia-essentials-para-piel-normal-fps-15-50-ml\/","title":{"rendered":"Nivea Crema Facial Hidratante de D\u00eda essentials Para Piel Normal Fps 15 50 ml"},"content":{"rendered":"<p>La Crema facial de d\u00eda Nivea Essentials contiene Vitamina E y Antioxidante, dos ingredientes que brindan hidrataci\u00f3n duradera al rostro. Adem\u00e1s, contiene FPS 15 para proteger la piel contra los rayos del sol que causan envejecimiento prematuro. La crema de r\u00e1pida absorci\u00f3n refresca la piel gracias a su f\u00f3rmula ligera. Es ideal para pieles normales.<\/p>\n<h5>Beneficios:<\/h5>\n<p>&#8211; 24 horas de hidrataci\u00f3n intensa y duradera.<\/p>\n<p>&#8211; Refresca la piel gracias a su f\u00f3rmula ligera.<\/p>\n<p>&#8211; F\u00f3rmula con 0% micropl\u00e1sticos.<\/p>\n<p>&#8211; Con FPS 15: protege la piel de los da\u00f1os causados por el sol.<\/p>\n<p>&#8211; Ideal para piel normal.<\/p>\n<h5>Composici\u00f3n:<\/h5>\n<p> Aqua, Glycerin, Ethylhexyl Salicylate, C12-15 Alkyl Benzoate, Alcohol Denat., Cetearyl Alcohol, Butyl Methoxydibenzoylmethane, Caprylic\/Capric Triglyceride, Distarch Phosphate, Glyceryl Stearate, Hydroxypropyl Starch Phosphate, Phenylbenzimidazole Sulfonic Acid, Tocopheryl Acetate, Nymphaea Alba Root Extract, Sodium Stearoyl Glutamate, Butyrospermum Parkii Butter, Ethylhexylglycerin, Hydroxyacetophenone, Tapioca Starch, Xanthan Gum, Bis-Ethylhexyloxyphenol Methoxyphenyl Triazine, Sodium Chloride, Trisodium EDTA, Sodium Hydroxide, Phenoxyethanol, Parfum.<\/p>\n<h5>Modo de uso:<\/h5>\n<p>-Limpiar el rostro.<\/p>\n<p>-Aplicar NIVEA Essentials Crema facial FPS 15 por la ma\u00f1ana.<\/p>\n<p>-Masajear el producto con suavidad sobre el rostro con los dedos.<\/p>\n<p>-Para \u00f3ptimos resultados utilizar la l\u00ednea completa de NIVEA para piel normal.<\/p>\n<h5>Propiedades:<\/h5>\n<p>-Sin parabenos. Propiedades humectantes.<\/p>\n<p>-No testeado en animales.<\/p>\n<h5>Presentaci\u00f3n:<\/h5>\n<p>50 ml.<\/p>\n","protected":false},"excerpt":{"rendered":"<p>La Crema facial de d\u00eda Nivea Essentials contiene Vitamina E y Antioxidante, dos ingredientes que brindan hidrataci\u00f3n duradera al rostro<\/p>\n","protected":false},"featured_media":8086,"comment_status":"open","ping_status":"closed","template":"","meta":[],"product_brand":[],"product_cat":[237,262,162,264],"product_tag":[],"class_list":{"0":"post-15914","1":"product","2":"type-product","3":"status-publish","4":"has-post-thumbnail","6":"product_cat-belleza","7":"product_cat-promo","8":"product_cat-dermocosmetica","9":"product_cat-ofertas","11":"first","12":"instock","13":"sale","14":"shipping-taxable","15":"purchasable","16":"product-type-simple"},"_links":{"self":[{"href":"https:\/\/farmaciadagostino.com.ar\/sitio\/wp-json\/wp\/v2\/product\/15914","targetHints":{"allow":["GET"]}}],"collection":[{"href":"https:\/\/farmaciadagostino.com.ar\/sitio\/wp-json\/wp\/v2\/product"}],"about":[{"href":"https:\/\/farmaciadagostino.com.ar\/sitio\/wp-json\/wp\/v2\/types\/product"}],"replies":[{"embeddable":true,"href":"https:\/\/farmaciadagostino.com.ar\/sitio\/wp-json\/wp\/v2\/comments?post=15914"}],"wp:featuredmedia":[{"embeddable":true,"href":"https:\/\/farmaciadagostino.com.ar\/sitio\/wp-json\/wp\/v2\/media\/8086"}],"wp:attachment":[{"href":"https:\/\/farmaciadagostino.com.ar\/sitio\/wp-json\/wp\/v2\/media?parent=15914"}],"wp:term":[{"taxonomy":"product_brand","embeddable":true,"href":"https:\/\/farmaciadagostino.com.ar\/sitio\/wp-json\/wp\/v2\/product_brand?post=15914"},{"taxonomy":"product_cat","embeddable":true,"href":"https:\/\/farmaciadagostino.com.ar\/sitio\/wp-json\/wp\/v2\/product_cat?post=15914"},{"taxonomy":"product_tag","embeddable":true,"href":"https:\/\/farmaciadagostino.com.ar\/sitio\/wp-json\/wp\/v2\/product_tag?post=15914"}],"curies":[{"name":"wp","href":"https:\/\/api.w.org\/{rel}","templated":true}]}}