{"id":15915,"date":"2024-07-01T23:27:19","date_gmt":"2024-07-02T02:27:19","guid":{"rendered":"https:\/\/farmaciadagostino.com.ar\/sitio\/producto\/nivea-crema-facial-hidratante-de-dia-essentials-para-piel-seca-fps-15-50-ml\/"},"modified":"2026-03-09T10:25:38","modified_gmt":"2026-03-09T13:25:38","slug":"nivea-crema-facial-hidratante-de-dia-essentials-para-piel-seca-fps-15-50-ml","status":"publish","type":"product","link":"https:\/\/farmaciadagostino.com.ar\/sitio\/producto\/nivea-crema-facial-hidratante-de-dia-essentials-para-piel-seca-fps-15-50-ml\/","title":{"rendered":"Nivea Crema Facial Hidratante de D\u00eda essentials Para Piel Seca Fps 15 50 ml"},"content":{"rendered":"<h5>Descripcion:<\/h5>\n<p>La Crema facial de d\u00eda NIVEA Essentials contiene Vitamina E y Aceite de Almendras de origen natural, ingredientes que nutren la piel y brindan 24 horas de hidrataci\u00f3n intensa. Su f\u00f3rmula con 0% micropl\u00e1sticos contiene FPS 15 que protege la piel de las influencias externas y de los rayos del sol. Es ideal para pieles secas.<\/p>\n<h5>Beneficios:<\/h5>\n<p>&#8211; 24 horas de hidrataci\u00f3n intensa.<\/p>\n<p>&#8211; Nutre la piel.<\/p>\n<p>&#8211; Con FPS 15: protege la piel de los da\u00f1os causados por el sol.<\/p>\n<p>&#8211; F\u00f3rmula con 0% micropl\u00e1sticos.<\/p>\n<p>&#8211; Ideal para piel seca.<\/p>\n<h5>Composici\u00f3n:<\/h5>\n<p>Parfum, Citral, Alpha-Isomethyl Ionone, Geraniol, Limonene, Benzyl Alcohol, Citronellol, Linalool, Butylphenyl Methylpropional, Benzophenone, BHT, Magnolia Officinalis Bark Extract, Trisodium EDTA, Acrylates\/C10-30 Alkyl Acrylate Crosspolymer, Chondrus Crispus Extract, Ethylhexylglycerin, Hydrogenated Palm Glycerides, Sodium Hydroxide, Tocopheryl Acetate, Dimethicone, Potassium Cetyl Phosphate, Phenoxyethanol, Butyl Methoxydibenzoylmethane, C12-15 Alkyl Benzoate, Phenylbenzimidazole Sulfonic Acid, Octocrylene, Triisostearin, Glyceryl Stearate, Methylpropanediol, Cetearyl Alcohol, Butyrospermum Parkii Butter, Glycerin, Aqua.<\/p>\n<h5>Modo de uso:<\/h5>\n<p>1) Limpiar el rostro.<\/p>\n<p>2) Aplicar NIVEA Essentials Crema facial FPS 15 por la ma\u00f1ana.<\/p>\n<p>3) Masajear el producto con suavidad sobre el rostro con los dedos.<\/p>\n<p>4) Para \u00f3ptimos resultados utilizar la l\u00ednea completa de NIVEA para piel seca.<\/p>\n<h5>Propiedades:<\/h5>\n<p>Sin parabenos.<\/p>\n<p>Propiedades humectantes.<\/p>\n<p>No testeado en animales.<\/p>\n<h5>Presentacion:<\/h5>\n<p>50 ml.<\/p>\n","protected":false},"excerpt":{"rendered":"<p>Descripcion:La Crema facial de d\u00eda NIVEA Essentials contiene Vitamina E y Aceite de Almendras de origen natural, ingredientes que nutren la piel y brindan 24 horas de hidrataci\u00f3n intensa<\/p>\n","protected":false},"featured_media":8090,"comment_status":"open","ping_status":"closed","template":"","meta":[],"product_brand":[],"product_cat":[237,162],"product_tag":[],"class_list":{"0":"post-15915","1":"product","2":"type-product","3":"status-publish","4":"has-post-thumbnail","6":"product_cat-belleza","7":"product_cat-dermocosmetica","9":"first","10":"instock","11":"shipping-taxable","12":"purchasable","13":"product-type-simple"},"_links":{"self":[{"href":"https:\/\/farmaciadagostino.com.ar\/sitio\/wp-json\/wp\/v2\/product\/15915","targetHints":{"allow":["GET"]}}],"collection":[{"href":"https:\/\/farmaciadagostino.com.ar\/sitio\/wp-json\/wp\/v2\/product"}],"about":[{"href":"https:\/\/farmaciadagostino.com.ar\/sitio\/wp-json\/wp\/v2\/types\/product"}],"replies":[{"embeddable":true,"href":"https:\/\/farmaciadagostino.com.ar\/sitio\/wp-json\/wp\/v2\/comments?post=15915"}],"wp:featuredmedia":[{"embeddable":true,"href":"https:\/\/farmaciadagostino.com.ar\/sitio\/wp-json\/wp\/v2\/media\/8090"}],"wp:attachment":[{"href":"https:\/\/farmaciadagostino.com.ar\/sitio\/wp-json\/wp\/v2\/media?parent=15915"}],"wp:term":[{"taxonomy":"product_brand","embeddable":true,"href":"https:\/\/farmaciadagostino.com.ar\/sitio\/wp-json\/wp\/v2\/product_brand?post=15915"},{"taxonomy":"product_cat","embeddable":true,"href":"https:\/\/farmaciadagostino.com.ar\/sitio\/wp-json\/wp\/v2\/product_cat?post=15915"},{"taxonomy":"product_tag","embeddable":true,"href":"https:\/\/farmaciadagostino.com.ar\/sitio\/wp-json\/wp\/v2\/product_tag?post=15915"}],"curies":[{"name":"wp","href":"https:\/\/api.w.org\/{rel}","templated":true}]}}