{"id":15916,"date":"2024-07-01T23:27:19","date_gmt":"2024-07-02T02:27:19","guid":{"rendered":"https:\/\/farmaciadagostino.com.ar\/sitio\/producto\/nivea-crema-facial-hidratante-en-gel-rose-care-para-todo-tipo-de-piel-50-ml\/"},"modified":"2026-03-09T10:10:23","modified_gmt":"2026-03-09T13:10:23","slug":"nivea-crema-facial-hidratante-en-gel-rose-care-para-todo-tipo-de-piel-50-ml","status":"publish","type":"product","link":"https:\/\/farmaciadagostino.com.ar\/sitio\/producto\/nivea-crema-facial-hidratante-en-gel-rose-care-para-todo-tipo-de-piel-50-ml\/","title":{"rendered":"Nivea Crema Facial Hidratante en Gel Rose Care Para Todo Tipo de Piel 50 ml"},"content":{"rendered":"<p>La Crema facial hidratante en gel Nivea Rose Care combina el \u00c1cido Hialur\u00f3nico y los beneficios antioxidantes del Agua de Rosas Org\u00e1nica, ingredientes que brindan a la piel una hidrataci\u00f3n profunda hasta por 48 horas. Adem\u00e1s, revitaliza el rostro, dej\u00e1ndolo radiante y saludable. Su textura ligera en gel se absorbe r\u00e1pidamente, otorgando una sensaci\u00f3n de frescura. Es adecuado para todo tipo de pieles, incluso pieles sensibles.<\/p>\n<h5>Beneficios:<\/h5>\n<p>&#8211; 48 horas de hidrataci\u00f3n profunda.<\/p>\n<p>&#8211; Revitaliza la piel.<\/p>\n<p>&#8211; Piel radiante y saludable.<\/p>\n<p>&#8211; R\u00e1pida absorci\u00f3n.<\/p>\n<p>&#8211; Apta para todo tipo de piel.<\/p>\n<h5>Composici\u00f3n:<\/h5>\n<p>Aqua, Glycerin, Alcohol Denat., Cetearyl Alcohol, Distarch Phosphate, Dimethicone, Glyceryl Stearate Citrate, 1,2-Hexanediol, Caprylic\/Capric Triglyceride, Dibutyl Adipate, Myristyl Myristate, Octyldodecanol, Dicaprylyl Carbonate, Cetearyl Isononanoate, Ammonium Acryloyldimethyltaurate\/VP Copolymer, Phenoxyethanol, Carbomer, Trisodium EDTA, Sodium Hydroxide, Rosa Damascena Flower Water, Sodium Hyaluronate, Potassium Sorbate, Sodium Benzoate, Sorbic Acid, Linalool, Geraniol, Citronellol, Limonene, Methyl Benzoate, Tocopherol, Parfum, CI 16035.<\/p>\n<h5>Propiedades:<\/h5>\n<p>-Sin parabenos, sin sal.<\/p>\n<p>&#8211; Propiedades humectantes.<\/p>\n<h5>Modo de Uso:<\/h5>\n<p>&#8211; Limpiar el rostro con Agua micelar bif\u00e1sica NIVEA Rose Care, Leche y t\u00f3nico micelar 2 en 1 NIVEA Rose Care y Gel limpiador micelar NIVEA Rose Care.<\/p>\n<p>&#8211; Aplicar NIVEA Rose Care Crema facial hidratante en gel todas las ma\u00f1anas y noches.<\/p>\n<p>&#8211; Evitar el contacto directo con los ojos.<\/p>\n","protected":false},"excerpt":{"rendered":"<p>La Crema facial hidratante en gel Nivea Rose Care combina el \u00c1cido Hialur\u00f3nico y los beneficios antioxidantes del Agua de Rosas Org\u00e1nica, ingredientes que brindan a la piel una hidrataci\u00f3n profunda hasta por 48 horas<\/p>\n","protected":false},"featured_media":8321,"comment_status":"open","ping_status":"closed","template":"","meta":[],"product_brand":[],"product_cat":[237,262,162,264],"product_tag":[],"class_list":{"0":"post-15916","1":"product","2":"type-product","3":"status-publish","4":"has-post-thumbnail","6":"product_cat-belleza","7":"product_cat-promo","8":"product_cat-dermocosmetica","9":"product_cat-ofertas","11":"first","12":"instock","13":"sale","14":"shipping-taxable","15":"purchasable","16":"product-type-simple"},"_links":{"self":[{"href":"https:\/\/farmaciadagostino.com.ar\/sitio\/wp-json\/wp\/v2\/product\/15916","targetHints":{"allow":["GET"]}}],"collection":[{"href":"https:\/\/farmaciadagostino.com.ar\/sitio\/wp-json\/wp\/v2\/product"}],"about":[{"href":"https:\/\/farmaciadagostino.com.ar\/sitio\/wp-json\/wp\/v2\/types\/product"}],"replies":[{"embeddable":true,"href":"https:\/\/farmaciadagostino.com.ar\/sitio\/wp-json\/wp\/v2\/comments?post=15916"}],"wp:featuredmedia":[{"embeddable":true,"href":"https:\/\/farmaciadagostino.com.ar\/sitio\/wp-json\/wp\/v2\/media\/8321"}],"wp:attachment":[{"href":"https:\/\/farmaciadagostino.com.ar\/sitio\/wp-json\/wp\/v2\/media?parent=15916"}],"wp:term":[{"taxonomy":"product_brand","embeddable":true,"href":"https:\/\/farmaciadagostino.com.ar\/sitio\/wp-json\/wp\/v2\/product_brand?post=15916"},{"taxonomy":"product_cat","embeddable":true,"href":"https:\/\/farmaciadagostino.com.ar\/sitio\/wp-json\/wp\/v2\/product_cat?post=15916"},{"taxonomy":"product_tag","embeddable":true,"href":"https:\/\/farmaciadagostino.com.ar\/sitio\/wp-json\/wp\/v2\/product_tag?post=15916"}],"curies":[{"name":"wp","href":"https:\/\/api.w.org\/{rel}","templated":true}]}}