{"id":15921,"date":"2024-07-01T23:27:20","date_gmt":"2024-07-02T02:27:20","guid":{"rendered":"https:\/\/farmaciadagostino.com.ar\/sitio\/producto\/nivea-gel-exfoliante-facial-de-arroz-purificador-para-todo-tipo-de-piel-75-ml\/"},"modified":"2026-03-09T10:25:38","modified_gmt":"2026-03-09T13:25:38","slug":"nivea-gel-exfoliante-facial-de-arroz-purificador-para-todo-tipo-de-piel-75-ml","status":"publish","type":"product","link":"https:\/\/farmaciadagostino.com.ar\/sitio\/producto\/nivea-gel-exfoliante-facial-de-arroz-purificador-para-todo-tipo-de-piel-75-ml\/","title":{"rendered":"Nivea Gel Exfoliante Facial de Arroz Purificador Para Todo Tipo de Piel 75 ml"},"content":{"rendered":"<p>El Gel exfoliante facial de Arroz NIVEA Purificador exfolia profunda y efectivamente la piel, removiendo las c\u00e9lulas muertas sin causar irritaci\u00f3n en la piel. Adem\u00e1s, refina la superficie de la piel y la revitaliza para que luzca fresca y suave desde la primera aplicaci\u00f3n. Su f\u00f3rmula contiene Semillas de Arroz Japonica que son molidas, tamizadas y mezcladas con jugo de Ar\u00e1ndano, ambos de origen org\u00e1nico. Es adecuado para todo tipo de pieles.<\/p>\n<h5>Beneficios:<\/h5>\n<p>&#8211; Exfolia profunda y efectivamente la piel.<\/p>\n<p>&#8211; Refina y revitaliza la piel.<\/p>\n<p>&#8211; Suaviza la piel desde la primera aplicaci\u00f3n.<\/p>\n<p>&#8211; Piel fresca.<\/p>\n<p>&#8211; Apto para todo tipo de piel.<\/p>\n<h5>Composici\u00f3n:<\/h5>\n<p>Oryza Sativa Powder, Aqua, Coco-Glucoside, Glycerin, Microcrystalline Cellulose, Sodium Cocoyl Glutamate, Acrylates\/C10-30 Alkyl Acrylate Crosspolymer, Vaccinium Myrtillus Fruit Extract, Panthenol, Ethylhexylglycerin, Propylene Glycol, Cocamidopropyl Betaine, Poloxamer 124, PEG-40 Hydrogenated Castor Oil, PEG-200 Hydrogenated Glyceryl Palmate, Sodium Chloride, Trisodium EDTA, Sodium Hydroxide, Phenoxyethanol, Sodium Sulfate, Benzyl Alcohol, Linalool, Parfum.<\/p>\n<h5>Propiedades:<\/h5>\n<p>Sin micropl\u00e1sticos. Sin parabenos.<\/p>\n<p>Propiedades humectantes.<\/p>\n<p>No testeado en animales.<\/p>\n<h5>Modo de Uso:<\/h5>\n<p>1) Humedecer el rostro y aplicar NIVEA Purificador Gel exfoliante facial de Arroz masajeando suavemente, evitando el contacto con el \u00e1rea de los ojos y labios.<\/p>\n<p>2) Enjuagar con agua tibia.<\/p>\n<p>3) Se puede aplicar hasta 4 veces por semana.<\/p>\n","protected":false},"excerpt":{"rendered":"<p>El Gel exfoliante facial de Arroz NIVEA Purificador exfolia profunda y efectivamente la piel, removiendo las c\u00e9lulas muertas sin causar irritaci\u00f3n en la piel<\/p>\n","protected":false},"featured_media":8379,"comment_status":"open","ping_status":"closed","template":"","meta":[],"product_brand":[],"product_cat":[237,162],"product_tag":[],"class_list":{"0":"post-15921","1":"product","2":"type-product","3":"status-publish","4":"has-post-thumbnail","6":"product_cat-belleza","7":"product_cat-dermocosmetica","9":"first","10":"instock","11":"shipping-taxable","12":"purchasable","13":"product-type-simple"},"_links":{"self":[{"href":"https:\/\/farmaciadagostino.com.ar\/sitio\/wp-json\/wp\/v2\/product\/15921","targetHints":{"allow":["GET"]}}],"collection":[{"href":"https:\/\/farmaciadagostino.com.ar\/sitio\/wp-json\/wp\/v2\/product"}],"about":[{"href":"https:\/\/farmaciadagostino.com.ar\/sitio\/wp-json\/wp\/v2\/types\/product"}],"replies":[{"embeddable":true,"href":"https:\/\/farmaciadagostino.com.ar\/sitio\/wp-json\/wp\/v2\/comments?post=15921"}],"wp:featuredmedia":[{"embeddable":true,"href":"https:\/\/farmaciadagostino.com.ar\/sitio\/wp-json\/wp\/v2\/media\/8379"}],"wp:attachment":[{"href":"https:\/\/farmaciadagostino.com.ar\/sitio\/wp-json\/wp\/v2\/media?parent=15921"}],"wp:term":[{"taxonomy":"product_brand","embeddable":true,"href":"https:\/\/farmaciadagostino.com.ar\/sitio\/wp-json\/wp\/v2\/product_brand?post=15921"},{"taxonomy":"product_cat","embeddable":true,"href":"https:\/\/farmaciadagostino.com.ar\/sitio\/wp-json\/wp\/v2\/product_cat?post=15921"},{"taxonomy":"product_tag","embeddable":true,"href":"https:\/\/farmaciadagostino.com.ar\/sitio\/wp-json\/wp\/v2\/product_tag?post=15921"}],"curies":[{"name":"wp","href":"https:\/\/api.w.org\/{rel}","templated":true}]}}