{"id":15923,"date":"2024-07-01T23:27:21","date_gmt":"2024-07-02T02:27:21","guid":{"rendered":"https:\/\/farmaciadagostino.com.ar\/sitio\/producto\/nivea-mascarilla-facial-antiedad-papel-q10-energy-pieles-sensibles-1-unidad\/"},"modified":"2026-03-09T10:18:29","modified_gmt":"2026-03-09T13:18:29","slug":"nivea-mascarilla-facial-antiedad-papel-q10-energy-pieles-sensibles-1-unidad","status":"publish","type":"product","link":"https:\/\/farmaciadagostino.com.ar\/sitio\/producto\/nivea-mascarilla-facial-antiedad-papel-q10-energy-pieles-sensibles-1-unidad\/","title":{"rendered":"Nivea Mascarilla Facial Antiedad Papel Q10 Energy Pieles Sensibles (1 Unidad)"},"content":{"rendered":"<p>La Mascarilla facial antiedad de papel NIVEA Q10 Energy proporciona tres efectos instant\u00e1neos: renueva la piel cansada y opaca, reduce las l\u00edneas finas y nutre la piel. Su f\u00f3rmula combina dos antioxidantes: Coenzima Q10 y Vitamina C, ingredientes que disminuyen las arrugas y signos de vejez de la piel, dej\u00e1ndola renovada, revitalizada y notablemente suavizada. Es adecuada para pieles sensibles.<\/p>\n<h5>Beneficios:<\/h5>\n<p>&#8211; Reduce los signos de fatiga al instante.<\/p>\n<p>&#8211; Hidrataci\u00f3n intensa.<\/p>\n<p>&#8211; Piel renovada, energizada y suavizada.<\/p>\n<p>&#8211; Alisa l\u00edneas finas y arrugas.<\/p>\n<p>&#8211; Ideal para piel sensible.<\/p>\n<h5>Composici\u00f3n:<\/h5>\n<p>Aqua, Glycerin, Pentylene Glycol, Ubiquinone, Sodium Ascorbyl Phosphate, Creatine, 1-Methylhydantoin-2-Imide, Xanthan Gum, PPG-26-Buteth-26, PEG-40 Hydrogenated Castor Oil, Tetrasodium Glutamate Diacetate, Citric Acid, Sodium Hydroxide, Benzyl Alcohol, Linalool, Limonene, Parfum.<\/p>\n<h5>Propiedades:<\/h5>\n<p>Sin parabenos, sin sal.<\/p>\n<p>Propiedades humectantes.<\/p>\n<p>No testeado en animales.<\/p>\n<h5>Modo de Uso:<\/h5>\n<p>1) Desdoblar la Mascarilla facial antiedad de papel NIVEA Q10 Energy y aplicar con cuidado la tela blanca a la piel, asegur\u00e1ndose de que la capa protectora celeste quede hacia afuera.<\/p>\n<p>2) Presionar para asegurar el contacto con la piel.<\/p>\n<p>3) Retirar la capa protectora celeste y ajustar los contornos de la mascarilla al rostro.<\/p>\n<p>4) Dejar actuar la mascarilla durante 10 minutos.<\/p>\n<p>5) Retirar por los bordes lentamente y masajear suavemente cualquier exceso de s\u00e9rum en la piel o usar un disco de algod\u00f3n para remover el residuo.<\/p>\n<p>6) Para un tratamiento extra, masajear el exceso de s\u00e9rum en el cuello y escote.<\/p>\n","protected":false},"excerpt":{"rendered":"<p>La Mascarilla facial antiedad de papel NIVEA Q10 Energy proporciona tres efectos instant\u00e1neos: renueva la piel cansada y opaca, reduce las l\u00edneas finas y nutre la piel<\/p>\n","protected":false},"featured_media":8248,"comment_status":"open","ping_status":"closed","template":"","meta":[],"product_brand":[],"product_cat":[237,162],"product_tag":[],"class_list":{"0":"post-15923","1":"product","2":"type-product","3":"status-publish","4":"has-post-thumbnail","6":"product_cat-belleza","7":"product_cat-dermocosmetica","9":"first","10":"instock","11":"shipping-taxable","12":"purchasable","13":"product-type-simple"},"_links":{"self":[{"href":"https:\/\/farmaciadagostino.com.ar\/sitio\/wp-json\/wp\/v2\/product\/15923","targetHints":{"allow":["GET"]}}],"collection":[{"href":"https:\/\/farmaciadagostino.com.ar\/sitio\/wp-json\/wp\/v2\/product"}],"about":[{"href":"https:\/\/farmaciadagostino.com.ar\/sitio\/wp-json\/wp\/v2\/types\/product"}],"replies":[{"embeddable":true,"href":"https:\/\/farmaciadagostino.com.ar\/sitio\/wp-json\/wp\/v2\/comments?post=15923"}],"wp:featuredmedia":[{"embeddable":true,"href":"https:\/\/farmaciadagostino.com.ar\/sitio\/wp-json\/wp\/v2\/media\/8248"}],"wp:attachment":[{"href":"https:\/\/farmaciadagostino.com.ar\/sitio\/wp-json\/wp\/v2\/media?parent=15923"}],"wp:term":[{"taxonomy":"product_brand","embeddable":true,"href":"https:\/\/farmaciadagostino.com.ar\/sitio\/wp-json\/wp\/v2\/product_brand?post=15923"},{"taxonomy":"product_cat","embeddable":true,"href":"https:\/\/farmaciadagostino.com.ar\/sitio\/wp-json\/wp\/v2\/product_cat?post=15923"},{"taxonomy":"product_tag","embeddable":true,"href":"https:\/\/farmaciadagostino.com.ar\/sitio\/wp-json\/wp\/v2\/product_tag?post=15923"}],"curies":[{"name":"wp","href":"https:\/\/api.w.org\/{rel}","templated":true}]}}