{"id":15924,"date":"2024-07-01T23:27:21","date_gmt":"2024-07-02T02:27:21","guid":{"rendered":"https:\/\/farmaciadagostino.com.ar\/sitio\/producto\/nivea-mascarilla-facial-tela-urban-skin-shot-detox-piel-mixta-a-grasa-1-unidad\/"},"modified":"2026-03-09T10:25:38","modified_gmt":"2026-03-09T13:25:38","slug":"nivea-mascarilla-facial-tela-urban-skin-shot-detox-piel-mixta-a-grasa-1-unidad","status":"publish","type":"product","link":"https:\/\/farmaciadagostino.com.ar\/sitio\/producto\/nivea-mascarilla-facial-tela-urban-skin-shot-detox-piel-mixta-a-grasa-1-unidad\/","title":{"rendered":"Nivea Mascarilla Facial Tela Urban Skin Shot Detox Piel Mixta a Grasa 1 Unidad"},"content":{"rendered":"<p>La Mascarilla facial de tela Nivea Urban Skin Shot Detox limpia profundamente y detoxif\u00edca el rostro. Su f\u00f3rmula matificante contiene T\u00e9 Verde y Carb\u00f3n, ingredientes que ayudan a eliminar la suciedad, dejando la piel con un aspecto suave y fresco. Adem\u00e1s, esta mascarilla de tejido biodegradable relaja y reduce el estr\u00e9s de la piel para que se vea saludable y fresca. Es apta para pieles mixtas a grasas y se puede utilizar hasta dos veces por semana.<\/p>\n<h5>Beneficios:<\/h5>\n<p>&#8211; Detoxifica el rostro.<\/p>\n<p>&#8211; Limpia suave y profundamente.<\/p>\n<p>&#8211; Refresca y matifica la piel.<\/p>\n<p>&#8211; Piel suave y fresca.<\/p>\n<p>&#8211; Ideal para piel mixta a grasa.<\/p>\n<h5>Composici\u00f3n:<\/h5>\n<p>Aqua, Glycerin, Pentylene Glycol, Charcoal Powder, Argania Spinosa Kernel Oil, Magnolia Officinalis Bark Extract, Camellia Sinensis Leaf Extract, Xanthan Gum, PPG-26-Buteth-26, PEG-40 Hydrogenated Castor Oil, Tetrasodium Glutamate Diacetate, 1,2-Hexanediol, Citric Acid, Biosaccharide Gum-4, Sodium Hydroxide, Benzyl Alcohol, Geraniol, Parfum.<\/p>\n<h5>Propiedades:<\/h5>\n<p>&#8211; Sin parabenos, sin sal.<\/p>\n<p>&#8211; No testeado en animales.<\/p>\n<h5>Modo de Uso:<\/h5>\n<p>&#8211; Desdoblar la Mascarilla facial de tela NIVEA Urban Skin Shot Detox y aplicar con cuidado la tela blanca a la piel, asegur\u00e1ndose de que la capa protectora celeste quede hacia afuera. <\/p>\n<p>&#8211; Presionar para asegurar el contacto con la piel.<\/p>\n<p>&#8211; Retirar la capa protectora celeste y ajustar los contornos de la mascarilla al rostro. <\/p>\n<p>&#8211; Dejar actuar la mascarilla durante 10 minutos.<\/p>\n<p>&#8211; Quitar la mascarilla por los bordes lentamente y masajear suavemente cualquier exceso de s\u00e9rum en la piel o usar un disco de algod\u00f3n para remover el residuo.<\/p>\n<p>&#8211; Para un tratamiento extra, masajear el exceso de s\u00e9rum en el cuello y escote.<\/p>\n","protected":false},"excerpt":{"rendered":"<p>La Mascarilla facial de tela Nivea Urban Skin Shot Detox limpia profundamente y detoxif\u00edca el rostro<\/p>\n","protected":false},"featured_media":8245,"comment_status":"open","ping_status":"closed","template":"","meta":[],"product_brand":[],"product_cat":[237,162],"product_tag":[],"class_list":{"0":"post-15924","1":"product","2":"type-product","3":"status-publish","4":"has-post-thumbnail","6":"product_cat-belleza","7":"product_cat-dermocosmetica","9":"first","10":"instock","11":"shipping-taxable","12":"purchasable","13":"product-type-simple"},"_links":{"self":[{"href":"https:\/\/farmaciadagostino.com.ar\/sitio\/wp-json\/wp\/v2\/product\/15924","targetHints":{"allow":["GET"]}}],"collection":[{"href":"https:\/\/farmaciadagostino.com.ar\/sitio\/wp-json\/wp\/v2\/product"}],"about":[{"href":"https:\/\/farmaciadagostino.com.ar\/sitio\/wp-json\/wp\/v2\/types\/product"}],"replies":[{"embeddable":true,"href":"https:\/\/farmaciadagostino.com.ar\/sitio\/wp-json\/wp\/v2\/comments?post=15924"}],"wp:featuredmedia":[{"embeddable":true,"href":"https:\/\/farmaciadagostino.com.ar\/sitio\/wp-json\/wp\/v2\/media\/8245"}],"wp:attachment":[{"href":"https:\/\/farmaciadagostino.com.ar\/sitio\/wp-json\/wp\/v2\/media?parent=15924"}],"wp:term":[{"taxonomy":"product_brand","embeddable":true,"href":"https:\/\/farmaciadagostino.com.ar\/sitio\/wp-json\/wp\/v2\/product_brand?post=15924"},{"taxonomy":"product_cat","embeddable":true,"href":"https:\/\/farmaciadagostino.com.ar\/sitio\/wp-json\/wp\/v2\/product_cat?post=15924"},{"taxonomy":"product_tag","embeddable":true,"href":"https:\/\/farmaciadagostino.com.ar\/sitio\/wp-json\/wp\/v2\/product_tag?post=15924"}],"curies":[{"name":"wp","href":"https:\/\/api.w.org\/{rel}","templated":true}]}}