{"id":15925,"date":"2024-07-01T23:27:21","date_gmt":"2024-07-02T02:27:21","guid":{"rendered":"https:\/\/farmaciadagostino.com.ar\/sitio\/producto\/nivea-mist-facial-refrescante-rose-care-para-todo-tipo-de-piel-150-ml\/"},"modified":"2026-03-09T10:10:24","modified_gmt":"2026-03-09T13:10:24","slug":"nivea-mist-facial-refrescante-rose-care-para-todo-tipo-de-piel-150-ml","status":"publish","type":"product","link":"https:\/\/farmaciadagostino.com.ar\/sitio\/producto\/nivea-mist-facial-refrescante-rose-care-para-todo-tipo-de-piel-150-ml\/","title":{"rendered":"Nivea Mist Facial Refrescante Rose Care Para Todo Tipo de Piel 150 ml"},"content":{"rendered":"<p>El Mist facial refrescante en spray NIVEA Rose Care brinda hidrataci\u00f3n inmediata, intensa y duradera a la piel con el uso regular. Su f\u00f3rmula contiene Agua de Rosas Org\u00e1nica, ingrediente antioxidante que mantiene balanceado el PH de la piel. Al ser org\u00e1nica, est\u00e1 libre de agroqu\u00edmicos o pesticidas. Adem\u00e1s, refresca el rostro y le proporciona suavidad. Viene en formato spray y se puede utilizar en cualquier momento del d\u00eda para humectar la piel. Es adecuado para todo tipo de pieles, incluso en pieles sensibles.<\/p>\n<h5>Beneficios:<\/h5>\n<p>&#8211; Refresca el rostro.<\/p>\n<p>&#8211; Hidrataci\u00f3n intensa, inmediata y duradera.<\/p>\n<p>&#8211; Con Agua de Rosas Org\u00e1nica: antioxidante que mantiene balanceado el PH de la piel.<\/p>\n<p>&#8211; Suaviza la piel.<\/p>\n<p>&#8211; Apto para todo tipo de piel.<\/p>\n<h5>Composici\u00f3n:<\/h5>\n<p>Aqua, Butylene Glycol, Phenoxyethanol, 1,2-Hexanediol, PEG-40 Hydrogenated Castor Oil, Trisodium EDTA, Citric Acid, Rosa Damascena Flower Water, Panthenol, Pantolactone, Potassium Sorbate, Sodium Benzoate, Sorbic Acid, Linalool, Geraniol, Citronellol, Limonene, Methyl Benzoate, Tocopherol, Parfum.<\/p>\n<h5>Propiedades:<\/h5>\n<p>-Sin parabenos, sin sal.<\/p>\n<p>&#8211; Propiedades humectantes.<\/p>\n<h5>Modo de uso:<\/h5>\n<p>&#8211; Para aplicar NIVEA Rose Care Mist facial refrescante mantener la botella a 20 cm del rostro y rociar uniformemente con los ojos cerrados.<\/p>\n<p>&#8211; Usar solo para refrescar la piel o tambi\u00e9n para terminar el maquillaje.<\/p>\n<p>&#8211; Se recomienda utilizar en combinaci\u00f3n con Agua micelar bif\u00e1sica NIVEA Rose Care y Gel limpiador micelar NIVEA Rose Care para limpiar el rostro. Adem\u00e1s, usar la Crema facial en gel NIVEA Rose Care para hidratar la piel.<\/p>\n<h5>Presentaci\u00f3n:<\/h5>\n<p>150 ml.<\/p>\n","protected":false},"excerpt":{"rendered":"<p>El Mist facial refrescante en spray NIVEA Rose Care brinda hidrataci\u00f3n inmediata, intensa y duradera a la piel con el uso regular<\/p>\n","protected":false},"featured_media":8327,"comment_status":"open","ping_status":"closed","template":"","meta":[],"product_brand":[],"product_cat":[237,162],"product_tag":[],"class_list":{"0":"post-15925","1":"product","2":"type-product","3":"status-publish","4":"has-post-thumbnail","6":"product_cat-belleza","7":"product_cat-dermocosmetica","9":"first","10":"instock","11":"shipping-taxable","12":"purchasable","13":"product-type-simple"},"_links":{"self":[{"href":"https:\/\/farmaciadagostino.com.ar\/sitio\/wp-json\/wp\/v2\/product\/15925","targetHints":{"allow":["GET"]}}],"collection":[{"href":"https:\/\/farmaciadagostino.com.ar\/sitio\/wp-json\/wp\/v2\/product"}],"about":[{"href":"https:\/\/farmaciadagostino.com.ar\/sitio\/wp-json\/wp\/v2\/types\/product"}],"replies":[{"embeddable":true,"href":"https:\/\/farmaciadagostino.com.ar\/sitio\/wp-json\/wp\/v2\/comments?post=15925"}],"wp:featuredmedia":[{"embeddable":true,"href":"https:\/\/farmaciadagostino.com.ar\/sitio\/wp-json\/wp\/v2\/media\/8327"}],"wp:attachment":[{"href":"https:\/\/farmaciadagostino.com.ar\/sitio\/wp-json\/wp\/v2\/media?parent=15925"}],"wp:term":[{"taxonomy":"product_brand","embeddable":true,"href":"https:\/\/farmaciadagostino.com.ar\/sitio\/wp-json\/wp\/v2\/product_brand?post=15925"},{"taxonomy":"product_cat","embeddable":true,"href":"https:\/\/farmaciadagostino.com.ar\/sitio\/wp-json\/wp\/v2\/product_cat?post=15925"},{"taxonomy":"product_tag","embeddable":true,"href":"https:\/\/farmaciadagostino.com.ar\/sitio\/wp-json\/wp\/v2\/product_tag?post=15925"}],"curies":[{"name":"wp","href":"https:\/\/api.w.org\/{rel}","templated":true}]}}