{"id":15926,"date":"2024-07-01T23:27:21","date_gmt":"2024-07-02T02:27:21","guid":{"rendered":"https:\/\/farmaciadagostino.com.ar\/sitio\/producto\/nivea-serum-antimanchas-luminous-630-tratamiento-avanzado-30-ml\/"},"modified":"2026-03-09T10:18:32","modified_gmt":"2026-03-09T13:18:32","slug":"nivea-serum-antimanchas-luminous-630-tratamiento-avanzado-30-ml","status":"publish","type":"product","link":"https:\/\/farmaciadagostino.com.ar\/sitio\/producto\/nivea-serum-antimanchas-luminous-630-tratamiento-avanzado-30-ml\/","title":{"rendered":"Nivea Serum Antimanchas Luminous 630 tratamiento Avanzado 30 ml"},"content":{"rendered":"<p>El Serum antimanchas NIVEA Luminous630 act\u00faa sobre la pigmentaci\u00f3n existente para reducir las manchas y prevenir su reaparici\u00f3n con el uso regular. Su f\u00f3rmula combina dos ingredientes: Luminous630 para evitar la sobreproducci\u00f3n de melanina, logrando un tono uniforme de piel; y \u00c1cido Hialur\u00f3nico para hidratar y disminuir los signos de envejecimiento. Adem\u00e1s, es un serum de textura suave que aporta luminosidad al rostro, con resultados visibles a partir de cuatro semanas. Adecuado para todo tipo de piel.<\/p>\n<h5>Beneficios:<\/h5>\n<p>&#8211; Reduce las manchas causadas por el sol, el envejecimiento y los factores hormonales.<\/p>\n<p>&#8211; Unifica el tono de la piel.<\/p>\n<p>&#8211; Aporta luminosidad al rostro.<\/p>\n<p>&#8211; Previene el envejecimiento.<\/p>\n<p>&#8211; Apto para todo tipo de piel.<\/p>\n<h5>Composici\u00f3n:<\/h5>\n<p>Aqua, Isopropyl Palmitate, Cetearyl Isononanoate, Dimethicone, Glycerin, Alcohol Denat., Cocoglycerides, Distarch Phosphate, Butylene Glycol, Methylpropanediol, Tapioca Starch, Isobutylamido Thiazolyl Resorcinol, Sodium Hyaluronate, Tocopheryl Acetate, Stearyl Alcohol, Cetyl Alcohol, Glyceryl Stearate, Sodium Ascorbyl Phosphate, Sodium Stearoyl Glutamate, Sodium Polyacrylate, Acrylates\/C10-30 Alkyl Acrylate Crosspolymer, Trisodium EDTA, Sodium Chloride, Sodium Hydroxide, Sodium Sulfate, Phenoxyethanol, Benzyl Alcohol, Parfum, CI 15985, CI 47005, Vitamina E.<\/p>\n<h5>Propiedades:<\/h5>\n<p>Sin parabenos, sin sal. No testeado en animales.<\/p>\n<h5>Modo de Uso:<\/h5>\n<p>1) Limpiar el rostro.<\/p>\n<p>2) Aplicar a diario el s\u00e9rum de NIVEA Luminous630, ma\u00f1ana y noche, antes de la crema de d\u00eda habitual.<\/p>\n<p>3) Extender el s\u00e9rum por todo el rostro.<\/p>\n<p>4) Para un resultado \u00f3ptimo, se recomienda combinar con NIVEA Luminous630 Antimachas Crema de d\u00eda FPS 50.<\/p>\n<p>5) Reaplicar protecci\u00f3n solar cada dos o tres horas.<\/p>\n<p>RECOMENDACI\u00d3N: Aplicar los productos con Luminous630 como m\u00e1ximo 4 veces al d\u00eda. Evitar el contacto directo con los ojos.<\/p>\n","protected":false},"excerpt":{"rendered":"<p>El Serum antimanchas NIVEA Luminous630 act\u00faa sobre la pigmentaci\u00f3n existente para reducir las manchas y prevenir su reaparici\u00f3n con el uso regular<\/p>\n","protected":false},"featured_media":8301,"comment_status":"open","ping_status":"closed","template":"","meta":[],"product_brand":[],"product_cat":[237,262,162,264],"product_tag":[],"class_list":{"0":"post-15926","1":"product","2":"type-product","3":"status-publish","4":"has-post-thumbnail","6":"product_cat-belleza","7":"product_cat-promo","8":"product_cat-dermocosmetica","9":"product_cat-ofertas","11":"first","12":"instock","13":"sale","14":"shipping-taxable","15":"purchasable","16":"product-type-simple"},"_links":{"self":[{"href":"https:\/\/farmaciadagostino.com.ar\/sitio\/wp-json\/wp\/v2\/product\/15926","targetHints":{"allow":["GET"]}}],"collection":[{"href":"https:\/\/farmaciadagostino.com.ar\/sitio\/wp-json\/wp\/v2\/product"}],"about":[{"href":"https:\/\/farmaciadagostino.com.ar\/sitio\/wp-json\/wp\/v2\/types\/product"}],"replies":[{"embeddable":true,"href":"https:\/\/farmaciadagostino.com.ar\/sitio\/wp-json\/wp\/v2\/comments?post=15926"}],"wp:featuredmedia":[{"embeddable":true,"href":"https:\/\/farmaciadagostino.com.ar\/sitio\/wp-json\/wp\/v2\/media\/8301"}],"wp:attachment":[{"href":"https:\/\/farmaciadagostino.com.ar\/sitio\/wp-json\/wp\/v2\/media?parent=15926"}],"wp:term":[{"taxonomy":"product_brand","embeddable":true,"href":"https:\/\/farmaciadagostino.com.ar\/sitio\/wp-json\/wp\/v2\/product_brand?post=15926"},{"taxonomy":"product_cat","embeddable":true,"href":"https:\/\/farmaciadagostino.com.ar\/sitio\/wp-json\/wp\/v2\/product_cat?post=15926"},{"taxonomy":"product_tag","embeddable":true,"href":"https:\/\/farmaciadagostino.com.ar\/sitio\/wp-json\/wp\/v2\/product_tag?post=15926"}],"curies":[{"name":"wp","href":"https:\/\/api.w.org\/{rel}","templated":true}]}}