{"id":15930,"date":"2024-07-01T23:27:21","date_gmt":"2024-07-02T02:27:21","guid":{"rendered":"https:\/\/farmaciadagostino.com.ar\/sitio\/producto\/teatrical-serum-antiarrugas-30-gr\/"},"modified":"2026-03-09T10:25:39","modified_gmt":"2026-03-09T13:25:39","slug":"teatrical-serum-antiarrugas-30-gr","status":"publish","type":"product","link":"https:\/\/farmaciadagostino.com.ar\/sitio\/producto\/teatrical-serum-antiarrugas-30-gr\/","title":{"rendered":"Teatrical Serum Antiarrugas 30 gr"},"content":{"rendered":"<p>Teatrical Serum Facial Antiarrugas con celulas madre y \u00e1cido hialur\u00f3nico. Reduce arrugas. Reafirma y tonifica la piel. Forma una capa protectora sobre la superficie de la piel que ayuda a protegerla contra la reserquedad. <\/p>\n<p>DERMATOL\u00d3GICAMENTE PROBADO<\/p>\n<p>ANTIARRUGAS: Reduce visiblemente profundidad de arrugas en 4 semanas.<br \/>\n\u00c1CIDO HIALUR\u00d3NICO: Estimula la producci\u00f3n de \u00c1cido Hialur\u00f3nico.<br \/>\nFIRMEZA: Aumento de la firmeza de la piel, para un aspecto m\u00e1s joven.<\/p>\n<p>MODO DE USO:<br \/>\nAplicar por la ma\u00f1ana y noche sobre la piel limpia y ligeramente humedecida. Colocar la cantidad necesaria sobre rostro, cuello y escote, con un suave masaje del centro hacia afuera en el rostro, evitando contacto directo con los ojos, y en forma ascendiente en escote y cuello.<\/p>\n","protected":false},"excerpt":{"rendered":"<p>Teatrical Serum Facial Antiarrugas con celulas madre y \u00e1cido hialur\u00f3nico<\/p>\n","protected":false},"featured_media":12896,"comment_status":"open","ping_status":"closed","template":"","meta":[],"product_brand":[],"product_cat":[237,162],"product_tag":[],"class_list":{"0":"post-15930","1":"product","2":"type-product","3":"status-publish","4":"has-post-thumbnail","6":"product_cat-belleza","7":"product_cat-dermocosmetica","9":"first","10":"instock","11":"shipping-taxable","12":"purchasable","13":"product-type-simple"},"_links":{"self":[{"href":"https:\/\/farmaciadagostino.com.ar\/sitio\/wp-json\/wp\/v2\/product\/15930","targetHints":{"allow":["GET"]}}],"collection":[{"href":"https:\/\/farmaciadagostino.com.ar\/sitio\/wp-json\/wp\/v2\/product"}],"about":[{"href":"https:\/\/farmaciadagostino.com.ar\/sitio\/wp-json\/wp\/v2\/types\/product"}],"replies":[{"embeddable":true,"href":"https:\/\/farmaciadagostino.com.ar\/sitio\/wp-json\/wp\/v2\/comments?post=15930"}],"wp:featuredmedia":[{"embeddable":true,"href":"https:\/\/farmaciadagostino.com.ar\/sitio\/wp-json\/wp\/v2\/media\/12896"}],"wp:attachment":[{"href":"https:\/\/farmaciadagostino.com.ar\/sitio\/wp-json\/wp\/v2\/media?parent=15930"}],"wp:term":[{"taxonomy":"product_brand","embeddable":true,"href":"https:\/\/farmaciadagostino.com.ar\/sitio\/wp-json\/wp\/v2\/product_brand?post=15930"},{"taxonomy":"product_cat","embeddable":true,"href":"https:\/\/farmaciadagostino.com.ar\/sitio\/wp-json\/wp\/v2\/product_cat?post=15930"},{"taxonomy":"product_tag","embeddable":true,"href":"https:\/\/farmaciadagostino.com.ar\/sitio\/wp-json\/wp\/v2\/product_tag?post=15930"}],"curies":[{"name":"wp","href":"https:\/\/api.w.org\/{rel}","templated":true}]}}