{"id":15932,"date":"2024-07-01T23:27:22","date_gmt":"2024-07-02T02:27:22","guid":{"rendered":"https:\/\/farmaciadagostino.com.ar\/sitio\/producto\/body-care-talle-m\/"},"modified":"2026-03-09T10:18:32","modified_gmt":"2026-03-09T13:18:32","slug":"body-care-talle-m","status":"publish","type":"product","link":"https:\/\/farmaciadagostino.com.ar\/sitio\/producto\/body-care-talle-m\/","title":{"rendered":"Body Care Talle m"},"content":{"rendered":"<p>INDICACIONES:<br \/>\nSoporte lumbar. Afecciones lumboci\u00e1ticas. Post-quir\u00fargicos. Patolog\u00edas lumbosacras. Traumatismo de columna. Trabajo sentado y con sobre-esfuerzo lumbar.<\/p>\n<p>CARACTERISTICAS TECNICAS:<br \/>\nConfeccionado en el\u00e1stico. Cuatro ballenas posteriores. Doble sujeci\u00f3n el\u00e1stica. Dise\u00f1o anat\u00f3mico. Tres bandas independientes (mayor compresi\u00f3n y contenci\u00f3n).<\/p>\n","protected":false},"excerpt":{"rendered":"<p>INDICACIONES:<br \/>\nSoporte lumbar<\/p>\n","protected":false},"featured_media":12370,"comment_status":"open","ping_status":"closed","template":"","meta":[],"product_brand":[],"product_cat":[149],"product_tag":[],"class_list":{"0":"post-15932","1":"product","2":"type-product","3":"status-publish","4":"has-post-thumbnail","6":"product_cat-farmacia","8":"first","9":"instock","10":"shipping-taxable","11":"purchasable","12":"product-type-simple"},"_links":{"self":[{"href":"https:\/\/farmaciadagostino.com.ar\/sitio\/wp-json\/wp\/v2\/product\/15932","targetHints":{"allow":["GET"]}}],"collection":[{"href":"https:\/\/farmaciadagostino.com.ar\/sitio\/wp-json\/wp\/v2\/product"}],"about":[{"href":"https:\/\/farmaciadagostino.com.ar\/sitio\/wp-json\/wp\/v2\/types\/product"}],"replies":[{"embeddable":true,"href":"https:\/\/farmaciadagostino.com.ar\/sitio\/wp-json\/wp\/v2\/comments?post=15932"}],"wp:featuredmedia":[{"embeddable":true,"href":"https:\/\/farmaciadagostino.com.ar\/sitio\/wp-json\/wp\/v2\/media\/12370"}],"wp:attachment":[{"href":"https:\/\/farmaciadagostino.com.ar\/sitio\/wp-json\/wp\/v2\/media?parent=15932"}],"wp:term":[{"taxonomy":"product_brand","embeddable":true,"href":"https:\/\/farmaciadagostino.com.ar\/sitio\/wp-json\/wp\/v2\/product_brand?post=15932"},{"taxonomy":"product_cat","embeddable":true,"href":"https:\/\/farmaciadagostino.com.ar\/sitio\/wp-json\/wp\/v2\/product_cat?post=15932"},{"taxonomy":"product_tag","embeddable":true,"href":"https:\/\/farmaciadagostino.com.ar\/sitio\/wp-json\/wp\/v2\/product_tag?post=15932"}],"curies":[{"name":"wp","href":"https:\/\/api.w.org\/{rel}","templated":true}]}}