{"id":16016,"date":"2024-07-01T23:27:49","date_gmt":"2024-07-02T02:27:49","guid":{"rendered":"https:\/\/farmaciadagostino.com.ar\/sitio\/producto\/bensimon-fragancia-brave-edp-for-men-100-ml\/"},"modified":"2026-03-09T10:10:25","modified_gmt":"2026-03-09T13:10:25","slug":"bensimon-fragancia-brave-edp-for-men-100-ml","status":"publish","type":"product","link":"https:\/\/farmaciadagostino.com.ar\/sitio\/producto\/bensimon-fragancia-brave-edp-for-men-100-ml\/","title":{"rendered":"Bensimon Fragancia Brave Edp For Men 100 ml"},"content":{"rendered":"<p>EDP Bensimon Brave x 100 ml. Un eau de parfum carism\u00e1tico, magn\u00e9tico e irresistible. Una fragancia que combina notas de  c\u00edtricos y  un gin tonic mentolado  en su salida para dar una sensaci\u00f3n amarga-c\u00edtrica- refrescante  , entrando  luego a un coraz\u00f3n de notas secas conformada por  un car\u00e1cter picante y especiado gracias al , cardamomo,coriandro y pimienta negra para finalizar con una sensaci\u00f3n de sensualidad que se consigue a trav\u00e9s de notas cremosas de s\u00e1ndalo y haba tonka y musk. <\/p>\n","protected":false},"excerpt":{"rendered":"<p>EDP Bensimon Brave x 100 ml<\/p>\n","protected":false},"featured_media":13213,"comment_status":"open","ping_status":"closed","template":"","meta":[],"product_brand":[],"product_cat":[237],"product_tag":[],"class_list":{"0":"post-16016","1":"product","2":"type-product","3":"status-publish","4":"has-post-thumbnail","6":"product_cat-belleza","8":"first","9":"instock","10":"shipping-taxable","11":"purchasable","12":"product-type-simple"},"_links":{"self":[{"href":"https:\/\/farmaciadagostino.com.ar\/sitio\/wp-json\/wp\/v2\/product\/16016","targetHints":{"allow":["GET"]}}],"collection":[{"href":"https:\/\/farmaciadagostino.com.ar\/sitio\/wp-json\/wp\/v2\/product"}],"about":[{"href":"https:\/\/farmaciadagostino.com.ar\/sitio\/wp-json\/wp\/v2\/types\/product"}],"replies":[{"embeddable":true,"href":"https:\/\/farmaciadagostino.com.ar\/sitio\/wp-json\/wp\/v2\/comments?post=16016"}],"wp:featuredmedia":[{"embeddable":true,"href":"https:\/\/farmaciadagostino.com.ar\/sitio\/wp-json\/wp\/v2\/media\/13213"}],"wp:attachment":[{"href":"https:\/\/farmaciadagostino.com.ar\/sitio\/wp-json\/wp\/v2\/media?parent=16016"}],"wp:term":[{"taxonomy":"product_brand","embeddable":true,"href":"https:\/\/farmaciadagostino.com.ar\/sitio\/wp-json\/wp\/v2\/product_brand?post=16016"},{"taxonomy":"product_cat","embeddable":true,"href":"https:\/\/farmaciadagostino.com.ar\/sitio\/wp-json\/wp\/v2\/product_cat?post=16016"},{"taxonomy":"product_tag","embeddable":true,"href":"https:\/\/farmaciadagostino.com.ar\/sitio\/wp-json\/wp\/v2\/product_tag?post=16016"}],"curies":[{"name":"wp","href":"https:\/\/api.w.org\/{rel}","templated":true}]}}