{"id":16091,"date":"2024-07-01T23:28:12","date_gmt":"2024-07-02T02:28:12","guid":{"rendered":"https:\/\/farmaciadagostino.com.ar\/sitio\/producto\/asepxia-jabon-exfoliante-100-gr\/"},"modified":"2026-03-09T10:25:40","modified_gmt":"2026-03-09T13:25:40","slug":"asepxia-jabon-exfoliante-100-gr","status":"publish","type":"product","link":"https:\/\/farmaciadagostino.com.ar\/sitio\/producto\/asepxia-jabon-exfoliante-100-gr\/","title":{"rendered":"Asepxia Jab\u00f3n Exfoliante 100 gr"},"content":{"rendered":"<p>Jab\u00f3n Asepxia en barra con efecto exfoliante, su nueva f\u00f3rmula hidro-force presenta una mezcla \u00fanica de \u00e1cido salic\u00edlico y glic\u00f3lico combinado con extractos de ingredientes naturales. Efecto sin puntos negros. Brinda una m\u00e1xima concentraci\u00f3n contra las imperfecciones. Enriquecido con microesferas de jojoba.<\/p>\n<h5>Beneficios:<\/h5>\n<p>&#8211; ADI\u00d3S PUNTOS NEGROS: Exfolia suavemente la piel sin da\u00f1arla, eliminando c\u00e9lulas muertas y ayudando a eliminar puntos negros.<\/p>\n<p>&#8211; HIDRO-FORCE: Contiene agentes hidratantes, para limpiar sin resecar tu rostro.<\/p>\n<p>&#8211; ESFERAS DE JOJOBA: Enriquecido con microesferas de jojoba y \u00e1cido salic\u00edlico.<\/p>\n<p>&#8211; LIMPIEZA EXFOLIANTE: La combinaci\u00f3n del \u00e1cido glic\u00f3lico con el \u00e1cido salic\u00edlico contribuyen a la disminuci\u00f3n de granitos y puntos negros. De esta forma mejora el aspecto general y la textura de la piel. <\/p>\n<h5>Modo de uso:<\/h5>\n<p>En la ma\u00f1ana y en la noche, lava tu cara con agua y Jab\u00f3n Asepxia Exfoliante dando un ligero masaje insistiendo en las zonas quetiendan a presentar imperfecciones. Luego enjuaga con abundante agua.<\/p>\n<h5>Presentaci\u00f3n:<\/h5>\n<p>100 g.<\/p>\n","protected":false},"excerpt":{"rendered":"<p>Jab\u00f3n Asepxia en barra con efecto exfoliante, su nueva f\u00f3rmula hidro-force presenta una mezcla \u00fanica de \u00e1cido salic\u00edlico y glic\u00f3lico combinado con extractos de ingredientes naturales<\/p>\n","protected":false},"featured_media":7241,"comment_status":"open","ping_status":"closed","template":"","meta":[],"product_brand":[],"product_cat":[237,162],"product_tag":[],"class_list":{"0":"post-16091","1":"product","2":"type-product","3":"status-publish","4":"has-post-thumbnail","6":"product_cat-belleza","7":"product_cat-dermocosmetica","9":"first","10":"instock","11":"shipping-taxable","12":"purchasable","13":"product-type-simple"},"_links":{"self":[{"href":"https:\/\/farmaciadagostino.com.ar\/sitio\/wp-json\/wp\/v2\/product\/16091","targetHints":{"allow":["GET"]}}],"collection":[{"href":"https:\/\/farmaciadagostino.com.ar\/sitio\/wp-json\/wp\/v2\/product"}],"about":[{"href":"https:\/\/farmaciadagostino.com.ar\/sitio\/wp-json\/wp\/v2\/types\/product"}],"replies":[{"embeddable":true,"href":"https:\/\/farmaciadagostino.com.ar\/sitio\/wp-json\/wp\/v2\/comments?post=16091"}],"wp:featuredmedia":[{"embeddable":true,"href":"https:\/\/farmaciadagostino.com.ar\/sitio\/wp-json\/wp\/v2\/media\/7241"}],"wp:attachment":[{"href":"https:\/\/farmaciadagostino.com.ar\/sitio\/wp-json\/wp\/v2\/media?parent=16091"}],"wp:term":[{"taxonomy":"product_brand","embeddable":true,"href":"https:\/\/farmaciadagostino.com.ar\/sitio\/wp-json\/wp\/v2\/product_brand?post=16091"},{"taxonomy":"product_cat","embeddable":true,"href":"https:\/\/farmaciadagostino.com.ar\/sitio\/wp-json\/wp\/v2\/product_cat?post=16091"},{"taxonomy":"product_tag","embeddable":true,"href":"https:\/\/farmaciadagostino.com.ar\/sitio\/wp-json\/wp\/v2\/product_tag?post=16091"}],"curies":[{"name":"wp","href":"https:\/\/api.w.org\/{rel}","templated":true}]}}