{"id":16148,"date":"2024-07-01T23:28:28","date_gmt":"2024-07-02T02:28:28","guid":{"rendered":"https:\/\/farmaciadagostino.com.ar\/sitio\/producto\/veritas-jabon-glicerina-bebe-120-gr\/"},"modified":"2026-03-09T10:25:41","modified_gmt":"2026-03-09T13:25:41","slug":"veritas-jabon-glicerina-bebe-120-gr","status":"publish","type":"product","link":"https:\/\/farmaciadagostino.com.ar\/sitio\/producto\/veritas-jabon-glicerina-bebe-120-gr\/","title":{"rendered":"Veritas Jabon Glicerina Bebe 120 gr"},"content":{"rendered":"<p>Suave jab\u00f3n de glicerina hipoalerg\u00e9nico sin perfume y de gran transparencia natural debido a su proceso de elaboraci\u00f3n \u00fanico en el mercado. Especialmente indicado para la piel sensible del beb\u00e9, por no contener aditivos ni conservantes. Puede ser utilizado diariamente ya que su suave y rica espuma limpia sin irritar y se enjuaga sin dejar residuo.<\/p>\n","protected":false},"excerpt":{"rendered":"<p>Suave jab\u00f3n de glicerina hipoalerg\u00e9nico sin perfume y de gran transparencia natural debido a su proceso de elaboraci\u00f3n \u00fanico en el mercado<\/p>\n","protected":false},"featured_media":19092,"comment_status":"open","ping_status":"closed","template":"","meta":[],"product_brand":[],"product_cat":[152],"product_tag":[],"class_list":{"0":"post-16148","1":"product","2":"type-product","3":"status-publish","4":"has-post-thumbnail","6":"product_cat-cuidado-personal","8":"first","9":"instock","10":"shipping-taxable","11":"purchasable","12":"product-type-simple"},"_links":{"self":[{"href":"https:\/\/farmaciadagostino.com.ar\/sitio\/wp-json\/wp\/v2\/product\/16148","targetHints":{"allow":["GET"]}}],"collection":[{"href":"https:\/\/farmaciadagostino.com.ar\/sitio\/wp-json\/wp\/v2\/product"}],"about":[{"href":"https:\/\/farmaciadagostino.com.ar\/sitio\/wp-json\/wp\/v2\/types\/product"}],"replies":[{"embeddable":true,"href":"https:\/\/farmaciadagostino.com.ar\/sitio\/wp-json\/wp\/v2\/comments?post=16148"}],"wp:featuredmedia":[{"embeddable":true,"href":"https:\/\/farmaciadagostino.com.ar\/sitio\/wp-json\/wp\/v2\/media\/19092"}],"wp:attachment":[{"href":"https:\/\/farmaciadagostino.com.ar\/sitio\/wp-json\/wp\/v2\/media?parent=16148"}],"wp:term":[{"taxonomy":"product_brand","embeddable":true,"href":"https:\/\/farmaciadagostino.com.ar\/sitio\/wp-json\/wp\/v2\/product_brand?post=16148"},{"taxonomy":"product_cat","embeddable":true,"href":"https:\/\/farmaciadagostino.com.ar\/sitio\/wp-json\/wp\/v2\/product_cat?post=16148"},{"taxonomy":"product_tag","embeddable":true,"href":"https:\/\/farmaciadagostino.com.ar\/sitio\/wp-json\/wp\/v2\/product_tag?post=16148"}],"curies":[{"name":"wp","href":"https:\/\/api.w.org\/{rel}","templated":true}]}}