{"id":16149,"date":"2024-07-01T23:28:28","date_gmt":"2024-07-02T02:28:28","guid":{"rendered":"https:\/\/farmaciadagostino.com.ar\/sitio\/producto\/veritas-jabon-glicerina-bebe-por-120-grs\/"},"modified":"2026-03-09T10:10:26","modified_gmt":"2026-03-09T13:10:26","slug":"veritas-jabon-glicerina-bebe-por-120-grs","status":"publish","type":"product","link":"https:\/\/farmaciadagostino.com.ar\/sitio\/producto\/veritas-jabon-glicerina-bebe-por-120-grs\/","title":{"rendered":"Veritas Jabon Glicerina Bebe Por 120 grs"},"content":{"rendered":"<p>Jabon l\u00edquido de glicerina dise\u00f1ado para la delicada piel de los beb\u00e9s.<\/p>\n","protected":false},"excerpt":{"rendered":"<p>Jabon l\u00edquido de glicerina dise\u00f1ado para la delicada piel de los beb\u00e9s<\/p>\n","protected":false},"featured_media":19088,"comment_status":"open","ping_status":"closed","template":"","meta":[],"product_brand":[],"product_cat":[152],"product_tag":[],"class_list":{"0":"post-16149","1":"product","2":"type-product","3":"status-publish","4":"has-post-thumbnail","6":"product_cat-cuidado-personal","8":"first","9":"instock","10":"shipping-taxable","11":"purchasable","12":"product-type-simple"},"_links":{"self":[{"href":"https:\/\/farmaciadagostino.com.ar\/sitio\/wp-json\/wp\/v2\/product\/16149","targetHints":{"allow":["GET"]}}],"collection":[{"href":"https:\/\/farmaciadagostino.com.ar\/sitio\/wp-json\/wp\/v2\/product"}],"about":[{"href":"https:\/\/farmaciadagostino.com.ar\/sitio\/wp-json\/wp\/v2\/types\/product"}],"replies":[{"embeddable":true,"href":"https:\/\/farmaciadagostino.com.ar\/sitio\/wp-json\/wp\/v2\/comments?post=16149"}],"wp:featuredmedia":[{"embeddable":true,"href":"https:\/\/farmaciadagostino.com.ar\/sitio\/wp-json\/wp\/v2\/media\/19088"}],"wp:attachment":[{"href":"https:\/\/farmaciadagostino.com.ar\/sitio\/wp-json\/wp\/v2\/media?parent=16149"}],"wp:term":[{"taxonomy":"product_brand","embeddable":true,"href":"https:\/\/farmaciadagostino.com.ar\/sitio\/wp-json\/wp\/v2\/product_brand?post=16149"},{"taxonomy":"product_cat","embeddable":true,"href":"https:\/\/farmaciadagostino.com.ar\/sitio\/wp-json\/wp\/v2\/product_cat?post=16149"},{"taxonomy":"product_tag","embeddable":true,"href":"https:\/\/farmaciadagostino.com.ar\/sitio\/wp-json\/wp\/v2\/product_tag?post=16149"}],"curies":[{"name":"wp","href":"https:\/\/api.w.org\/{rel}","templated":true}]}}