{"id":16158,"date":"2024-07-01T23:28:31","date_gmt":"2024-07-02T02:28:31","guid":{"rendered":"https:\/\/farmaciadagostino.com.ar\/sitio\/producto\/veritas-jabon-glicerina-y-nectar-de-frutas-3-unidades-por-120-grs\/"},"modified":"2026-03-09T10:10:26","modified_gmt":"2026-03-09T13:10:26","slug":"veritas-jabon-glicerina-y-nectar-de-frutas-3-unidades-por-120-grs","status":"publish","type":"product","link":"https:\/\/farmaciadagostino.com.ar\/sitio\/producto\/veritas-jabon-glicerina-y-nectar-de-frutas-3-unidades-por-120-grs\/","title":{"rendered":"Veritas Jabon Glicerina Y Nectar de Frutas 3 Unidades Por 120 grs"},"content":{"rendered":"<p>Su delicada composici\u00f3n de glicerina, extractos y suaves fragancias brinda una sensaci\u00f3n de suavidad a la piel a la vez que la limpia profundamente. Al estar formulada con ingredientes de origen natural, resulta ideal para el uso diario. N\u00e9ctar de Frutas: su delicada combinaci\u00f3n natural de glicerina y n\u00e9ctar de frutas brinda un lavado diario no agresivo, manteniendo la suavidad natural de tu piel.<\/p>\n","protected":false},"excerpt":{"rendered":"<p>Su delicada composici\u00f3n de glicerina, extractos y suaves fragancias brinda una sensaci\u00f3n de suavidad a la piel a la vez que la limpia profundamente<\/p>\n","protected":false},"featured_media":19091,"comment_status":"open","ping_status":"closed","template":"","meta":[],"product_brand":[],"product_cat":[152],"product_tag":[],"class_list":{"0":"post-16158","1":"product","2":"type-product","3":"status-publish","4":"has-post-thumbnail","6":"product_cat-cuidado-personal","8":"first","9":"instock","10":"shipping-taxable","11":"purchasable","12":"product-type-simple"},"_links":{"self":[{"href":"https:\/\/farmaciadagostino.com.ar\/sitio\/wp-json\/wp\/v2\/product\/16158","targetHints":{"allow":["GET"]}}],"collection":[{"href":"https:\/\/farmaciadagostino.com.ar\/sitio\/wp-json\/wp\/v2\/product"}],"about":[{"href":"https:\/\/farmaciadagostino.com.ar\/sitio\/wp-json\/wp\/v2\/types\/product"}],"replies":[{"embeddable":true,"href":"https:\/\/farmaciadagostino.com.ar\/sitio\/wp-json\/wp\/v2\/comments?post=16158"}],"wp:featuredmedia":[{"embeddable":true,"href":"https:\/\/farmaciadagostino.com.ar\/sitio\/wp-json\/wp\/v2\/media\/19091"}],"wp:attachment":[{"href":"https:\/\/farmaciadagostino.com.ar\/sitio\/wp-json\/wp\/v2\/media?parent=16158"}],"wp:term":[{"taxonomy":"product_brand","embeddable":true,"href":"https:\/\/farmaciadagostino.com.ar\/sitio\/wp-json\/wp\/v2\/product_brand?post=16158"},{"taxonomy":"product_cat","embeddable":true,"href":"https:\/\/farmaciadagostino.com.ar\/sitio\/wp-json\/wp\/v2\/product_cat?post=16158"},{"taxonomy":"product_tag","embeddable":true,"href":"https:\/\/farmaciadagostino.com.ar\/sitio\/wp-json\/wp\/v2\/product_tag?post=16158"}],"curies":[{"name":"wp","href":"https:\/\/api.w.org\/{rel}","templated":true}]}}