{"id":16174,"date":"2024-07-01T23:28:33","date_gmt":"2024-07-02T02:28:33","guid":{"rendered":"https:\/\/farmaciadagostino.com.ar\/sitio\/producto\/palmolive-jabon-liquido-nutri-milk-leche-vegetal-de-almendras-250-ml\/"},"modified":"2026-03-09T10:10:26","modified_gmt":"2026-03-09T13:10:26","slug":"palmolive-jabon-liquido-nutri-milk-leche-vegetal-de-almendras-250-ml","status":"publish","type":"product","link":"https:\/\/farmaciadagostino.com.ar\/sitio\/producto\/palmolive-jabon-liquido-nutri-milk-leche-vegetal-de-almendras-250-ml\/","title":{"rendered":"Palmolive Jab\u00f3n L\u00edquido Nutri Milk Leche Vegetal de Almendras 250 ml"},"content":{"rendered":"<p>Devuelve diariamente la hidrataci\u00f3n natural de la piel. Conoce su f\u00f3rmula elaborada con ingredientes de origen natural ofrecen un cuidado para tu piel y la de toda tu familia.<\/p>\n<h5>Beneficios:<\/h5>\n<p> Poder de hidrataci\u00f3n: F\u00f3rmula con prote\u00ednas de leche, grandes aliadas de la nutrici\u00f3n de la piel. Mejor sensaci\u00f3n en la piel comparado con otros jabones regulares.<\/p>\n","protected":false},"excerpt":{"rendered":"<p>Devuelve diariamente la hidrataci\u00f3n natural de la piel<\/p>\n","protected":false},"featured_media":9183,"comment_status":"open","ping_status":"closed","template":"","meta":[],"product_brand":[],"product_cat":[152],"product_tag":[],"class_list":{"0":"post-16174","1":"product","2":"type-product","3":"status-publish","4":"has-post-thumbnail","6":"product_cat-cuidado-personal","8":"first","9":"instock","10":"shipping-taxable","11":"purchasable","12":"product-type-simple"},"_links":{"self":[{"href":"https:\/\/farmaciadagostino.com.ar\/sitio\/wp-json\/wp\/v2\/product\/16174","targetHints":{"allow":["GET"]}}],"collection":[{"href":"https:\/\/farmaciadagostino.com.ar\/sitio\/wp-json\/wp\/v2\/product"}],"about":[{"href":"https:\/\/farmaciadagostino.com.ar\/sitio\/wp-json\/wp\/v2\/types\/product"}],"replies":[{"embeddable":true,"href":"https:\/\/farmaciadagostino.com.ar\/sitio\/wp-json\/wp\/v2\/comments?post=16174"}],"wp:featuredmedia":[{"embeddable":true,"href":"https:\/\/farmaciadagostino.com.ar\/sitio\/wp-json\/wp\/v2\/media\/9183"}],"wp:attachment":[{"href":"https:\/\/farmaciadagostino.com.ar\/sitio\/wp-json\/wp\/v2\/media?parent=16174"}],"wp:term":[{"taxonomy":"product_brand","embeddable":true,"href":"https:\/\/farmaciadagostino.com.ar\/sitio\/wp-json\/wp\/v2\/product_brand?post=16174"},{"taxonomy":"product_cat","embeddable":true,"href":"https:\/\/farmaciadagostino.com.ar\/sitio\/wp-json\/wp\/v2\/product_cat?post=16174"},{"taxonomy":"product_tag","embeddable":true,"href":"https:\/\/farmaciadagostino.com.ar\/sitio\/wp-json\/wp\/v2\/product_tag?post=16174"}],"curies":[{"name":"wp","href":"https:\/\/api.w.org\/{rel}","templated":true}]}}