{"id":16217,"date":"2024-07-01T23:28:52","date_gmt":"2024-07-02T02:28:52","guid":{"rendered":"https:\/\/farmaciadagostino.com.ar\/sitio\/producto\/vogue-labial-liquido-resist-romantica\/"},"modified":"2026-03-09T10:25:41","modified_gmt":"2026-03-09T13:25:41","slug":"vogue-labial-liquido-resist-romantica","status":"publish","type":"product","link":"https:\/\/farmaciadagostino.com.ar\/sitio\/producto\/vogue-labial-liquido-resist-romantica\/","title":{"rendered":"Vogue Labial L\u00edquido Resist Romantica"},"content":{"rendered":"<p>Labial l\u00edquido de larga duraci\u00f3n, no transfiere y acabado 100% mate con incre\u00edbles colores intensos de alta cobertura, a prueba de besos con suave y cremosa aplicaci\u00f3n.<\/p>\n","protected":false},"excerpt":{"rendered":"<p>Labial l\u00edquido de larga duraci\u00f3n, no transfiere y acabado 100% mate con incre\u00edbles colores intensos de alta cobertura, a prueba de besos con suave y cremosa aplicaci\u00f3n<\/p>\n","protected":false},"featured_media":9631,"comment_status":"open","ping_status":"closed","template":"","meta":[],"product_brand":[],"product_cat":[237,265],"product_tag":[],"class_list":{"0":"post-16217","1":"product","2":"type-product","3":"status-publish","4":"has-post-thumbnail","6":"product_cat-belleza","7":"product_cat-maquillaje","9":"first","10":"instock","11":"shipping-taxable","12":"purchasable","13":"product-type-simple"},"_links":{"self":[{"href":"https:\/\/farmaciadagostino.com.ar\/sitio\/wp-json\/wp\/v2\/product\/16217","targetHints":{"allow":["GET"]}}],"collection":[{"href":"https:\/\/farmaciadagostino.com.ar\/sitio\/wp-json\/wp\/v2\/product"}],"about":[{"href":"https:\/\/farmaciadagostino.com.ar\/sitio\/wp-json\/wp\/v2\/types\/product"}],"replies":[{"embeddable":true,"href":"https:\/\/farmaciadagostino.com.ar\/sitio\/wp-json\/wp\/v2\/comments?post=16217"}],"wp:featuredmedia":[{"embeddable":true,"href":"https:\/\/farmaciadagostino.com.ar\/sitio\/wp-json\/wp\/v2\/media\/9631"}],"wp:attachment":[{"href":"https:\/\/farmaciadagostino.com.ar\/sitio\/wp-json\/wp\/v2\/media?parent=16217"}],"wp:term":[{"taxonomy":"product_brand","embeddable":true,"href":"https:\/\/farmaciadagostino.com.ar\/sitio\/wp-json\/wp\/v2\/product_brand?post=16217"},{"taxonomy":"product_cat","embeddable":true,"href":"https:\/\/farmaciadagostino.com.ar\/sitio\/wp-json\/wp\/v2\/product_cat?post=16217"},{"taxonomy":"product_tag","embeddable":true,"href":"https:\/\/farmaciadagostino.com.ar\/sitio\/wp-json\/wp\/v2\/product_tag?post=16217"}],"curies":[{"name":"wp","href":"https:\/\/api.w.org\/{rel}","templated":true}]}}