{"id":16283,"date":"2024-07-01T23:31:20","date_gmt":"2024-07-02T02:31:20","guid":{"rendered":"https:\/\/farmaciadagostino.com.ar\/sitio\/producto\/vital-infantil-2-nf-200-ml\/"},"modified":"2026-03-09T10:10:30","modified_gmt":"2026-03-09T13:10:30","slug":"vital-infantil-2-nf-200-ml","status":"publish","type":"product","link":"https:\/\/farmaciadagostino.com.ar\/sitio\/producto\/vital-infantil-2-nf-200-ml\/","title":{"rendered":"Vital Infantil 2 Nf 200 ml"},"content":{"rendered":"<p>Es una f\u00f3rmula l\u00e1ctea de continuaci\u00f3n, para lactantes a partir de los 6 meses, libre de gluten. Fortificada con calcio, hierro, zinc, vitaminas A, D y C, con \u00e1cidos grasos poliinsaturados de cadena larga.<\/p>\n","protected":false},"excerpt":{"rendered":"<p>Es una f\u00f3rmula l\u00e1ctea de continuaci\u00f3n, para lactantes a partir de los 6 meses, libre de gluten<\/p>\n","protected":false},"featured_media":12017,"comment_status":"open","ping_status":"closed","template":"","meta":[],"product_brand":[],"product_cat":[177],"product_tag":[],"class_list":{"0":"post-16283","1":"product","2":"type-product","3":"status-publish","4":"has-post-thumbnail","6":"product_cat-bebe-maternidad","8":"first","9":"instock","10":"shipping-taxable","11":"purchasable","12":"product-type-simple"},"_links":{"self":[{"href":"https:\/\/farmaciadagostino.com.ar\/sitio\/wp-json\/wp\/v2\/product\/16283","targetHints":{"allow":["GET"]}}],"collection":[{"href":"https:\/\/farmaciadagostino.com.ar\/sitio\/wp-json\/wp\/v2\/product"}],"about":[{"href":"https:\/\/farmaciadagostino.com.ar\/sitio\/wp-json\/wp\/v2\/types\/product"}],"replies":[{"embeddable":true,"href":"https:\/\/farmaciadagostino.com.ar\/sitio\/wp-json\/wp\/v2\/comments?post=16283"}],"wp:featuredmedia":[{"embeddable":true,"href":"https:\/\/farmaciadagostino.com.ar\/sitio\/wp-json\/wp\/v2\/media\/12017"}],"wp:attachment":[{"href":"https:\/\/farmaciadagostino.com.ar\/sitio\/wp-json\/wp\/v2\/media?parent=16283"}],"wp:term":[{"taxonomy":"product_brand","embeddable":true,"href":"https:\/\/farmaciadagostino.com.ar\/sitio\/wp-json\/wp\/v2\/product_brand?post=16283"},{"taxonomy":"product_cat","embeddable":true,"href":"https:\/\/farmaciadagostino.com.ar\/sitio\/wp-json\/wp\/v2\/product_cat?post=16283"},{"taxonomy":"product_tag","embeddable":true,"href":"https:\/\/farmaciadagostino.com.ar\/sitio\/wp-json\/wp\/v2\/product_tag?post=16283"}],"curies":[{"name":"wp","href":"https:\/\/api.w.org\/{rel}","templated":true}]}}