{"id":16288,"date":"2024-07-01T23:31:21","date_gmt":"2024-07-02T02:31:21","guid":{"rendered":"https:\/\/farmaciadagostino.com.ar\/sitio\/producto\/vital-leche-infantil-3-nutri-plus-1ano-lata-800-grs\/"},"modified":"2026-03-09T10:25:43","modified_gmt":"2026-03-09T13:25:43","slug":"vital-leche-infantil-3-nutri-plus-1ano-lata-800-grs","status":"publish","type":"product","link":"https:\/\/farmaciadagostino.com.ar\/sitio\/producto\/vital-leche-infantil-3-nutri-plus-1ano-lata-800-grs\/","title":{"rendered":"Vital Leche Infantil 3 Nutri Plus +1A\u00f1o Lata 800 grs"},"content":{"rendered":"<h5>Nombre<\/h5>\n<p>Leche en polvo Vital Nutri Plus 3 despu\u00e9s de la primera infancia cuidado integral con Vitamina F, C y Hierro x 800 gr<\/p>\n<h5>Descripci\u00f3n<\/h5>\n<p>Leche modificada en polvo, para ni\u00f1os despu\u00e9s del a\u00f1o. Fortificada con Hierro y Zinc. Libre de gluten.Sin T.A.C.C.<\/p>\n<h5>ingredientes<\/h5>\n<p>S\u00f3lidos de leche parcialmente descremada, lactosa, maltodextrina, prote\u00edna de suero, aceites vegetales (canola, girasol alto ole\u00edco, girasol, coco), sabor natural vainilla, carbonato de calcio, \u00e1cido asc\u00f3rbico, cloruro de colina, sulfato de hierro, inositol, sulfato de zinc, palmitato de retinol, L-carnitina, lecitina, acetato de DL-alfa- tocoferol, gluconato c\u00faprico, pantotenato de calcio, palmitato de ascorbilo, nicotinamida, hidroclorhidrato de tiamina, DL-alfa- tocoferol, hidroclorhidrato de piridoxina, sulfato de manganeso, riboflavina, \u00e1cido f\u00f3lico, selenito de sodio, fitomenadiona, colecalciferol, biotina, cianocobalamina.<\/p>\n","protected":false},"excerpt":{"rendered":"<p>NombreLeche en polvo Vital Nutri Plus 3 despu\u00e9s de la primera infancia cuidado integral con Vitamina F, C y Hierro x 800 grDescripci\u00f3nLeche modificada en polvo, para ni\u00f1os despu\u00e9s del a\u00f1o<\/p>\n","protected":false},"featured_media":12007,"comment_status":"open","ping_status":"closed","template":"","meta":[],"product_brand":[],"product_cat":[177],"product_tag":[],"class_list":{"0":"post-16288","1":"product","2":"type-product","3":"status-publish","4":"has-post-thumbnail","6":"product_cat-bebe-maternidad","8":"first","9":"instock","10":"shipping-taxable","11":"purchasable","12":"product-type-simple"},"_links":{"self":[{"href":"https:\/\/farmaciadagostino.com.ar\/sitio\/wp-json\/wp\/v2\/product\/16288","targetHints":{"allow":["GET"]}}],"collection":[{"href":"https:\/\/farmaciadagostino.com.ar\/sitio\/wp-json\/wp\/v2\/product"}],"about":[{"href":"https:\/\/farmaciadagostino.com.ar\/sitio\/wp-json\/wp\/v2\/types\/product"}],"replies":[{"embeddable":true,"href":"https:\/\/farmaciadagostino.com.ar\/sitio\/wp-json\/wp\/v2\/comments?post=16288"}],"wp:featuredmedia":[{"embeddable":true,"href":"https:\/\/farmaciadagostino.com.ar\/sitio\/wp-json\/wp\/v2\/media\/12007"}],"wp:attachment":[{"href":"https:\/\/farmaciadagostino.com.ar\/sitio\/wp-json\/wp\/v2\/media?parent=16288"}],"wp:term":[{"taxonomy":"product_brand","embeddable":true,"href":"https:\/\/farmaciadagostino.com.ar\/sitio\/wp-json\/wp\/v2\/product_brand?post=16288"},{"taxonomy":"product_cat","embeddable":true,"href":"https:\/\/farmaciadagostino.com.ar\/sitio\/wp-json\/wp\/v2\/product_cat?post=16288"},{"taxonomy":"product_tag","embeddable":true,"href":"https:\/\/farmaciadagostino.com.ar\/sitio\/wp-json\/wp\/v2\/product_tag?post=16288"}],"curies":[{"name":"wp","href":"https:\/\/api.w.org\/{rel}","templated":true}]}}