{"id":16294,"date":"2024-07-01T23:31:21","date_gmt":"2024-07-02T02:31:21","guid":{"rendered":"https:\/\/farmaciadagostino.com.ar\/sitio\/producto\/acf-barra-fotoprotectora-dadatina-30-gr\/"},"modified":"2026-03-09T10:18:40","modified_gmt":"2026-03-09T13:18:40","slug":"acf-barra-fotoprotectora-dadatina-30-gr","status":"publish","type":"product","link":"https:\/\/farmaciadagostino.com.ar\/sitio\/producto\/acf-barra-fotoprotectora-dadatina-30-gr\/","title":{"rendered":"Acf Barra Fotoprotectora Dadatina 30 gr"},"content":{"rendered":"<p>CAMUFLAJE UV BARRA FOTOPROTECTORA<\/p>\n<p>FPS 50+<\/p>\n<p>MUY ALTA PROTECCION UVB (UVA)<\/p>\n<p>Su f\u00f3rmula de acabado natural se absorbe r\u00e1pidamente y se desliza f\u00e1cilmente sobre la piel sin dejar marcas blancas, ofreciendo protecci\u00f3n los 365 d\u00edas del a\u00f1o previniendo quemaduras solares y fotoenvejecimiento. Se puede utilizar como \u00fanica aplicaci\u00f3n o para retocar sobre la piel limpia o maquillada.<\/p>\n<p>CONTENIDO NETO: 30 g<\/p>\n<p>CL\u00cdNICA y DERMATOL\u00d3GICAMENTE TESTEADO<\/p>\n","protected":false},"excerpt":{"rendered":"<p>CAMUFLAJE UV BARRA FOTOPROTECTORA<\/p>\n<p>FPS 50+<\/p>\n<p>MUY ALTA PROTECCION UVB (UVA)<\/p>\n<p>Su f\u00f3rmula de acabado natural se absorbe r\u00e1pidamente y se desliza f\u00e1cilmente sobre la piel sin dejar marcas blancas, ofreciendo protecci\u00f3n los 365 d\u00edas del a\u00f1o previniendo quemaduras solares y fotoenvejecimiento<\/p>\n","protected":false},"featured_media":12467,"comment_status":"open","ping_status":"closed","template":"","meta":[],"product_brand":[],"product_cat":[237,162],"product_tag":[],"class_list":{"0":"post-16294","1":"product","2":"type-product","3":"status-publish","4":"has-post-thumbnail","6":"product_cat-belleza","7":"product_cat-dermocosmetica","9":"first","10":"instock","11":"shipping-taxable","12":"purchasable","13":"product-type-simple"},"_links":{"self":[{"href":"https:\/\/farmaciadagostino.com.ar\/sitio\/wp-json\/wp\/v2\/product\/16294","targetHints":{"allow":["GET"]}}],"collection":[{"href":"https:\/\/farmaciadagostino.com.ar\/sitio\/wp-json\/wp\/v2\/product"}],"about":[{"href":"https:\/\/farmaciadagostino.com.ar\/sitio\/wp-json\/wp\/v2\/types\/product"}],"replies":[{"embeddable":true,"href":"https:\/\/farmaciadagostino.com.ar\/sitio\/wp-json\/wp\/v2\/comments?post=16294"}],"wp:featuredmedia":[{"embeddable":true,"href":"https:\/\/farmaciadagostino.com.ar\/sitio\/wp-json\/wp\/v2\/media\/12467"}],"wp:attachment":[{"href":"https:\/\/farmaciadagostino.com.ar\/sitio\/wp-json\/wp\/v2\/media?parent=16294"}],"wp:term":[{"taxonomy":"product_brand","embeddable":true,"href":"https:\/\/farmaciadagostino.com.ar\/sitio\/wp-json\/wp\/v2\/product_brand?post=16294"},{"taxonomy":"product_cat","embeddable":true,"href":"https:\/\/farmaciadagostino.com.ar\/sitio\/wp-json\/wp\/v2\/product_cat?post=16294"},{"taxonomy":"product_tag","embeddable":true,"href":"https:\/\/farmaciadagostino.com.ar\/sitio\/wp-json\/wp\/v2\/product_tag?post=16294"}],"curies":[{"name":"wp","href":"https:\/\/api.w.org\/{rel}","templated":true}]}}