{"id":16301,"date":"2024-07-01T23:31:28","date_gmt":"2024-07-02T02:31:28","guid":{"rendered":"https:\/\/farmaciadagostino.com.ar\/sitio\/producto\/bagovit-gel-refrescante-post-solar-aloe-350-gr\/"},"modified":"2026-03-09T10:25:44","modified_gmt":"2026-03-09T13:25:44","slug":"bagovit-gel-refrescante-post-solar-aloe-350-gr","status":"publish","type":"product","link":"https:\/\/farmaciadagostino.com.ar\/sitio\/producto\/bagovit-gel-refrescante-post-solar-aloe-350-gr\/","title":{"rendered":"Bagovit Gel Refrescante Post Solar Aloe 350 gr"},"content":{"rendered":"<h5>Descripci\u00f3n<\/h5>\n<p>Bag\u00f3vit Gel Post Solar Hidratante con Aloe Vera al 80% es una combinaci\u00f3n equilibrada de emolientes refrescantes que aseguran una \u00f3ptima penetraci\u00f3n. Adem\u00e1s, provee una profunda hidrataci\u00f3n con efecto bals\u00e1mico y antiinflamatorio frente al dolor, aspereza y sequedad de la piel, producidas por la exposici\u00f3n reiterada al sol. Contribuye a la regeneraci\u00f3n de los tejidos da\u00f1ados y produce una intensa sensaci\u00f3n de frescura. Tambi\u00e9n fija y resalta el bronceado, restableciendo la elasticidad de la piel.<\/p>\n<h5>Beneficios<\/h5>\n<p>-Gel con Aloe Vera al 80%.<br \/>\n&#8211; Brinda una profunda hidrataci\u00f3n tras la exposici\u00f3n solar.<br \/>\n&#8211; Tiene un efecto antiinflamatorio.<br \/>\n&#8211; Deja una intensa sensaci\u00f3n de frescura.<br \/>\n&#8211; Regenera los tejidos da\u00f1ados.<\/p>\n<h5>Modo de uso<\/h5>\n<p>Para una sensaci\u00f3n de mayor frescura, se recomienda colocar el producto en heladera (2 \u00b0 a 8 \u00b0C) antes de su aplicaci\u00f3n. No congelar.<\/p>\n<h5>Ingredientes<\/h5>\n<p>Aloe Vera al 80%<\/p>\n","protected":false},"excerpt":{"rendered":"<p>Descripci\u00f3nBag\u00f3vit Gel Post Solar Hidratante con Aloe Vera al 80% es una combinaci\u00f3n equilibrada de emolientes refrescantes que aseguran una \u00f3ptima penetraci\u00f3n<\/p>\n","protected":false},"featured_media":18319,"comment_status":"open","ping_status":"closed","template":"","meta":[],"product_brand":[],"product_cat":[237,162],"product_tag":[],"class_list":{"0":"post-16301","1":"product","2":"type-product","3":"status-publish","4":"has-post-thumbnail","6":"product_cat-belleza","7":"product_cat-dermocosmetica","9":"first","10":"instock","11":"shipping-taxable","12":"purchasable","13":"product-type-simple"},"_links":{"self":[{"href":"https:\/\/farmaciadagostino.com.ar\/sitio\/wp-json\/wp\/v2\/product\/16301","targetHints":{"allow":["GET"]}}],"collection":[{"href":"https:\/\/farmaciadagostino.com.ar\/sitio\/wp-json\/wp\/v2\/product"}],"about":[{"href":"https:\/\/farmaciadagostino.com.ar\/sitio\/wp-json\/wp\/v2\/types\/product"}],"replies":[{"embeddable":true,"href":"https:\/\/farmaciadagostino.com.ar\/sitio\/wp-json\/wp\/v2\/comments?post=16301"}],"wp:featuredmedia":[{"embeddable":true,"href":"https:\/\/farmaciadagostino.com.ar\/sitio\/wp-json\/wp\/v2\/media\/18319"}],"wp:attachment":[{"href":"https:\/\/farmaciadagostino.com.ar\/sitio\/wp-json\/wp\/v2\/media?parent=16301"}],"wp:term":[{"taxonomy":"product_brand","embeddable":true,"href":"https:\/\/farmaciadagostino.com.ar\/sitio\/wp-json\/wp\/v2\/product_brand?post=16301"},{"taxonomy":"product_cat","embeddable":true,"href":"https:\/\/farmaciadagostino.com.ar\/sitio\/wp-json\/wp\/v2\/product_cat?post=16301"},{"taxonomy":"product_tag","embeddable":true,"href":"https:\/\/farmaciadagostino.com.ar\/sitio\/wp-json\/wp\/v2\/product_tag?post=16301"}],"curies":[{"name":"wp","href":"https:\/\/api.w.org\/{rel}","templated":true}]}}