{"id":16302,"date":"2024-07-01T23:31:28","date_gmt":"2024-07-02T02:31:28","guid":{"rendered":"https:\/\/farmaciadagostino.com.ar\/sitio\/producto\/bagovit-labial-solar-con-karite-y-aloe-vera-fps35\/"},"modified":"2026-03-09T10:10:30","modified_gmt":"2026-03-09T13:10:30","slug":"bagovit-labial-solar-con-karite-y-aloe-vera-fps35","status":"publish","type":"product","link":"https:\/\/farmaciadagostino.com.ar\/sitio\/producto\/bagovit-labial-solar-con-karite-y-aloe-vera-fps35\/","title":{"rendered":"Bagovit Labial Solar Con Karite Y Aloe Vera Fps35"},"content":{"rendered":"<h5>Descripci\u00f3n<\/h5>\n<p>Protector labial Bag\u00f3vit Solar con Factor de Protecci\u00f3n Solar 35, posee Manteca de Karit\u00e9 y Aloe Vera, ideales para proteger los labios ante la exposici\u00f3n al sol, dej\u00e1ndolos humectados y evitando la sequedad. Para pieles muy sensibles a la quemadura solar. Es hipoalerg\u00e9nico y resistente al agua.<\/p>\n<h5>Beneficios<\/h5>\n<p>&#8211; Contiene Manteca de Karit\u00e9 y Aloe Vera.<br \/>\n&#8211; Deja los labios protegidos y humectados.<br \/>\n&#8211; Evita la resequedad de los labios ante la exposici\u00f3n al sol.<br \/>\n&#8211; Ideal para pieles muy sensibles a la quemadura solar.<br \/>\n&#8211; Es hipoalerg\u00e9nico y resistente al agua.<\/p>\n<h5>Modo de uso<\/h5>\n<p>Aplicar suave y abundantemente en labios\/rostro 30 (treinta) minutos antes de la exposici\u00f3n al sol. Reaplicar cada 2 horas y luego de sudoraci\u00f3n intensa, nadar o ba\u00f1arse y\/o secarse con toalla. Uso externo.<\/p>\n<h5>Ingredientes<\/h5>\n<p>Filtros solares UV-B y UV-A<\/p>\n","protected":false},"excerpt":{"rendered":"<p>Descripci\u00f3nProtector labial Bag\u00f3vit Solar con Factor de Protecci\u00f3n Solar 35, posee Manteca de Karit\u00e9 y Aloe Vera, ideales para proteger los labios ante la exposici\u00f3n al sol, dej\u00e1ndolos humectados y evitando la sequedad<\/p>\n","protected":false},"featured_media":10082,"comment_status":"open","ping_status":"closed","template":"","meta":[],"product_brand":[],"product_cat":[237,162],"product_tag":[],"class_list":{"0":"post-16302","1":"product","2":"type-product","3":"status-publish","4":"has-post-thumbnail","6":"product_cat-belleza","7":"product_cat-dermocosmetica","9":"first","10":"instock","11":"shipping-taxable","12":"purchasable","13":"product-type-simple"},"_links":{"self":[{"href":"https:\/\/farmaciadagostino.com.ar\/sitio\/wp-json\/wp\/v2\/product\/16302","targetHints":{"allow":["GET"]}}],"collection":[{"href":"https:\/\/farmaciadagostino.com.ar\/sitio\/wp-json\/wp\/v2\/product"}],"about":[{"href":"https:\/\/farmaciadagostino.com.ar\/sitio\/wp-json\/wp\/v2\/types\/product"}],"replies":[{"embeddable":true,"href":"https:\/\/farmaciadagostino.com.ar\/sitio\/wp-json\/wp\/v2\/comments?post=16302"}],"wp:featuredmedia":[{"embeddable":true,"href":"https:\/\/farmaciadagostino.com.ar\/sitio\/wp-json\/wp\/v2\/media\/10082"}],"wp:attachment":[{"href":"https:\/\/farmaciadagostino.com.ar\/sitio\/wp-json\/wp\/v2\/media?parent=16302"}],"wp:term":[{"taxonomy":"product_brand","embeddable":true,"href":"https:\/\/farmaciadagostino.com.ar\/sitio\/wp-json\/wp\/v2\/product_brand?post=16302"},{"taxonomy":"product_cat","embeddable":true,"href":"https:\/\/farmaciadagostino.com.ar\/sitio\/wp-json\/wp\/v2\/product_cat?post=16302"},{"taxonomy":"product_tag","embeddable":true,"href":"https:\/\/farmaciadagostino.com.ar\/sitio\/wp-json\/wp\/v2\/product_tag?post=16302"}],"curies":[{"name":"wp","href":"https:\/\/api.w.org\/{rel}","templated":true}]}}