{"id":16306,"date":"2024-07-01T23:31:29","date_gmt":"2024-07-02T02:31:29","guid":{"rendered":"https:\/\/farmaciadagostino.com.ar\/sitio\/producto\/bagovit-protector-solar-family-care-fps50-200-ml\/"},"modified":"2026-03-09T10:10:30","modified_gmt":"2026-03-09T13:10:30","slug":"bagovit-protector-solar-family-care-fps50-200-ml","status":"publish","type":"product","link":"https:\/\/farmaciadagostino.com.ar\/sitio\/producto\/bagovit-protector-solar-family-care-fps50-200-ml\/","title":{"rendered":"Bagovit Protector Solar Family Care Fps50 200 ml"},"content":{"rendered":"<p> El Protector Solar Family Care Bag\u00f3vit con Factor de Protecci\u00f3n Solar 50 es una emulsi\u00f3n hidratante corporal y facial ideal para pieles moderadamente sensibles. Su f\u00f3rmula con Vitamina A hidrata la piel, mientras que la Vitamina E act\u00faa como antioxidante previniendo el envejecimiento prematuro de la piel. Es hipoalerg\u00e9nico y no comedog\u00e9nico. Sus filtros de amplio espectro UVB y UVA ayudan a prevenir las quemaduras solares, minimizando el riesgo de da\u00f1os a largo plazo provocados por los rayos UV.  <\/p>\n<h5>Beneficios:<\/h5>\n<p>&#8211; F\u00f3rmula con Vitamina A para mantener la humectaci\u00f3n de la piel.- Vitamina E, que act\u00faa como antioxidante, previniendo el envejecimiento prematuro de la piel.<br \/>\n&#8211; Filtros de amplio espectro UVB y UVA que previenen quemaduras solares, minimizando riesgos de da\u00f1o a largo plazo.<br \/>\n&#8211; Hipoalerg\u00e9nico.<br \/>\n&#8211; Resistente al agua.<\/p>\n<h5>Modo de Uso:<\/h5>\n<p>Agitar antes de usar. Aplique abundantemente sobre la piel del cuerpo y rostro 30 minutos antes de la exposici\u00f3n al sol. Reaplicar siempre generosamente y frecuentemente para mantener la protecci\u00f3n, sobre todo luego de sudoraci\u00f3n intensa, nadar o ba\u00f1arse, secarse con toalla y durante la exposici\u00f3n al sol. Si la cantidad aplicada no es adecuada, el nivel de protecci\u00f3n ser\u00e1 significativamente reducido.<\/p>\n<h5>ingredientes:<\/h5>\n<p>Filtros solares UV-B y UV-A<\/p>\n","protected":false},"excerpt":{"rendered":"<p> El Protector Solar Family Care Bag\u00f3vit con Factor de Protecci\u00f3n Solar 50 es una emulsi\u00f3n hidratante corporal y facial ideal para pieles moderadamente sensibles<\/p>\n","protected":false},"featured_media":18346,"comment_status":"open","ping_status":"closed","template":"","meta":[],"product_brand":[],"product_cat":[237,162],"product_tag":[],"class_list":{"0":"post-16306","1":"product","2":"type-product","3":"status-publish","4":"has-post-thumbnail","6":"product_cat-belleza","7":"product_cat-dermocosmetica","9":"first","10":"instock","11":"shipping-taxable","12":"purchasable","13":"product-type-simple"},"_links":{"self":[{"href":"https:\/\/farmaciadagostino.com.ar\/sitio\/wp-json\/wp\/v2\/product\/16306","targetHints":{"allow":["GET"]}}],"collection":[{"href":"https:\/\/farmaciadagostino.com.ar\/sitio\/wp-json\/wp\/v2\/product"}],"about":[{"href":"https:\/\/farmaciadagostino.com.ar\/sitio\/wp-json\/wp\/v2\/types\/product"}],"replies":[{"embeddable":true,"href":"https:\/\/farmaciadagostino.com.ar\/sitio\/wp-json\/wp\/v2\/comments?post=16306"}],"wp:featuredmedia":[{"embeddable":true,"href":"https:\/\/farmaciadagostino.com.ar\/sitio\/wp-json\/wp\/v2\/media\/18346"}],"wp:attachment":[{"href":"https:\/\/farmaciadagostino.com.ar\/sitio\/wp-json\/wp\/v2\/media?parent=16306"}],"wp:term":[{"taxonomy":"product_brand","embeddable":true,"href":"https:\/\/farmaciadagostino.com.ar\/sitio\/wp-json\/wp\/v2\/product_brand?post=16306"},{"taxonomy":"product_cat","embeddable":true,"href":"https:\/\/farmaciadagostino.com.ar\/sitio\/wp-json\/wp\/v2\/product_cat?post=16306"},{"taxonomy":"product_tag","embeddable":true,"href":"https:\/\/farmaciadagostino.com.ar\/sitio\/wp-json\/wp\/v2\/product_tag?post=16306"}],"curies":[{"name":"wp","href":"https:\/\/api.w.org\/{rel}","templated":true}]}}