{"id":16307,"date":"2024-07-01T23:31:29","date_gmt":"2024-07-02T02:31:29","guid":{"rendered":"https:\/\/farmaciadagostino.com.ar\/sitio\/producto\/bagovit-protector-solar-family-care-fps50-kids-200-ml\/"},"modified":"2026-03-09T10:18:40","modified_gmt":"2026-03-09T13:18:40","slug":"bagovit-protector-solar-family-care-fps50-kids-200-ml","status":"publish","type":"product","link":"https:\/\/farmaciadagostino.com.ar\/sitio\/producto\/bagovit-protector-solar-family-care-fps50-kids-200-ml\/","title":{"rendered":"Bagovit Protector Solar Family Care Fps50 Kids 200 ml"},"content":{"rendered":"<p> El protector solar Bagovit A Family Care Kids FPS 50 x 200 ml es hidratante, y viene con su nueva f\u00f3rmula de textura liviana. Libre de aceites, resistente al agua e hipoalerg\u00e9nico. Con protecci\u00f3n alta y s\u00edmbolos UVB y UVA, adecuado para usar a partir de los 12 meses de edad.<\/p>\n","protected":false},"excerpt":{"rendered":"<p> El protector solar Bagovit A Family Care Kids FPS 50 x 200 ml es hidratante, y viene con su nueva f\u00f3rmula de textura liviana<\/p>\n","protected":false},"featured_media":18355,"comment_status":"open","ping_status":"closed","template":"","meta":[],"product_brand":[],"product_cat":[237,162],"product_tag":[],"class_list":{"0":"post-16307","1":"product","2":"type-product","3":"status-publish","4":"has-post-thumbnail","6":"product_cat-belleza","7":"product_cat-dermocosmetica","9":"first","10":"instock","11":"shipping-taxable","12":"purchasable","13":"product-type-simple"},"_links":{"self":[{"href":"https:\/\/farmaciadagostino.com.ar\/sitio\/wp-json\/wp\/v2\/product\/16307","targetHints":{"allow":["GET"]}}],"collection":[{"href":"https:\/\/farmaciadagostino.com.ar\/sitio\/wp-json\/wp\/v2\/product"}],"about":[{"href":"https:\/\/farmaciadagostino.com.ar\/sitio\/wp-json\/wp\/v2\/types\/product"}],"replies":[{"embeddable":true,"href":"https:\/\/farmaciadagostino.com.ar\/sitio\/wp-json\/wp\/v2\/comments?post=16307"}],"wp:featuredmedia":[{"embeddable":true,"href":"https:\/\/farmaciadagostino.com.ar\/sitio\/wp-json\/wp\/v2\/media\/18355"}],"wp:attachment":[{"href":"https:\/\/farmaciadagostino.com.ar\/sitio\/wp-json\/wp\/v2\/media?parent=16307"}],"wp:term":[{"taxonomy":"product_brand","embeddable":true,"href":"https:\/\/farmaciadagostino.com.ar\/sitio\/wp-json\/wp\/v2\/product_brand?post=16307"},{"taxonomy":"product_cat","embeddable":true,"href":"https:\/\/farmaciadagostino.com.ar\/sitio\/wp-json\/wp\/v2\/product_cat?post=16307"},{"taxonomy":"product_tag","embeddable":true,"href":"https:\/\/farmaciadagostino.com.ar\/sitio\/wp-json\/wp\/v2\/product_tag?post=16307"}],"curies":[{"name":"wp","href":"https:\/\/api.w.org\/{rel}","templated":true}]}}