{"id":16328,"date":"2024-07-01T23:31:32","date_gmt":"2024-07-02T02:31:32","guid":{"rendered":"https:\/\/farmaciadagostino.com.ar\/sitio\/producto\/asepxia-jabon-liquido-purificante-carbon-detox-200-ml\/"},"modified":"2026-03-09T10:10:30","modified_gmt":"2026-03-09T13:10:30","slug":"asepxia-jabon-liquido-purificante-carbon-detox-200-ml","status":"publish","type":"product","link":"https:\/\/farmaciadagostino.com.ar\/sitio\/producto\/asepxia-jabon-liquido-purificante-carbon-detox-200-ml\/","title":{"rendered":"Asepxia Jab\u00f3n L\u00edquido Purificante Carb\u00f3n Detox 200 ml"},"content":{"rendered":"<p>El Jab\u00f3n L\u00edquido Facial Carb\u00f3n Detox de Asepxia limpia profundamente, purifica la piel, controla el brillo y el exceso de grasa.<\/p>\n<h5>Beneficios:<\/h5>\n<p>&#8211; EFECTO PURIFICANTE: Jab\u00f3n l\u00edquido facial que ayuda a prevenir la aparici\u00f3n de granitos y puntos negros.<\/p>\n<p>&#8211; BRILLO: Controla el brillo y el exceso de grasa, purificando la piel.<\/p>\n<p>&#8211; CARB\u00d3N DETOX: Carb\u00f3n Activado + \u00c1cido Salic\u00edlico.<\/p>\n<p>&#8211; LIMPIEZA PURIFICANTE: El jab\u00f3n l\u00edquido facial Carb\u00f3n Detox de Asepxia es un nuevo concepto en limpieza para todas edades y,especialmente, pieles mixtas o grasas con imperfecciones, gracias a su formulaci\u00f3n con carb\u00f3n activado y \u00e1cido salic\u00edlico.<\/p>\n<h5>Modo de uso:<\/h5>\n<p>Usalo dos veces por d\u00eda, en la ma\u00f1ana y en la noche, aplic\u00e1ndolo sobre la piel h\u00fameda en rostro y cuello masajeando suavemente unos segundos hasta hacer espuma. Enjuagar con abundante agua o con la ayuda de una esponja h\u00fameda.<\/p>\n<h5>Presentaci\u00f3n:<\/h5>\n<p>200 ml.<\/p>\n","protected":false},"excerpt":{"rendered":"<p>El Jab\u00f3n L\u00edquido Facial Carb\u00f3n Detox de Asepxia limpia profundamente, purifica la piel, controla el brillo y el exceso de grasa<\/p>\n","protected":false},"featured_media":12980,"comment_status":"open","ping_status":"closed","template":"","meta":[],"product_brand":[],"product_cat":[237,162],"product_tag":[],"class_list":{"0":"post-16328","1":"product","2":"type-product","3":"status-publish","4":"has-post-thumbnail","6":"product_cat-belleza","7":"product_cat-dermocosmetica","9":"first","10":"instock","11":"shipping-taxable","12":"purchasable","13":"product-type-simple"},"_links":{"self":[{"href":"https:\/\/farmaciadagostino.com.ar\/sitio\/wp-json\/wp\/v2\/product\/16328","targetHints":{"allow":["GET"]}}],"collection":[{"href":"https:\/\/farmaciadagostino.com.ar\/sitio\/wp-json\/wp\/v2\/product"}],"about":[{"href":"https:\/\/farmaciadagostino.com.ar\/sitio\/wp-json\/wp\/v2\/types\/product"}],"replies":[{"embeddable":true,"href":"https:\/\/farmaciadagostino.com.ar\/sitio\/wp-json\/wp\/v2\/comments?post=16328"}],"wp:featuredmedia":[{"embeddable":true,"href":"https:\/\/farmaciadagostino.com.ar\/sitio\/wp-json\/wp\/v2\/media\/12980"}],"wp:attachment":[{"href":"https:\/\/farmaciadagostino.com.ar\/sitio\/wp-json\/wp\/v2\/media?parent=16328"}],"wp:term":[{"taxonomy":"product_brand","embeddable":true,"href":"https:\/\/farmaciadagostino.com.ar\/sitio\/wp-json\/wp\/v2\/product_brand?post=16328"},{"taxonomy":"product_cat","embeddable":true,"href":"https:\/\/farmaciadagostino.com.ar\/sitio\/wp-json\/wp\/v2\/product_cat?post=16328"},{"taxonomy":"product_tag","embeddable":true,"href":"https:\/\/farmaciadagostino.com.ar\/sitio\/wp-json\/wp\/v2\/product_tag?post=16328"}],"curies":[{"name":"wp","href":"https:\/\/api.w.org\/{rel}","templated":true}]}}