{"id":16329,"date":"2024-07-01T23:31:32","date_gmt":"2024-07-02T02:31:32","guid":{"rendered":"https:\/\/farmaciadagostino.com.ar\/sitio\/producto\/asepxia-limpiador-exfoliante-purificante-carbon-detox-120-gr\/"},"modified":"2026-03-09T10:18:40","modified_gmt":"2026-03-09T13:18:40","slug":"asepxia-limpiador-exfoliante-purificante-carbon-detox-120-gr","status":"publish","type":"product","link":"https:\/\/farmaciadagostino.com.ar\/sitio\/producto\/asepxia-limpiador-exfoliante-purificante-carbon-detox-120-gr\/","title":{"rendered":"Asepxia Limpiador Exfoliante Purificante Carbon Detox 120 gr"},"content":{"rendered":"<p>Asepxia Jab\u00f3n Limpiador Exfoliante Facial Carb\u00f3n Detox limpia y purifica profundamente la piel, elimina c\u00e9lulas muertas ayudando a regenerar la piel, combate PUNTOS NEGROS y ayuda a prevenir GRANITOS.<\/p>\n<h5>Beneficios:<\/h5>\n<p>&#8211; EFECTO PURIFICANTE: Limpiador facial exfoliante que limpia a profundidad las pieles mixtas con imperfecciones.<\/p>\n<p>&#8211; PREVIENE IMPERFECCIONES: Combate puntos negros y ayuda a prevenir granitos.<\/p>\n<p>&#8211; CARB\u00d3N DETOX: Carb\u00f3n Activado + \u00c1cido Salic\u00edlico.<\/p>\n<p>&#8211; LIMPIEZA EXFOLIANTE: El carb\u00f3n es un mineral 100% natural que es conocido por su incre\u00edble capacidad de absorber, en sus miles de microporos, la suciedad, grasitud e impurezas, provocadas por la contaminaci\u00f3n y suciedad del ambiente.<\/p>\n<h5>Modo de uso:<\/h5>\n<p>Primero mojar la piel con agua tibia. Aplicar el producto en rostro y cuello masajeando suavemente. Dejar actuar por 30 segundos. Enjuagar con abundante agua o con la ayuda de una esponja h\u00fameda.<\/p>\n<h5>Presentaci\u00f3n:<\/h5>\n<p>120 g.<\/p>\n","protected":false},"excerpt":{"rendered":"<p>Asepxia Jab\u00f3n Limpiador Exfoliante Facial Carb\u00f3n Detox limpia y purifica profundamente la piel, elimina c\u00e9lulas muertas ayudando a regenerar la piel, combate PUNTOS NEGROS y ayuda a prevenir GRANITOS<\/p>\n","protected":false},"featured_media":12976,"comment_status":"open","ping_status":"closed","template":"","meta":[],"product_brand":[],"product_cat":[237,162],"product_tag":[],"class_list":{"0":"post-16329","1":"product","2":"type-product","3":"status-publish","4":"has-post-thumbnail","6":"product_cat-belleza","7":"product_cat-dermocosmetica","9":"first","10":"instock","11":"shipping-taxable","12":"purchasable","13":"product-type-simple"},"_links":{"self":[{"href":"https:\/\/farmaciadagostino.com.ar\/sitio\/wp-json\/wp\/v2\/product\/16329","targetHints":{"allow":["GET"]}}],"collection":[{"href":"https:\/\/farmaciadagostino.com.ar\/sitio\/wp-json\/wp\/v2\/product"}],"about":[{"href":"https:\/\/farmaciadagostino.com.ar\/sitio\/wp-json\/wp\/v2\/types\/product"}],"replies":[{"embeddable":true,"href":"https:\/\/farmaciadagostino.com.ar\/sitio\/wp-json\/wp\/v2\/comments?post=16329"}],"wp:featuredmedia":[{"embeddable":true,"href":"https:\/\/farmaciadagostino.com.ar\/sitio\/wp-json\/wp\/v2\/media\/12976"}],"wp:attachment":[{"href":"https:\/\/farmaciadagostino.com.ar\/sitio\/wp-json\/wp\/v2\/media?parent=16329"}],"wp:term":[{"taxonomy":"product_brand","embeddable":true,"href":"https:\/\/farmaciadagostino.com.ar\/sitio\/wp-json\/wp\/v2\/product_brand?post=16329"},{"taxonomy":"product_cat","embeddable":true,"href":"https:\/\/farmaciadagostino.com.ar\/sitio\/wp-json\/wp\/v2\/product_cat?post=16329"},{"taxonomy":"product_tag","embeddable":true,"href":"https:\/\/farmaciadagostino.com.ar\/sitio\/wp-json\/wp\/v2\/product_tag?post=16329"}],"curies":[{"name":"wp","href":"https:\/\/api.w.org\/{rel}","templated":true}]}}