{"id":16348,"date":"2024-07-01T23:31:36","date_gmt":"2024-07-02T02:31:36","guid":{"rendered":"https:\/\/farmaciadagostino.com.ar\/sitio\/producto\/nivea-agua-micelar-bifasica-rose-care-para-todo-tipo-de-piel-400-ml\/"},"modified":"2026-03-09T10:10:31","modified_gmt":"2026-03-09T13:10:31","slug":"nivea-agua-micelar-bifasica-rose-care-para-todo-tipo-de-piel-400-ml","status":"publish","type":"product","link":"https:\/\/farmaciadagostino.com.ar\/sitio\/producto\/nivea-agua-micelar-bifasica-rose-care-para-todo-tipo-de-piel-400-ml\/","title":{"rendered":"Nivea Agua Micelar Bif\u00e1sica Rose Care Para Todo Tipo de Piel 400 ml"},"content":{"rendered":"<p>El Agua micelar bif\u00e1sica Nivea Rose Care limpia profundamente y purifica, removiendo efectivamente el maquillaje a prueba de agua. Adem\u00e1s, entrega hidrataci\u00f3n inmediata y prolongada al rostro por 24 horas. La loci\u00f3n micelar no necesita enjuague. Su f\u00f3rmula contiene Agua de Rosas Org\u00e1nicas, un antioxidante e hidratante que mantiene balanceado el PH de la piel. Al ser org\u00e1nica, est\u00e1 libre de agroqu\u00edmicos o pesticidas. La piel queda suave y sin residuos.<\/p>\n<h5>Beneficios:<\/h5>\n<p>&#8211; 24 horas de hidrataci\u00f3n intensa e inmediata.<\/p>\n<p>-Limpia profundamente y purifica.<\/p>\n<p>&#8211; Remueve efectivamente el maquillaje a prueba de agua.<\/p>\n<p>-Piel limpia, suave y sin residuos.<\/p>\n<p>-No necesita enjuague.<\/p>\n<h5>Composici\u00f3n:<\/h5>\n<p>Aqua,Isododecane, Glycerin, C15-19 Alkane,Coco-Caprylate\/Caprate, SodiumChloride, Phenoxyethanol, TrisodiumEDTA, Isopropyl Palmitate, Capry-lyl\/Capryl Glucoside, BenzethoniumChloride, Rosa Damascena FlowerWater, Potassium Sorbate, Sodium Benzoate, Sorbic Acid, SodiumSulfate, Linalool, Geraniol, Citronellol, Limonene, Methyl Benzoate,BHT, Tocopherol, Parfum, CI 16035, CI 61570.<\/p>\n<h5>Propiedades:<\/h5>\n<p>&#8211; Sin parabenos, sin sal.<\/p>\n<p>-Propiedades humectantes.<\/p>\n<h5>Modo de Uso:<\/h5>\n<p>-Agitar bien antes de usar.<\/p>\n<p>&#8211; Aplicar una cantidad generosa de NIVEA Rose Care Agua micelar bif\u00e1sica en un algod\u00f3n, apoy\u00e1ndolo por unos segundos sobre rostro, labios y ojos cerrados.<\/p>\n<p>&#8211; Retirar el maquillaje.<\/p>\n<p>&#8211; Se puede utilizar en la ma\u00f1ana y en la noche.<\/p>\n<p>&#8211; Se recomienda utilizar en combinaci\u00f3n con NIVEA Rose Care Leche y tonico micelar 2 en 1 y NIVEA Rose Care Mist facial refrescante para limpiar el rostro. Adem\u00e1s, utilizar NIVEA Rose Care Crema facial hidratante en gel para hidratar la piel.<\/p>\n","protected":false},"excerpt":{"rendered":"<p>El Agua micelar bif\u00e1sica Nivea Rose Care limpia profundamente y purifica, removiendo efectivamente el maquillaje a prueba de agua<\/p>\n","protected":false},"featured_media":8283,"comment_status":"open","ping_status":"closed","template":"","meta":[],"product_brand":[],"product_cat":[237,262,162,264],"product_tag":[],"class_list":{"0":"post-16348","1":"product","2":"type-product","3":"status-publish","4":"has-post-thumbnail","6":"product_cat-belleza","7":"product_cat-promo","8":"product_cat-dermocosmetica","9":"product_cat-ofertas","11":"first","12":"instock","13":"sale","14":"shipping-taxable","15":"purchasable","16":"product-type-simple"},"_links":{"self":[{"href":"https:\/\/farmaciadagostino.com.ar\/sitio\/wp-json\/wp\/v2\/product\/16348","targetHints":{"allow":["GET"]}}],"collection":[{"href":"https:\/\/farmaciadagostino.com.ar\/sitio\/wp-json\/wp\/v2\/product"}],"about":[{"href":"https:\/\/farmaciadagostino.com.ar\/sitio\/wp-json\/wp\/v2\/types\/product"}],"replies":[{"embeddable":true,"href":"https:\/\/farmaciadagostino.com.ar\/sitio\/wp-json\/wp\/v2\/comments?post=16348"}],"wp:featuredmedia":[{"embeddable":true,"href":"https:\/\/farmaciadagostino.com.ar\/sitio\/wp-json\/wp\/v2\/media\/8283"}],"wp:attachment":[{"href":"https:\/\/farmaciadagostino.com.ar\/sitio\/wp-json\/wp\/v2\/media?parent=16348"}],"wp:term":[{"taxonomy":"product_brand","embeddable":true,"href":"https:\/\/farmaciadagostino.com.ar\/sitio\/wp-json\/wp\/v2\/product_brand?post=16348"},{"taxonomy":"product_cat","embeddable":true,"href":"https:\/\/farmaciadagostino.com.ar\/sitio\/wp-json\/wp\/v2\/product_cat?post=16348"},{"taxonomy":"product_tag","embeddable":true,"href":"https:\/\/farmaciadagostino.com.ar\/sitio\/wp-json\/wp\/v2\/product_tag?post=16348"}],"curies":[{"name":"wp","href":"https:\/\/api.w.org\/{rel}","templated":true}]}}