{"id":16352,"date":"2024-07-01T23:31:36","date_gmt":"2024-07-02T02:31:36","guid":{"rendered":"https:\/\/farmaciadagostino.com.ar\/sitio\/producto\/nivea-gel-limpiador-facial-micelar-rose-care-para-todo-tipo-de-piel-150-ml\/"},"modified":"2026-03-09T10:18:41","modified_gmt":"2026-03-09T13:18:41","slug":"nivea-gel-limpiador-facial-micelar-rose-care-para-todo-tipo-de-piel-150-ml","status":"publish","type":"product","link":"https:\/\/farmaciadagostino.com.ar\/sitio\/producto\/nivea-gel-limpiador-facial-micelar-rose-care-para-todo-tipo-de-piel-150-ml\/","title":{"rendered":"Nivea Gel Limpiador Facial Micelar Rose Care Para Todo Tipo de Piel 150 ml"},"content":{"rendered":"<p>El Gel limpiador facial micelar Nivea Rose Care remueve suavemente el maquillaje a prueba de agua sin frotar. Adem\u00e1s, limpia profundamente, purifica la piel y controla la oleosidad inmediatamente. Su f\u00f3rmula contiene Agua de Rosas Org\u00e1nica, un antioxidante que mantiene el PH de la piel, dej\u00e1ndola suave e hidratada. Al ser org\u00e1nica, esta libre de agroqu\u00edmicos o pesticidas.<\/p>\n<h5>Beneficios:<\/h5>\n<p>&#8211; Remueve el maquillaje a prueba de agua.<\/p>\n<p>&#8211; Limpia profundamente y purifica.<\/p>\n<p>-Controla la oleosidad instant\u00e1neamente.<\/p>\n<p>-Con Agua de Rosas Org\u00e1nica: Mantiene el PH de la piel.<\/p>\n<p>-Piel suave, limpia y sin residuos.<\/p>\n<h5>Composici\u00f3n:<\/h5>\n<p>Aqua, Glycerin, Coco-Betaine, Coco-Glucoside, Glyceryl Glucoside, Acrylates\/C10-30 Alkyl Acrylate Crosspolymer, Sodium Chloride, PEG-40 Hydrogenated Castor Oil, Sodium Benzoate, Trisodium EDTA, Rosa Damascena Flower Water, Potassium Sorbate, Sorbic Acid, Linalool, Citronellol, Geraniol, Limonene, Methyl Benzoate, Parfum.<\/p>\n<h5>Propiedades:<\/h5>\n<p>&#8211; Sin parabenos, sin sal. <\/p>\n<p>&#8211; Propiedades humectantes.<\/p>\n<h5>Modo de Uso:<\/h5>\n<p>&#8211; Aplicar NIVEA Rose Care Gel limpiador facial micelar suavemente en el rostro, cuello y escote h\u00famedos.<\/p>\n<p>&#8211; Masajear en peque\u00f1os c\u00edrculos ascendentes, evitando el contacto con la zona de los ojos.<\/p>\n<p>&#8211; Enjuagar con abundante agua.<\/p>\n<p>&#8211; Se recomienda utilizar en combinaci\u00f3n con NIVEA Rose Care Leche y t\u00f3nico micelar 2 en 1 y NIVEA Rose Care Mist facial refrescante para limpiar el rostro. Adem\u00e1s, utilizar NIVEA Rose Care Crema facial hidratante en gel para hidratar la piel.<\/p>\n","protected":false},"excerpt":{"rendered":"<p>El Gel limpiador facial micelar Nivea Rose Care remueve suavemente el maquillaje a prueba de agua sin frotar<\/p>\n","protected":false},"featured_media":8289,"comment_status":"open","ping_status":"closed","template":"","meta":[],"product_brand":[],"product_cat":[237,262,162,264],"product_tag":[],"class_list":{"0":"post-16352","1":"product","2":"type-product","3":"status-publish","4":"has-post-thumbnail","6":"product_cat-belleza","7":"product_cat-promo","8":"product_cat-dermocosmetica","9":"product_cat-ofertas","11":"first","12":"instock","13":"sale","14":"shipping-taxable","15":"purchasable","16":"product-type-simple"},"_links":{"self":[{"href":"https:\/\/farmaciadagostino.com.ar\/sitio\/wp-json\/wp\/v2\/product\/16352","targetHints":{"allow":["GET"]}}],"collection":[{"href":"https:\/\/farmaciadagostino.com.ar\/sitio\/wp-json\/wp\/v2\/product"}],"about":[{"href":"https:\/\/farmaciadagostino.com.ar\/sitio\/wp-json\/wp\/v2\/types\/product"}],"replies":[{"embeddable":true,"href":"https:\/\/farmaciadagostino.com.ar\/sitio\/wp-json\/wp\/v2\/comments?post=16352"}],"wp:featuredmedia":[{"embeddable":true,"href":"https:\/\/farmaciadagostino.com.ar\/sitio\/wp-json\/wp\/v2\/media\/8289"}],"wp:attachment":[{"href":"https:\/\/farmaciadagostino.com.ar\/sitio\/wp-json\/wp\/v2\/media?parent=16352"}],"wp:term":[{"taxonomy":"product_brand","embeddable":true,"href":"https:\/\/farmaciadagostino.com.ar\/sitio\/wp-json\/wp\/v2\/product_brand?post=16352"},{"taxonomy":"product_cat","embeddable":true,"href":"https:\/\/farmaciadagostino.com.ar\/sitio\/wp-json\/wp\/v2\/product_cat?post=16352"},{"taxonomy":"product_tag","embeddable":true,"href":"https:\/\/farmaciadagostino.com.ar\/sitio\/wp-json\/wp\/v2\/product_tag?post=16352"}],"curies":[{"name":"wp","href":"https:\/\/api.w.org\/{rel}","templated":true}]}}