{"id":16355,"date":"2024-07-01T23:31:37","date_gmt":"2024-07-02T02:31:37","guid":{"rendered":"https:\/\/farmaciadagostino.com.ar\/sitio\/producto\/aulo-gelio-repelente-aerosol-180-ml\/"},"modified":"2026-03-09T10:18:41","modified_gmt":"2026-03-09T13:18:41","slug":"aulo-gelio-repelente-aerosol-180-ml","status":"publish","type":"product","link":"https:\/\/farmaciadagostino.com.ar\/sitio\/producto\/aulo-gelio-repelente-aerosol-180-ml\/","title":{"rendered":"Aulo Gelio Repelente Aerosol 180 ml"},"content":{"rendered":"<p>Repelente insectos con aceite esencial de citronela. Ahuyenta moscas, mosquitos, bichos colorados, pulgas, jejenes y t\u00e1banos.<br \/>\nEst\u00e1 especialmente indicado para beb\u00e9s y ni\u00f1os, como tambi\u00e9n para adultos.<br \/>\nNo contiene insecticida y es altamente seguro y eficaz.<\/p>\n<p>Modo de uso: aplicar sobre la piel evitando el contacto con los ojos y labios. En caso de producirse, lavar de inmediato con agua.<\/p>\n","protected":false},"excerpt":{"rendered":"<p>Repelente insectos con aceite esencial de citronela<\/p>\n","protected":false},"featured_media":19300,"comment_status":"open","ping_status":"closed","template":"","meta":[],"product_brand":[],"product_cat":[152],"product_tag":[],"class_list":{"0":"post-16355","1":"product","2":"type-product","3":"status-publish","4":"has-post-thumbnail","6":"product_cat-cuidado-personal","8":"first","9":"instock","10":"shipping-taxable","11":"purchasable","12":"product-type-simple"},"_links":{"self":[{"href":"https:\/\/farmaciadagostino.com.ar\/sitio\/wp-json\/wp\/v2\/product\/16355","targetHints":{"allow":["GET"]}}],"collection":[{"href":"https:\/\/farmaciadagostino.com.ar\/sitio\/wp-json\/wp\/v2\/product"}],"about":[{"href":"https:\/\/farmaciadagostino.com.ar\/sitio\/wp-json\/wp\/v2\/types\/product"}],"replies":[{"embeddable":true,"href":"https:\/\/farmaciadagostino.com.ar\/sitio\/wp-json\/wp\/v2\/comments?post=16355"}],"wp:featuredmedia":[{"embeddable":true,"href":"https:\/\/farmaciadagostino.com.ar\/sitio\/wp-json\/wp\/v2\/media\/19300"}],"wp:attachment":[{"href":"https:\/\/farmaciadagostino.com.ar\/sitio\/wp-json\/wp\/v2\/media?parent=16355"}],"wp:term":[{"taxonomy":"product_brand","embeddable":true,"href":"https:\/\/farmaciadagostino.com.ar\/sitio\/wp-json\/wp\/v2\/product_brand?post=16355"},{"taxonomy":"product_cat","embeddable":true,"href":"https:\/\/farmaciadagostino.com.ar\/sitio\/wp-json\/wp\/v2\/product_cat?post=16355"},{"taxonomy":"product_tag","embeddable":true,"href":"https:\/\/farmaciadagostino.com.ar\/sitio\/wp-json\/wp\/v2\/product_tag?post=16355"}],"curies":[{"name":"wp","href":"https:\/\/api.w.org\/{rel}","templated":true}]}}