{"id":16356,"date":"2024-07-01T23:31:37","date_gmt":"2024-07-02T02:31:37","guid":{"rendered":"https:\/\/farmaciadagostino.com.ar\/sitio\/producto\/nivea-toallitas-desmaquillantes-4-en-1-micellair-todo-tipo-de-piel-25-unidades\/"},"modified":"2026-03-09T10:25:44","modified_gmt":"2026-03-09T13:25:44","slug":"nivea-toallitas-desmaquillantes-4-en-1-micellair-todo-tipo-de-piel-25-unidades","status":"publish","type":"product","link":"https:\/\/farmaciadagostino.com.ar\/sitio\/producto\/nivea-toallitas-desmaquillantes-4-en-1-micellair-todo-tipo-de-piel-25-unidades\/","title":{"rendered":"Nivea Toallitas Desmaquillantes 4 en 1 micellair Todo Tipo de Piel 25 Unidades"},"content":{"rendered":"<p>Las Toallitas desmaquillantes 4 en 1 NIVEA MicellAir remueven el maquillaje resistente al agua y protegen las pesta\u00f1as al mismo tiempo. Est\u00e1n enriquecidas con Vitamina E, un antioxidante que limpia, refresca y humecta la piel, dej\u00e1ndola con un aspecto saludable y suave. Su nueva f\u00f3rmula es 100% biodegradable, contiene \u00fanicamente fibras de origen natural y es libre de micropl\u00e1sticos. Aptas para todo tipo de pieles.<\/p>\n<h5>Beneficios:<\/h5>\n<p>&#8211; Remueven efectivamente el maquillaje.<\/p>\n<p>&#8211; F\u00f3rmula 100% biodegradable.<\/p>\n<p>&#8211; Piel visiblemente saludable y suave.<\/p>\n<p>&#8211; Limpian profundamente sin dejar residuos.<\/p>\n<p>&#8211; Aptas para todo tipo de piel.<\/p>\n<h5>Composici\u00f3n:<\/h5>\n<p>Aqua, Alcohol Denat, PEG-40 Hydrogenated Castor Oil, Tocopheryl Acetate, Glycerin, Sorbitol, Panthenol, Poloxamer 124, Decyl Glucoside, Glyceryl Glucoside, Disodium Cocoyl Glutamate, Citric Acid, Polyquaternium-10, Sodium Chloride, Sodium Acetate, Ethylhexylglycerin, Propylene Glycol, 1,2-Hexanediol, Trisodium EDTA, Phenoxyethanol, Linalool, Butylphenyl Methylpropional, Citronellol, Geraniol, Benzyl Alcohol, Limonene, Alpha-Isomethyl Ionone, BHT, Parfum.<\/p>\n<h5>Propiedades:<\/h5>\n<p>Sin parabenos.<\/p>\n<p>Libre de micropl\u00e1sticos.<\/p>\n<p>Ligeramente perfumado.<\/p>\n<p>No testeado en animales.<\/p>\n<h5>Modo de Uso:<\/h5>\n<p>1) Limpiar suavemente el rostro, cuello y ojos con una Toallita desmaquillante 4 en 1 NIVEA MicellAir, manteniendo los ojos cerrados.<\/p>\n<p>2) Despu\u00e9s de usar, se recomienda cerrar cuidadosamente la bolsa para evitar que las toallitas se sequen.<\/p>\n","protected":false},"excerpt":{"rendered":"<p>Las Toallitas desmaquillantes 4 en 1 NIVEA MicellAir remueven el maquillaje resistente al agua y protegen las pesta\u00f1as al mismo tiempo<\/p>\n","protected":false},"featured_media":8399,"comment_status":"open","ping_status":"closed","template":"","meta":[],"product_brand":[],"product_cat":[237,162],"product_tag":[],"class_list":{"0":"post-16356","1":"product","2":"type-product","3":"status-publish","4":"has-post-thumbnail","6":"product_cat-belleza","7":"product_cat-dermocosmetica","9":"first","10":"instock","11":"shipping-taxable","12":"purchasable","13":"product-type-simple"},"_links":{"self":[{"href":"https:\/\/farmaciadagostino.com.ar\/sitio\/wp-json\/wp\/v2\/product\/16356","targetHints":{"allow":["GET"]}}],"collection":[{"href":"https:\/\/farmaciadagostino.com.ar\/sitio\/wp-json\/wp\/v2\/product"}],"about":[{"href":"https:\/\/farmaciadagostino.com.ar\/sitio\/wp-json\/wp\/v2\/types\/product"}],"replies":[{"embeddable":true,"href":"https:\/\/farmaciadagostino.com.ar\/sitio\/wp-json\/wp\/v2\/comments?post=16356"}],"wp:featuredmedia":[{"embeddable":true,"href":"https:\/\/farmaciadagostino.com.ar\/sitio\/wp-json\/wp\/v2\/media\/8399"}],"wp:attachment":[{"href":"https:\/\/farmaciadagostino.com.ar\/sitio\/wp-json\/wp\/v2\/media?parent=16356"}],"wp:term":[{"taxonomy":"product_brand","embeddable":true,"href":"https:\/\/farmaciadagostino.com.ar\/sitio\/wp-json\/wp\/v2\/product_brand?post=16356"},{"taxonomy":"product_cat","embeddable":true,"href":"https:\/\/farmaciadagostino.com.ar\/sitio\/wp-json\/wp\/v2\/product_cat?post=16356"},{"taxonomy":"product_tag","embeddable":true,"href":"https:\/\/farmaciadagostino.com.ar\/sitio\/wp-json\/wp\/v2\/product_tag?post=16356"}],"curies":[{"name":"wp","href":"https:\/\/api.w.org\/{rel}","templated":true}]}}