{"id":16358,"date":"2024-07-01T23:31:37","date_gmt":"2024-07-02T02:31:37","guid":{"rendered":"https:\/\/farmaciadagostino.com.ar\/sitio\/producto\/nivea-toallitas-desmaquillantes-micellair-expert-a-prueba-de-agua-20-unidades\/"},"modified":"2026-03-09T10:18:41","modified_gmt":"2026-03-09T13:18:41","slug":"nivea-toallitas-desmaquillantes-micellair-expert-a-prueba-de-agua-20-unidades","status":"publish","type":"product","link":"https:\/\/farmaciadagostino.com.ar\/sitio\/producto\/nivea-toallitas-desmaquillantes-micellair-expert-a-prueba-de-agua-20-unidades\/","title":{"rendered":"Nivea Toallitas Desmaquillantes micellair Expert a Prueba de Agua 20 Unidades"},"content":{"rendered":"<p>Las Toallitas desmaquillantes NIVEA MicellAir Expert con 100% tejido vegetal eliminan efectivamente el maquillaje y la m\u00e1scara de pesta\u00f1as de larga duraci\u00f3n, incluso a prueba de agua. Adem\u00e1s, reoxigenan la piel y no dejan residuos ni sensaci\u00f3n grasosa en la piel. Su suave f\u00f3rmula contiene MicellAIR Complex y Extracto de T\u00e9 Negro, dos ingredientes conocidos por sus propiedades calmantes que cuidan la delicada zona de los ojos y protegen las pesta\u00f1as. No requieren enjuague y est\u00e1n aptas para todo tipo de pieles.<\/p>\n<h5>Beneficios:<\/h5>\n<p>&#8211; Remueven efectivamente el maquillaje.<\/p>\n<p>&#8211; Reoxigenan la piel.<\/p>\n<p>&#8211; Cuidan la zona de los ojos.<\/p>\n<p>&#8211; Con 100% tejido vegetal.<\/p>\n<p>&#8211; Aptas para todo tipo de piel.<\/p>\n<h5>Composici\u00f3n:<\/h5>\n<p>Aqua, Alcohol Denat, PEG-40 Hydrogenated Castor Oil, Camellia Sinensis Leaf Extract, Tocopheryl Acetate, Panthenol, Glycerin, Glyceryl Glucoside, Sorbitol, Poloxamer 124, Decyl Glucoside, Disodium Cocoyl Glutamate, Polyquaternium-10, Propylene Glycol, Sodium Chloride, Sodium Acetate, Trisodium EDTA, Ethylhexylglycerin, 1,2-Hexanediol, Citric Acid, Phenoxyethanol, Linalool, Butylphenyl Methylpropional, Citronellol, Geraniol, Benzyl Alcohol, Limonene, Alpha-Isomethyl Ionone, BHT, Parfum, Extractos de T\u00e9 Negro.<\/p>\n<h5>Modo de Uso:<\/h5>\n<p>1) Limpiar suavemente el rostro, cuello y ojos con una Toallita desmaquillante NIVEA MicellAir Expert, manteniendo los ojos cerrados.<\/p>\n<p>2) Despu\u00e9s de usar, se recomienda cerrar cuidadosamente la bolsa para evitar que las toallitas se sequen.<\/p>\n<h5>Propiedades:<\/h5>\n<p>Sin parabenos. Ligeramente perfumado. No testeado en animales.<\/p>\n<h5>Presentaci\u00f3n:<\/h5>\n<p>20 unidades.<\/p>\n","protected":false},"excerpt":{"rendered":"<p>Las Toallitas desmaquillantes NIVEA MicellAir Expert con 100% tejido vegetal eliminan efectivamente el maquillaje y la m\u00e1scara de pesta\u00f1as de larga duraci\u00f3n, incluso a prueba de agua<\/p>\n","protected":false},"featured_media":8397,"comment_status":"open","ping_status":"closed","template":"","meta":[],"product_brand":[],"product_cat":[237,162],"product_tag":[],"class_list":{"0":"post-16358","1":"product","2":"type-product","3":"status-publish","4":"has-post-thumbnail","6":"product_cat-belleza","7":"product_cat-dermocosmetica","9":"first","10":"instock","11":"shipping-taxable","12":"purchasable","13":"product-type-simple"},"_links":{"self":[{"href":"https:\/\/farmaciadagostino.com.ar\/sitio\/wp-json\/wp\/v2\/product\/16358","targetHints":{"allow":["GET"]}}],"collection":[{"href":"https:\/\/farmaciadagostino.com.ar\/sitio\/wp-json\/wp\/v2\/product"}],"about":[{"href":"https:\/\/farmaciadagostino.com.ar\/sitio\/wp-json\/wp\/v2\/types\/product"}],"replies":[{"embeddable":true,"href":"https:\/\/farmaciadagostino.com.ar\/sitio\/wp-json\/wp\/v2\/comments?post=16358"}],"wp:featuredmedia":[{"embeddable":true,"href":"https:\/\/farmaciadagostino.com.ar\/sitio\/wp-json\/wp\/v2\/media\/8397"}],"wp:attachment":[{"href":"https:\/\/farmaciadagostino.com.ar\/sitio\/wp-json\/wp\/v2\/media?parent=16358"}],"wp:term":[{"taxonomy":"product_brand","embeddable":true,"href":"https:\/\/farmaciadagostino.com.ar\/sitio\/wp-json\/wp\/v2\/product_brand?post=16358"},{"taxonomy":"product_cat","embeddable":true,"href":"https:\/\/farmaciadagostino.com.ar\/sitio\/wp-json\/wp\/v2\/product_cat?post=16358"},{"taxonomy":"product_tag","embeddable":true,"href":"https:\/\/farmaciadagostino.com.ar\/sitio\/wp-json\/wp\/v2\/product_tag?post=16358"}],"curies":[{"name":"wp","href":"https:\/\/api.w.org\/{rel}","templated":true}]}}