{"id":16362,"date":"2024-07-01T23:31:39","date_gmt":"2024-07-02T02:31:39","guid":{"rendered":"https:\/\/farmaciadagostino.com.ar\/sitio\/producto\/q-soft-toallas-antibacteriales-flowpack-30-unidades\/"},"modified":"2026-03-09T10:25:44","modified_gmt":"2026-03-09T13:25:44","slug":"q-soft-toallas-antibacteriales-flowpack-30-unidades","status":"publish","type":"product","link":"https:\/\/farmaciadagostino.com.ar\/sitio\/producto\/q-soft-toallas-antibacteriales-flowpack-30-unidades\/","title":{"rendered":"Q Soft Toallas Antibacteriales Flowpack (30 Unidades)"},"content":{"rendered":"<p>Toallas antibacteriales, sin acci\u00f3n terap\u00e9utica. Hipoaleg\u00e9nicas, especialmente para la limpieza y cuidados de las manos.<\/p>\n","protected":false},"excerpt":{"rendered":"<p>Toallas antibacteriales, sin acci\u00f3n terap\u00e9utica<\/p>\n","protected":false},"featured_media":10222,"comment_status":"open","ping_status":"closed","template":"","meta":[],"product_brand":[],"product_cat":[152],"product_tag":[],"class_list":{"0":"post-16362","1":"product","2":"type-product","3":"status-publish","4":"has-post-thumbnail","6":"product_cat-cuidado-personal","8":"first","9":"instock","10":"shipping-taxable","11":"purchasable","12":"product-type-simple"},"_links":{"self":[{"href":"https:\/\/farmaciadagostino.com.ar\/sitio\/wp-json\/wp\/v2\/product\/16362","targetHints":{"allow":["GET"]}}],"collection":[{"href":"https:\/\/farmaciadagostino.com.ar\/sitio\/wp-json\/wp\/v2\/product"}],"about":[{"href":"https:\/\/farmaciadagostino.com.ar\/sitio\/wp-json\/wp\/v2\/types\/product"}],"replies":[{"embeddable":true,"href":"https:\/\/farmaciadagostino.com.ar\/sitio\/wp-json\/wp\/v2\/comments?post=16362"}],"wp:featuredmedia":[{"embeddable":true,"href":"https:\/\/farmaciadagostino.com.ar\/sitio\/wp-json\/wp\/v2\/media\/10222"}],"wp:attachment":[{"href":"https:\/\/farmaciadagostino.com.ar\/sitio\/wp-json\/wp\/v2\/media?parent=16362"}],"wp:term":[{"taxonomy":"product_brand","embeddable":true,"href":"https:\/\/farmaciadagostino.com.ar\/sitio\/wp-json\/wp\/v2\/product_brand?post=16362"},{"taxonomy":"product_cat","embeddable":true,"href":"https:\/\/farmaciadagostino.com.ar\/sitio\/wp-json\/wp\/v2\/product_cat?post=16362"},{"taxonomy":"product_tag","embeddable":true,"href":"https:\/\/farmaciadagostino.com.ar\/sitio\/wp-json\/wp\/v2\/product_tag?post=16362"}],"curies":[{"name":"wp","href":"https:\/\/api.w.org\/{rel}","templated":true}]}}