{"id":16417,"date":"2024-07-01T23:31:46","date_gmt":"2024-07-02T02:31:46","guid":{"rendered":"https:\/\/farmaciadagostino.com.ar\/sitio\/producto\/biferdil-shampoo-rosa-mosqueta-255-ml\/"},"modified":"2026-03-09T10:10:31","modified_gmt":"2026-03-09T13:10:31","slug":"biferdil-shampoo-rosa-mosqueta-255-ml","status":"publish","type":"product","link":"https:\/\/farmaciadagostino.com.ar\/sitio\/producto\/biferdil-shampoo-rosa-mosqueta-255-ml\/","title":{"rendered":"Biferdil Shampoo Rosa Mosqueta 255 ml"},"content":{"rendered":"<p>Champ\u00fa con Aceite de Rosa Mosqueta Org\u00e1nico<\/p>\n<p>Regenerador de la fibra capilar, rico en \u00e1cidos grasos y vitamina F y C, que act\u00faan sobre los cabellos secos o resecos, d\u00e1ndoles vida, salud y brillo, dej\u00e1ndolos absolutamente reparados y nutridos.<\/p>\n","protected":false},"excerpt":{"rendered":"<p>Champ\u00fa con Aceite de Rosa Mosqueta Org\u00e1nico<\/p>\n<p>Regenerador de la fibra capilar, rico en \u00e1cidos grasos y vitamina F y C, que act\u00faan sobre los cabellos secos o resecos, d\u00e1ndoles vida, salud y brillo, dej\u00e1ndolos absolutamente reparados y nutridos<\/p>\n","protected":false},"featured_media":10274,"comment_status":"open","ping_status":"closed","template":"","meta":[],"product_brand":[],"product_cat":[237,152],"product_tag":[],"class_list":{"0":"post-16417","1":"product","2":"type-product","3":"status-publish","4":"has-post-thumbnail","6":"product_cat-belleza","7":"product_cat-cuidado-personal","9":"first","10":"instock","11":"shipping-taxable","12":"purchasable","13":"product-type-simple"},"_links":{"self":[{"href":"https:\/\/farmaciadagostino.com.ar\/sitio\/wp-json\/wp\/v2\/product\/16417","targetHints":{"allow":["GET"]}}],"collection":[{"href":"https:\/\/farmaciadagostino.com.ar\/sitio\/wp-json\/wp\/v2\/product"}],"about":[{"href":"https:\/\/farmaciadagostino.com.ar\/sitio\/wp-json\/wp\/v2\/types\/product"}],"replies":[{"embeddable":true,"href":"https:\/\/farmaciadagostino.com.ar\/sitio\/wp-json\/wp\/v2\/comments?post=16417"}],"wp:featuredmedia":[{"embeddable":true,"href":"https:\/\/farmaciadagostino.com.ar\/sitio\/wp-json\/wp\/v2\/media\/10274"}],"wp:attachment":[{"href":"https:\/\/farmaciadagostino.com.ar\/sitio\/wp-json\/wp\/v2\/media?parent=16417"}],"wp:term":[{"taxonomy":"product_brand","embeddable":true,"href":"https:\/\/farmaciadagostino.com.ar\/sitio\/wp-json\/wp\/v2\/product_brand?post=16417"},{"taxonomy":"product_cat","embeddable":true,"href":"https:\/\/farmaciadagostino.com.ar\/sitio\/wp-json\/wp\/v2\/product_cat?post=16417"},{"taxonomy":"product_tag","embeddable":true,"href":"https:\/\/farmaciadagostino.com.ar\/sitio\/wp-json\/wp\/v2\/product_tag?post=16417"}],"curies":[{"name":"wp","href":"https:\/\/api.w.org\/{rel}","templated":true}]}}