{"id":16428,"date":"2024-07-01T23:31:47","date_gmt":"2024-07-02T02:31:47","guid":{"rendered":"https:\/\/farmaciadagostino.com.ar\/sitio\/producto\/capilatis-shampoo-caida-linea-ortiga-mujer-350-ml\/"},"modified":"2026-03-09T10:25:44","modified_gmt":"2026-03-09T13:25:44","slug":"capilatis-shampoo-caida-linea-ortiga-mujer-350-ml","status":"publish","type":"product","link":"https:\/\/farmaciadagostino.com.ar\/sitio\/producto\/capilatis-shampoo-caida-linea-ortiga-mujer-350-ml\/","title":{"rendered":"Capilatis Shampoo Ca\u00edda L\u00ednea Ortiga Mujer 350 ml"},"content":{"rendered":"<h5>Descripci\u00f3n<\/h5>\n<p>Fortalece la fibra capilar y contribuye a la oxigenaci\u00f3n del bulbo capilar, logrando una profunda limpieza. Sus componentes naturales penetran en el cabello, hidrat\u00e1ndolo en profundidad y forman un film protector que lo fortalece, d\u00e1ndole m\u00e1s cuerpo y brillo. Con el uso frecuente, este Shampoo contribuye a detener la ca\u00edda del cabello.<\/p>\n","protected":false},"excerpt":{"rendered":"<p>Descripci\u00f3nFortalece la fibra capilar y contribuye a la oxigenaci\u00f3n del bulbo capilar, logrando una profunda limpieza<\/p>\n","protected":false},"featured_media":11199,"comment_status":"open","ping_status":"closed","template":"","meta":[],"product_brand":[],"product_cat":[237,152],"product_tag":[],"class_list":{"0":"post-16428","1":"product","2":"type-product","3":"status-publish","4":"has-post-thumbnail","6":"product_cat-belleza","7":"product_cat-cuidado-personal","9":"first","10":"instock","11":"shipping-taxable","12":"purchasable","13":"product-type-simple"},"_links":{"self":[{"href":"https:\/\/farmaciadagostino.com.ar\/sitio\/wp-json\/wp\/v2\/product\/16428","targetHints":{"allow":["GET"]}}],"collection":[{"href":"https:\/\/farmaciadagostino.com.ar\/sitio\/wp-json\/wp\/v2\/product"}],"about":[{"href":"https:\/\/farmaciadagostino.com.ar\/sitio\/wp-json\/wp\/v2\/types\/product"}],"replies":[{"embeddable":true,"href":"https:\/\/farmaciadagostino.com.ar\/sitio\/wp-json\/wp\/v2\/comments?post=16428"}],"wp:featuredmedia":[{"embeddable":true,"href":"https:\/\/farmaciadagostino.com.ar\/sitio\/wp-json\/wp\/v2\/media\/11199"}],"wp:attachment":[{"href":"https:\/\/farmaciadagostino.com.ar\/sitio\/wp-json\/wp\/v2\/media?parent=16428"}],"wp:term":[{"taxonomy":"product_brand","embeddable":true,"href":"https:\/\/farmaciadagostino.com.ar\/sitio\/wp-json\/wp\/v2\/product_brand?post=16428"},{"taxonomy":"product_cat","embeddable":true,"href":"https:\/\/farmaciadagostino.com.ar\/sitio\/wp-json\/wp\/v2\/product_cat?post=16428"},{"taxonomy":"product_tag","embeddable":true,"href":"https:\/\/farmaciadagostino.com.ar\/sitio\/wp-json\/wp\/v2\/product_tag?post=16428"}],"curies":[{"name":"wp","href":"https:\/\/api.w.org\/{rel}","templated":true}]}}