{"id":16439,"date":"2024-07-01T23:31:52","date_gmt":"2024-07-02T02:31:52","guid":{"rendered":"https:\/\/farmaciadagostino.com.ar\/sitio\/producto\/capilatis-shampoo-con-concentrado-puro-de-ortiga-410-ml\/"},"modified":"2026-03-09T10:25:44","modified_gmt":"2026-03-09T13:25:44","slug":"capilatis-shampoo-con-concentrado-puro-de-ortiga-410-ml","status":"publish","type":"product","link":"https:\/\/farmaciadagostino.com.ar\/sitio\/producto\/capilatis-shampoo-con-concentrado-puro-de-ortiga-410-ml\/","title":{"rendered":"Capilatis Shampoo Con Concentrado Puro de Ortiga 410 ml"},"content":{"rendered":"<h5>Descripci\u00f3n: <\/h5>\n<p> El Shampoo Tratante m\u00e1s Concentrado Puro de Ortiga ayyuda a potenciar la acci\u00f3n de los ingredientes activos del Shampoo Ortiga, logrando as\u00ed mayor efectividad para evitar la ca\u00edda del cabello.<\/p>\n<h5>Beneficios:<\/h5>\n<p>El Extracto de Ortiga permite que los vasos sangu\u00edneos aporten los nutrientes necesarios para recuperar las caracter\u00edsticas de un cabello sano, contribuyendo as\u00ed a detener progresivamente la ca\u00edda.<\/p>\n<h5>Modo de uso:<\/h5>\n<p>Antes de realizar la mezcla se recomienda utilizar el Shampoo una vez para obtener un espacio \u00f3ptimo de mezclado. Verter el contenido del Concentrado Puro de Ortiga en el envase del Shampoo. Agitar hasta lograr una mezcla homog\u00e9nea. Aplicar sobre el cabello h\u00famedo, masajeando suavemente hasta formar espuma. Dejar actuar unos instantes. Enjuagar. Repetir la operaci\u00f3n.<\/p>\n<h5>Advertencias: <\/h5>\n<p>Mantener fuera del alcance de los ni\u00f1os. En caso de contacto con los ojos enjuagar con abundante agua. De percibir alguna reacci\u00f3n desfavorable suspender su uso. Este producto no est\u00e1 formulado para su uso en ni\u00f1os.<\/p>\n","protected":false},"excerpt":{"rendered":"<p>Descripci\u00f3n:  El Shampoo Tratante m\u00e1s Concentrado Puro de Ortiga ayyuda a potenciar la acci\u00f3n de los ingredientes activos del Shampoo Ortiga, logrando as\u00ed mayor efectividad para evitar la ca\u00edda del cabello<\/p>\n","protected":false},"featured_media":11074,"comment_status":"open","ping_status":"closed","template":"","meta":[],"product_brand":[],"product_cat":[237,152],"product_tag":[],"class_list":{"0":"post-16439","1":"product","2":"type-product","3":"status-publish","4":"has-post-thumbnail","6":"product_cat-belleza","7":"product_cat-cuidado-personal","9":"first","10":"instock","11":"shipping-taxable","12":"purchasable","13":"product-type-simple"},"_links":{"self":[{"href":"https:\/\/farmaciadagostino.com.ar\/sitio\/wp-json\/wp\/v2\/product\/16439","targetHints":{"allow":["GET"]}}],"collection":[{"href":"https:\/\/farmaciadagostino.com.ar\/sitio\/wp-json\/wp\/v2\/product"}],"about":[{"href":"https:\/\/farmaciadagostino.com.ar\/sitio\/wp-json\/wp\/v2\/types\/product"}],"replies":[{"embeddable":true,"href":"https:\/\/farmaciadagostino.com.ar\/sitio\/wp-json\/wp\/v2\/comments?post=16439"}],"wp:featuredmedia":[{"embeddable":true,"href":"https:\/\/farmaciadagostino.com.ar\/sitio\/wp-json\/wp\/v2\/media\/11074"}],"wp:attachment":[{"href":"https:\/\/farmaciadagostino.com.ar\/sitio\/wp-json\/wp\/v2\/media?parent=16439"}],"wp:term":[{"taxonomy":"product_brand","embeddable":true,"href":"https:\/\/farmaciadagostino.com.ar\/sitio\/wp-json\/wp\/v2\/product_brand?post=16439"},{"taxonomy":"product_cat","embeddable":true,"href":"https:\/\/farmaciadagostino.com.ar\/sitio\/wp-json\/wp\/v2\/product_cat?post=16439"},{"taxonomy":"product_tag","embeddable":true,"href":"https:\/\/farmaciadagostino.com.ar\/sitio\/wp-json\/wp\/v2\/product_tag?post=16439"}],"curies":[{"name":"wp","href":"https:\/\/api.w.org\/{rel}","templated":true}]}}