{"id":16440,"date":"2024-07-01T23:31:52","date_gmt":"2024-07-02T02:31:52","guid":{"rendered":"https:\/\/farmaciadagostino.com.ar\/sitio\/producto\/vogue-masc-pest-efecto-pest-munecas\/"},"modified":"2026-03-09T10:10:31","modified_gmt":"2026-03-09T13:10:31","slug":"vogue-masc-pest-efecto-pest-munecas","status":"publish","type":"product","link":"https:\/\/farmaciadagostino.com.ar\/sitio\/producto\/vogue-masc-pest-efecto-pest-munecas\/","title":{"rendered":"Vogue Masc Pest Efecto Pest Mu\u00f1ecas"},"content":{"rendered":"<p>Mascara de pesta\u00f1as efecto pesta\u00f1a mu\u00f1ecas tiene un mega cepillo para que tus pesta\u00f1as se vean grandes, grandes y m\u00e1s grandes. Tus pesta\u00f1as estar\u00e1n abundantes, largas y con m\u00e1s volumen.<\/p>\n","protected":false},"excerpt":{"rendered":"<p>Mascara de pesta\u00f1as efecto pesta\u00f1a mu\u00f1ecas tiene un mega cepillo para que tus pesta\u00f1as se vean grandes, grandes y m\u00e1s grandes<\/p>\n","protected":false},"featured_media":9814,"comment_status":"open","ping_status":"closed","template":"","meta":[],"product_brand":[],"product_cat":[237,265],"product_tag":[],"class_list":{"0":"post-16440","1":"product","2":"type-product","3":"status-publish","4":"has-post-thumbnail","6":"product_cat-belleza","7":"product_cat-maquillaje","9":"first","10":"instock","11":"shipping-taxable","12":"purchasable","13":"product-type-simple"},"_links":{"self":[{"href":"https:\/\/farmaciadagostino.com.ar\/sitio\/wp-json\/wp\/v2\/product\/16440","targetHints":{"allow":["GET"]}}],"collection":[{"href":"https:\/\/farmaciadagostino.com.ar\/sitio\/wp-json\/wp\/v2\/product"}],"about":[{"href":"https:\/\/farmaciadagostino.com.ar\/sitio\/wp-json\/wp\/v2\/types\/product"}],"replies":[{"embeddable":true,"href":"https:\/\/farmaciadagostino.com.ar\/sitio\/wp-json\/wp\/v2\/comments?post=16440"}],"wp:featuredmedia":[{"embeddable":true,"href":"https:\/\/farmaciadagostino.com.ar\/sitio\/wp-json\/wp\/v2\/media\/9814"}],"wp:attachment":[{"href":"https:\/\/farmaciadagostino.com.ar\/sitio\/wp-json\/wp\/v2\/media?parent=16440"}],"wp:term":[{"taxonomy":"product_brand","embeddable":true,"href":"https:\/\/farmaciadagostino.com.ar\/sitio\/wp-json\/wp\/v2\/product_brand?post=16440"},{"taxonomy":"product_cat","embeddable":true,"href":"https:\/\/farmaciadagostino.com.ar\/sitio\/wp-json\/wp\/v2\/product_cat?post=16440"},{"taxonomy":"product_tag","embeddable":true,"href":"https:\/\/farmaciadagostino.com.ar\/sitio\/wp-json\/wp\/v2\/product_tag?post=16440"}],"curies":[{"name":"wp","href":"https:\/\/api.w.org\/{rel}","templated":true}]}}