{"id":16444,"date":"2024-07-01T23:31:52","date_gmt":"2024-07-02T02:31:52","guid":{"rendered":"https:\/\/farmaciadagostino.com.ar\/sitio\/producto\/lisfar-balanza-analogica-mecanica-130-kg\/"},"modified":"2026-03-09T10:18:41","modified_gmt":"2026-03-09T13:18:41","slug":"lisfar-balanza-analogica-mecanica-130-kg","status":"publish","type":"product","link":"https:\/\/farmaciadagostino.com.ar\/sitio\/producto\/lisfar-balanza-analogica-mecanica-130-kg\/","title":{"rendered":"Lisfar Balanza Analogica Mecanica 130 kg"},"content":{"rendered":"<p>Balanza de ba\u00f1o anal\u00f3gica y mec\u00e1nica marca Lisfar hasta 130kg<\/p>\n<p>CARACTERISTICAS:<\/p>\n<p>Capacidad m\u00e1x. 130 No golpear la balanza No rociarla balanza con insecticidas abrasivos.<\/p>\n<p>No mojar la balanza.<\/p>\n<p>No exponer directamente al sol para no provocar recalentamiento.<\/p>\n<p>Rueda para regular<\/p>\n<p>Rango de medici\u00f3n: 10h &#8211; 130k Division 1 Identificaci\u00f3n de plantas:<\/p>\n<p>Visor de medici\u00f3n<\/p>\n","protected":false},"excerpt":{"rendered":"<p>Balanza de ba\u00f1o anal\u00f3gica y mec\u00e1nica marca Lisfar hasta 130kg<\/p>\n<p>CARACTERISTICAS:<\/p>\n<p>Capacidad m\u00e1x<\/p>\n","protected":false},"featured_media":12255,"comment_status":"open","ping_status":"closed","template":"","meta":[],"product_brand":[],"product_cat":[182],"product_tag":[],"class_list":{"0":"post-16444","1":"product","2":"type-product","3":"status-publish","4":"has-post-thumbnail","6":"product_cat-electro","8":"first","9":"instock","10":"shipping-taxable","11":"purchasable","12":"product-type-simple"},"_links":{"self":[{"href":"https:\/\/farmaciadagostino.com.ar\/sitio\/wp-json\/wp\/v2\/product\/16444","targetHints":{"allow":["GET"]}}],"collection":[{"href":"https:\/\/farmaciadagostino.com.ar\/sitio\/wp-json\/wp\/v2\/product"}],"about":[{"href":"https:\/\/farmaciadagostino.com.ar\/sitio\/wp-json\/wp\/v2\/types\/product"}],"replies":[{"embeddable":true,"href":"https:\/\/farmaciadagostino.com.ar\/sitio\/wp-json\/wp\/v2\/comments?post=16444"}],"wp:featuredmedia":[{"embeddable":true,"href":"https:\/\/farmaciadagostino.com.ar\/sitio\/wp-json\/wp\/v2\/media\/12255"}],"wp:attachment":[{"href":"https:\/\/farmaciadagostino.com.ar\/sitio\/wp-json\/wp\/v2\/media?parent=16444"}],"wp:term":[{"taxonomy":"product_brand","embeddable":true,"href":"https:\/\/farmaciadagostino.com.ar\/sitio\/wp-json\/wp\/v2\/product_brand?post=16444"},{"taxonomy":"product_cat","embeddable":true,"href":"https:\/\/farmaciadagostino.com.ar\/sitio\/wp-json\/wp\/v2\/product_cat?post=16444"},{"taxonomy":"product_tag","embeddable":true,"href":"https:\/\/farmaciadagostino.com.ar\/sitio\/wp-json\/wp\/v2\/product_tag?post=16444"}],"curies":[{"name":"wp","href":"https:\/\/api.w.org\/{rel}","templated":true}]}}