{"id":16451,"date":"2024-07-01T23:31:53","date_gmt":"2024-07-02T02:31:53","guid":{"rendered":"https:\/\/farmaciadagostino.com.ar\/sitio\/producto\/capilatis-shampoo-engrosador-420-ml\/"},"modified":"2026-03-09T10:10:31","modified_gmt":"2026-03-09T13:10:31","slug":"capilatis-shampoo-engrosador-420-ml","status":"publish","type":"product","link":"https:\/\/farmaciadagostino.com.ar\/sitio\/producto\/capilatis-shampoo-engrosador-420-ml\/","title":{"rendered":"Capilatis Shampoo Engrosador 420 ml"},"content":{"rendered":"<p>El Shampoo Engrosador de Capilatis, te ayuda a aumentar el grosor del cabello, fortalecer y proteger la fibra capilar, otorgando extra brillo y m\u00e1s volumen. Est\u00e1 compuesto por el L\u00fapulo, aportando al cabello fuerza, vitalidad y resistencia, mejorando notablemente sus propiedades f\u00edsicas. Completa esta formulaci\u00f3n un novedoso copol\u00edmero multifuncional, capaz de incrementar el grosor del cabello y de restaurar el nivel de humedad adecuado. La acci\u00f3n conjunta de estos ingredientes garantiza un aumento progresivo del grosor de cada fibra; esto se traduce en un cabello con m\u00e1s cuerpo, lozano, muy brillante y suave al tacto. Con el uso frecuente se observa un aumento progresivo del grosor del cabello. Sin Parabenos ni Siliconas.<\/p>\n<h5>Modo de uso:<\/h5>\n<p>Aplicar y masajear sobre el cabello h\u00famedo. Dejar actuar unos minutos. Enjuagar. Repetir si fuera necesario. Para obtener \u00f3ptimos resultados, sugerimos el uso combinado con Acondicionador Engrosador Capilatis.<\/p>\n<h5>Advertencias:<\/h5>\n<p>Mantener alejado del alcance de los ni\u00f1os. En caso de contacto accidental con los ojos enjuagar con abundante agua, sin restregar. De percibir alguna reacci\u00f3n desfavorable suspender su uso y, de persistir, consultar al m\u00e9dico. Este producto no est\u00e1 formulado para su uso en ni\u00f1os.<\/p>\n","protected":false},"excerpt":{"rendered":"<p>El Shampoo Engrosador de Capilatis, te ayuda a aumentar el grosor del cabello, fortalecer y proteger la fibra capilar, otorgando extra brillo y m\u00e1s volumen<\/p>\n","protected":false},"featured_media":11069,"comment_status":"open","ping_status":"closed","template":"","meta":[],"product_brand":[],"product_cat":[237,152],"product_tag":[],"class_list":{"0":"post-16451","1":"product","2":"type-product","3":"status-publish","4":"has-post-thumbnail","6":"product_cat-belleza","7":"product_cat-cuidado-personal","9":"first","10":"instock","11":"shipping-taxable","12":"purchasable","13":"product-type-simple"},"_links":{"self":[{"href":"https:\/\/farmaciadagostino.com.ar\/sitio\/wp-json\/wp\/v2\/product\/16451","targetHints":{"allow":["GET"]}}],"collection":[{"href":"https:\/\/farmaciadagostino.com.ar\/sitio\/wp-json\/wp\/v2\/product"}],"about":[{"href":"https:\/\/farmaciadagostino.com.ar\/sitio\/wp-json\/wp\/v2\/types\/product"}],"replies":[{"embeddable":true,"href":"https:\/\/farmaciadagostino.com.ar\/sitio\/wp-json\/wp\/v2\/comments?post=16451"}],"wp:featuredmedia":[{"embeddable":true,"href":"https:\/\/farmaciadagostino.com.ar\/sitio\/wp-json\/wp\/v2\/media\/11069"}],"wp:attachment":[{"href":"https:\/\/farmaciadagostino.com.ar\/sitio\/wp-json\/wp\/v2\/media?parent=16451"}],"wp:term":[{"taxonomy":"product_brand","embeddable":true,"href":"https:\/\/farmaciadagostino.com.ar\/sitio\/wp-json\/wp\/v2\/product_brand?post=16451"},{"taxonomy":"product_cat","embeddable":true,"href":"https:\/\/farmaciadagostino.com.ar\/sitio\/wp-json\/wp\/v2\/product_cat?post=16451"},{"taxonomy":"product_tag","embeddable":true,"href":"https:\/\/farmaciadagostino.com.ar\/sitio\/wp-json\/wp\/v2\/product_tag?post=16451"}],"curies":[{"name":"wp","href":"https:\/\/api.w.org\/{rel}","templated":true}]}}