{"id":16460,"date":"2024-07-01T23:31:58","date_gmt":"2024-07-02T02:31:58","guid":{"rendered":"https:\/\/farmaciadagostino.com.ar\/sitio\/producto\/capilatis-shampoo-natural-oil-420-ml\/"},"modified":"2026-03-09T10:18:41","modified_gmt":"2026-03-09T13:18:41","slug":"capilatis-shampoo-natural-oil-420-ml","status":"publish","type":"product","link":"https:\/\/farmaciadagostino.com.ar\/sitio\/producto\/capilatis-shampoo-natural-oil-420-ml\/","title":{"rendered":"Capilatis Shampoo Natural Oil 420 ml"},"content":{"rendered":"<p>El \u00d3leo Capilar Nutritivo tiene una composici\u00f3n de textura ligera y fluida enriquecida con Aceites Naturales puros. Se absorbe r\u00e1pidamente sin aportar peso ni excesos de grasitud. Combinaci\u00f3n perfecta que disciplina, repara y nutre de manera instant\u00e1nea. Libre de parabenos y colorantes. <\/p>\n<h5>\n<p>Beneficios:<\/p>\n<\/h5>\n<p> Ejerce un notable efecto nutritivo instant\u00e1neo. Aporta brillo, suavidad y facilidad de peinado. Protege de las agresiones externas. Disciplina el cabello y garantiza el control total del frizz.<\/p>\n","protected":false},"excerpt":{"rendered":"<p>El \u00d3leo Capilar Nutritivo tiene una composici\u00f3n de textura ligera y fluida enriquecida con Aceites Naturales puros<\/p>\n","protected":false},"featured_media":11168,"comment_status":"open","ping_status":"closed","template":"","meta":[],"product_brand":[],"product_cat":[237,152],"product_tag":[],"class_list":{"0":"post-16460","1":"product","2":"type-product","3":"status-publish","4":"has-post-thumbnail","6":"product_cat-belleza","7":"product_cat-cuidado-personal","9":"first","10":"instock","11":"shipping-taxable","12":"purchasable","13":"product-type-simple"},"_links":{"self":[{"href":"https:\/\/farmaciadagostino.com.ar\/sitio\/wp-json\/wp\/v2\/product\/16460","targetHints":{"allow":["GET"]}}],"collection":[{"href":"https:\/\/farmaciadagostino.com.ar\/sitio\/wp-json\/wp\/v2\/product"}],"about":[{"href":"https:\/\/farmaciadagostino.com.ar\/sitio\/wp-json\/wp\/v2\/types\/product"}],"replies":[{"embeddable":true,"href":"https:\/\/farmaciadagostino.com.ar\/sitio\/wp-json\/wp\/v2\/comments?post=16460"}],"wp:featuredmedia":[{"embeddable":true,"href":"https:\/\/farmaciadagostino.com.ar\/sitio\/wp-json\/wp\/v2\/media\/11168"}],"wp:attachment":[{"href":"https:\/\/farmaciadagostino.com.ar\/sitio\/wp-json\/wp\/v2\/media?parent=16460"}],"wp:term":[{"taxonomy":"product_brand","embeddable":true,"href":"https:\/\/farmaciadagostino.com.ar\/sitio\/wp-json\/wp\/v2\/product_brand?post=16460"},{"taxonomy":"product_cat","embeddable":true,"href":"https:\/\/farmaciadagostino.com.ar\/sitio\/wp-json\/wp\/v2\/product_cat?post=16460"},{"taxonomy":"product_tag","embeddable":true,"href":"https:\/\/farmaciadagostino.com.ar\/sitio\/wp-json\/wp\/v2\/product_tag?post=16460"}],"curies":[{"name":"wp","href":"https:\/\/api.w.org\/{rel}","templated":true}]}}