{"id":16461,"date":"2024-07-01T23:31:58","date_gmt":"2024-07-02T02:31:58","guid":{"rendered":"https:\/\/farmaciadagostino.com.ar\/sitio\/producto\/benetton-fragancia-sisterland-pink-raspberry-edt-for-woman-80-ml\/"},"modified":"2026-03-09T10:25:45","modified_gmt":"2026-03-09T13:25:45","slug":"benetton-fragancia-sisterland-pink-raspberry-edt-for-woman-80-ml","status":"publish","type":"product","link":"https:\/\/farmaciadagostino.com.ar\/sitio\/producto\/benetton-fragancia-sisterland-pink-raspberry-edt-for-woman-80-ml\/","title":{"rendered":"Benetton Fragancia Sisterland Pink Raspberry Edt For Woman 80 ml"},"content":{"rendered":"<p>Dulzura, delicadeza y espontaneidad. El eau de toilette Sisterland Pink Raspberry de Benetton es la versi\u00f3n m\u00e1s dulce gracias a un bouquet femenino y adictivo de flores blancas que combinan a la perfecci\u00f3n con notas de frambuesa y amaderadas llenas de personalidad. Ella es amigable, dulce y cari\u00f1osa. Ella es Pink Raspberry.<\/p>\n","protected":false},"excerpt":{"rendered":"<p>Dulzura, delicadeza y espontaneidad<\/p>\n","protected":false},"featured_media":19636,"comment_status":"open","ping_status":"closed","template":"","meta":[],"product_brand":[],"product_cat":[237],"product_tag":[],"class_list":{"0":"post-16461","1":"product","2":"type-product","3":"status-publish","4":"has-post-thumbnail","6":"product_cat-belleza","8":"first","9":"instock","10":"shipping-taxable","11":"purchasable","12":"product-type-simple"},"_links":{"self":[{"href":"https:\/\/farmaciadagostino.com.ar\/sitio\/wp-json\/wp\/v2\/product\/16461","targetHints":{"allow":["GET"]}}],"collection":[{"href":"https:\/\/farmaciadagostino.com.ar\/sitio\/wp-json\/wp\/v2\/product"}],"about":[{"href":"https:\/\/farmaciadagostino.com.ar\/sitio\/wp-json\/wp\/v2\/types\/product"}],"replies":[{"embeddable":true,"href":"https:\/\/farmaciadagostino.com.ar\/sitio\/wp-json\/wp\/v2\/comments?post=16461"}],"wp:featuredmedia":[{"embeddable":true,"href":"https:\/\/farmaciadagostino.com.ar\/sitio\/wp-json\/wp\/v2\/media\/19636"}],"wp:attachment":[{"href":"https:\/\/farmaciadagostino.com.ar\/sitio\/wp-json\/wp\/v2\/media?parent=16461"}],"wp:term":[{"taxonomy":"product_brand","embeddable":true,"href":"https:\/\/farmaciadagostino.com.ar\/sitio\/wp-json\/wp\/v2\/product_brand?post=16461"},{"taxonomy":"product_cat","embeddable":true,"href":"https:\/\/farmaciadagostino.com.ar\/sitio\/wp-json\/wp\/v2\/product_cat?post=16461"},{"taxonomy":"product_tag","embeddable":true,"href":"https:\/\/farmaciadagostino.com.ar\/sitio\/wp-json\/wp\/v2\/product_tag?post=16461"}],"curies":[{"name":"wp","href":"https:\/\/api.w.org\/{rel}","templated":true}]}}