{"id":16470,"date":"2024-07-01T23:32:09","date_gmt":"2024-07-02T02:32:09","guid":{"rendered":"https:\/\/farmaciadagostino.com.ar\/sitio\/producto\/capilatis-shampoo-ortiga-con-aloe-vera-410-ml\/"},"modified":"2026-03-09T10:25:45","modified_gmt":"2026-03-09T13:25:45","slug":"capilatis-shampoo-ortiga-con-aloe-vera-410-ml","status":"publish","type":"product","link":"https:\/\/farmaciadagostino.com.ar\/sitio\/producto\/capilatis-shampoo-ortiga-con-aloe-vera-410-ml\/","title":{"rendered":"Capilatis Shampoo Ortiga Con Aloe Vera 410 ml"},"content":{"rendered":"<p>Ortiga de Capilatis.&nbsp;La soluci\u00f3n para la ca\u00edda del cabelloCapilatis Ortiga es la l\u00ednea m\u00e1s completa y eficaz para evitar la ca\u00edda del cabello. Los componentes naturales de la Ortiga fortalecen la fibra capilar, tonifican el cuero cabelludo y contribuyen a la oxigenaci\u00f3n del bulbo capilar, deteniendo as\u00ed la ca\u00edda del cabello. Estimula la circulaci\u00f3n sangu\u00ednea y fortalece la fibra capilar, deteniendo as\u00ed la ca\u00edda del cabello. El Aloe Vera tiene propiedades emolientes y humectantes, restableciendo el equilibrio h\u00eddrico normal en los cabellos secos.<\/p>\n","protected":false},"excerpt":{"rendered":"<p>Ortiga de Capilatis<\/p>\n","protected":false},"featured_media":11084,"comment_status":"open","ping_status":"closed","template":"","meta":[],"product_brand":[],"product_cat":[237,152],"product_tag":[],"class_list":{"0":"post-16470","1":"product","2":"type-product","3":"status-publish","4":"has-post-thumbnail","6":"product_cat-belleza","7":"product_cat-cuidado-personal","9":"first","10":"instock","11":"shipping-taxable","12":"purchasable","13":"product-type-simple"},"_links":{"self":[{"href":"https:\/\/farmaciadagostino.com.ar\/sitio\/wp-json\/wp\/v2\/product\/16470","targetHints":{"allow":["GET"]}}],"collection":[{"href":"https:\/\/farmaciadagostino.com.ar\/sitio\/wp-json\/wp\/v2\/product"}],"about":[{"href":"https:\/\/farmaciadagostino.com.ar\/sitio\/wp-json\/wp\/v2\/types\/product"}],"replies":[{"embeddable":true,"href":"https:\/\/farmaciadagostino.com.ar\/sitio\/wp-json\/wp\/v2\/comments?post=16470"}],"wp:featuredmedia":[{"embeddable":true,"href":"https:\/\/farmaciadagostino.com.ar\/sitio\/wp-json\/wp\/v2\/media\/11084"}],"wp:attachment":[{"href":"https:\/\/farmaciadagostino.com.ar\/sitio\/wp-json\/wp\/v2\/media?parent=16470"}],"wp:term":[{"taxonomy":"product_brand","embeddable":true,"href":"https:\/\/farmaciadagostino.com.ar\/sitio\/wp-json\/wp\/v2\/product_brand?post=16470"},{"taxonomy":"product_cat","embeddable":true,"href":"https:\/\/farmaciadagostino.com.ar\/sitio\/wp-json\/wp\/v2\/product_cat?post=16470"},{"taxonomy":"product_tag","embeddable":true,"href":"https:\/\/farmaciadagostino.com.ar\/sitio\/wp-json\/wp\/v2\/product_tag?post=16470"}],"curies":[{"name":"wp","href":"https:\/\/api.w.org\/{rel}","templated":true}]}}