{"id":16471,"date":"2024-07-01T23:32:09","date_gmt":"2024-07-02T02:32:09","guid":{"rendered":"https:\/\/farmaciadagostino.com.ar\/sitio\/producto\/carolina-herrera-fragancia-very-goodgirl-edp-for-women-80-ml\/"},"modified":"2026-03-09T10:10:32","modified_gmt":"2026-03-09T13:10:32","slug":"carolina-herrera-fragancia-very-goodgirl-edp-for-women-80-ml","status":"publish","type":"product","link":"https:\/\/farmaciadagostino.com.ar\/sitio\/producto\/carolina-herrera-fragancia-very-goodgirl-edp-for-women-80-ml\/","title":{"rendered":"Carolina Herrera Fragancia Very Goodgirl Edp For Women 80 ml"},"content":{"rendered":"<p>Very Good Girl le lleva a un sorprendente viaje olfativo, empezando con las notas superiores de la juguetona y traviesa grosella roja y el ex\u00f3tico lichi, que conducen a las seductoras notas intermedias de rosa.<\/p>\n<p>Las notas de base de vetiver y vainilla proporcionan un acabado contempor\u00e1neo y sorprendente.<\/p>\n<p>Familia olfativa: Floral<\/p>\n<p>Notas superiores: Grosella roja y lichi<\/p>\n<p>Notas intermedias: Rosa<\/p>\n<p>Notas finales: Vetiver y vainilla<\/p>\n<p>El frasco:<\/p>\n<p>El ic\u00f3nico zapato de tac\u00f3n de Good Girl sube de categor\u00eda con un espectacular interior lacado en rojo: el color caracter\u00edstico de la casa Herrera, que simboliza la pasi\u00f3n, la sofisticaci\u00f3n y la belleza.<\/p>\n","protected":false},"excerpt":{"rendered":"<p>Very Good Girl le lleva a un sorprendente viaje olfativo, empezando con las notas superiores de la juguetona y traviesa grosella roja y el ex\u00f3tico lichi, que conducen a las seductoras notas intermedias de rosa<\/p>\n","protected":false},"featured_media":13721,"comment_status":"open","ping_status":"closed","template":"","meta":[],"product_brand":[],"product_cat":[237],"product_tag":[],"class_list":{"0":"post-16471","1":"product","2":"type-product","3":"status-publish","4":"has-post-thumbnail","6":"product_cat-belleza","8":"first","9":"instock","10":"shipping-taxable","11":"purchasable","12":"product-type-simple"},"_links":{"self":[{"href":"https:\/\/farmaciadagostino.com.ar\/sitio\/wp-json\/wp\/v2\/product\/16471","targetHints":{"allow":["GET"]}}],"collection":[{"href":"https:\/\/farmaciadagostino.com.ar\/sitio\/wp-json\/wp\/v2\/product"}],"about":[{"href":"https:\/\/farmaciadagostino.com.ar\/sitio\/wp-json\/wp\/v2\/types\/product"}],"replies":[{"embeddable":true,"href":"https:\/\/farmaciadagostino.com.ar\/sitio\/wp-json\/wp\/v2\/comments?post=16471"}],"wp:featuredmedia":[{"embeddable":true,"href":"https:\/\/farmaciadagostino.com.ar\/sitio\/wp-json\/wp\/v2\/media\/13721"}],"wp:attachment":[{"href":"https:\/\/farmaciadagostino.com.ar\/sitio\/wp-json\/wp\/v2\/media?parent=16471"}],"wp:term":[{"taxonomy":"product_brand","embeddable":true,"href":"https:\/\/farmaciadagostino.com.ar\/sitio\/wp-json\/wp\/v2\/product_brand?post=16471"},{"taxonomy":"product_cat","embeddable":true,"href":"https:\/\/farmaciadagostino.com.ar\/sitio\/wp-json\/wp\/v2\/product_cat?post=16471"},{"taxonomy":"product_tag","embeddable":true,"href":"https:\/\/farmaciadagostino.com.ar\/sitio\/wp-json\/wp\/v2\/product_tag?post=16471"}],"curies":[{"name":"wp","href":"https:\/\/api.w.org\/{rel}","templated":true}]}}