{"id":16472,"date":"2024-07-01T23:32:09","date_gmt":"2024-07-02T02:32:09","guid":{"rendered":"https:\/\/farmaciadagostino.com.ar\/sitio\/producto\/capilatis-shampoo-ortiga-con-capuchina-410-ml\/"},"modified":"2026-03-09T10:18:41","modified_gmt":"2026-03-09T13:18:41","slug":"capilatis-shampoo-ortiga-con-capuchina-410-ml","status":"publish","type":"product","link":"https:\/\/farmaciadagostino.com.ar\/sitio\/producto\/capilatis-shampoo-ortiga-con-capuchina-410-ml\/","title":{"rendered":"Capilatis Shampoo Ortiga Con Capuchina 410 ml"},"content":{"rendered":"<p>Estimulan la circulaci\u00f3n sangu\u00ednea y fortalecen la fibra capilar, deteniendo as\u00ed la ca\u00edda del cabello. La Capuchina con su acci\u00f3n dermopurificante, antis\u00e9ptica y calmante, reduce la descamaci\u00f3n y la irritaci\u00f3n del cuero cabelludo, eliminando la caspa.<\/p>\n","protected":false},"excerpt":{"rendered":"<p>Estimulan la circulaci\u00f3n sangu\u00ednea y fortalecen la fibra capilar, deteniendo as\u00ed la ca\u00edda del cabello<\/p>\n","protected":false},"featured_media":11089,"comment_status":"open","ping_status":"closed","template":"","meta":[],"product_brand":[],"product_cat":[237,152],"product_tag":[],"class_list":{"0":"post-16472","1":"product","2":"type-product","3":"status-publish","4":"has-post-thumbnail","6":"product_cat-belleza","7":"product_cat-cuidado-personal","9":"first","10":"instock","11":"shipping-taxable","12":"purchasable","13":"product-type-simple"},"_links":{"self":[{"href":"https:\/\/farmaciadagostino.com.ar\/sitio\/wp-json\/wp\/v2\/product\/16472","targetHints":{"allow":["GET"]}}],"collection":[{"href":"https:\/\/farmaciadagostino.com.ar\/sitio\/wp-json\/wp\/v2\/product"}],"about":[{"href":"https:\/\/farmaciadagostino.com.ar\/sitio\/wp-json\/wp\/v2\/types\/product"}],"replies":[{"embeddable":true,"href":"https:\/\/farmaciadagostino.com.ar\/sitio\/wp-json\/wp\/v2\/comments?post=16472"}],"wp:featuredmedia":[{"embeddable":true,"href":"https:\/\/farmaciadagostino.com.ar\/sitio\/wp-json\/wp\/v2\/media\/11089"}],"wp:attachment":[{"href":"https:\/\/farmaciadagostino.com.ar\/sitio\/wp-json\/wp\/v2\/media?parent=16472"}],"wp:term":[{"taxonomy":"product_brand","embeddable":true,"href":"https:\/\/farmaciadagostino.com.ar\/sitio\/wp-json\/wp\/v2\/product_brand?post=16472"},{"taxonomy":"product_cat","embeddable":true,"href":"https:\/\/farmaciadagostino.com.ar\/sitio\/wp-json\/wp\/v2\/product_cat?post=16472"},{"taxonomy":"product_tag","embeddable":true,"href":"https:\/\/farmaciadagostino.com.ar\/sitio\/wp-json\/wp\/v2\/product_tag?post=16472"}],"curies":[{"name":"wp","href":"https:\/\/api.w.org\/{rel}","templated":true}]}}