{"id":16473,"date":"2024-07-01T23:32:10","date_gmt":"2024-07-02T02:32:10","guid":{"rendered":"https:\/\/farmaciadagostino.com.ar\/sitio\/producto\/carolina-herrera-goodgirl-supreme-for-woman-edp-30-ml\/"},"modified":"2026-03-09T10:25:45","modified_gmt":"2026-03-09T13:25:45","slug":"carolina-herrera-goodgirl-supreme-for-woman-edp-30-ml","status":"publish","type":"product","link":"https:\/\/farmaciadagostino.com.ar\/sitio\/producto\/carolina-herrera-goodgirl-supreme-for-woman-edp-30-ml\/","title":{"rendered":"Carolina Herrera Goodgirl Supreme For Woman Edp 30 ml"},"content":{"rendered":"<p>Carolina Herrera Good Girl Supr\u00eame Eau de Parfum es un fragancia intensamente seductora, una reinvenci\u00f3n de la ic\u00f3nica fragancia Good Girl, con una f\u00f3rmula nueva y atrevida. El tac\u00f3n de Good Girl, una refinada combinaci\u00f3n de est\u00e9tica de alta costura y dise\u00f1o t\u00e9cnico, es ahora m\u00e1s deslumbrante gracias a su glamuroso efecto degradado que pasa del negro a los destellos.<br \/>\nRedefine el emblem\u00e1tico contraste entre luces y sombras y nos anima a conectar con nuestro lado rebelde, para que aceptemos plenamente todas las facetas de nuestra personalidad.<\/p>\n<p>En palabras de Carolina A. Herrera, directora creativa de Belleza: It&#8217;s so good to be bad!.<br \/>\nNotas de salida: Frutos del bosque<br \/>\nNotas de coraz\u00f3n: Jazm\u00edn de Egipto<br \/>\nNotas de Fondo: Haba-tonka y Vetiver.<\/p>\n","protected":false},"excerpt":{"rendered":"<p>Carolina Herrera Good Girl Supr\u00eame Eau de Parfum es un fragancia intensamente seductora, una reinvenci\u00f3n de la ic\u00f3nica fragancia Good Girl, con una f\u00f3rmula nueva y atrevida<\/p>\n","protected":false},"featured_media":13687,"comment_status":"open","ping_status":"closed","template":"","meta":[],"product_brand":[],"product_cat":[237],"product_tag":[],"class_list":{"0":"post-16473","1":"product","2":"type-product","3":"status-publish","4":"has-post-thumbnail","6":"product_cat-belleza","8":"first","9":"instock","10":"shipping-taxable","11":"purchasable","12":"product-type-simple"},"_links":{"self":[{"href":"https:\/\/farmaciadagostino.com.ar\/sitio\/wp-json\/wp\/v2\/product\/16473","targetHints":{"allow":["GET"]}}],"collection":[{"href":"https:\/\/farmaciadagostino.com.ar\/sitio\/wp-json\/wp\/v2\/product"}],"about":[{"href":"https:\/\/farmaciadagostino.com.ar\/sitio\/wp-json\/wp\/v2\/types\/product"}],"replies":[{"embeddable":true,"href":"https:\/\/farmaciadagostino.com.ar\/sitio\/wp-json\/wp\/v2\/comments?post=16473"}],"wp:featuredmedia":[{"embeddable":true,"href":"https:\/\/farmaciadagostino.com.ar\/sitio\/wp-json\/wp\/v2\/media\/13687"}],"wp:attachment":[{"href":"https:\/\/farmaciadagostino.com.ar\/sitio\/wp-json\/wp\/v2\/media?parent=16473"}],"wp:term":[{"taxonomy":"product_brand","embeddable":true,"href":"https:\/\/farmaciadagostino.com.ar\/sitio\/wp-json\/wp\/v2\/product_brand?post=16473"},{"taxonomy":"product_cat","embeddable":true,"href":"https:\/\/farmaciadagostino.com.ar\/sitio\/wp-json\/wp\/v2\/product_cat?post=16473"},{"taxonomy":"product_tag","embeddable":true,"href":"https:\/\/farmaciadagostino.com.ar\/sitio\/wp-json\/wp\/v2\/product_tag?post=16473"}],"curies":[{"name":"wp","href":"https:\/\/api.w.org\/{rel}","templated":true}]}}