{"id":16484,"date":"2024-07-01T23:32:12","date_gmt":"2024-07-02T02:32:12","guid":{"rendered":"https:\/\/farmaciadagostino.com.ar\/sitio\/producto\/kenzo-fragancia-poppy-bouquet-edp-for-women-100-ml\/"},"modified":"2026-03-09T10:18:41","modified_gmt":"2026-03-09T13:18:41","slug":"kenzo-fragancia-poppy-bouquet-edp-for-women-100-ml","status":"publish","type":"product","link":"https:\/\/farmaciadagostino.com.ar\/sitio\/producto\/kenzo-fragancia-poppy-bouquet-edp-for-women-100-ml\/","title":{"rendered":"Kenzo Fragancia Poppy Bouquet Edp For Women 100 ml"},"content":{"rendered":"<p>Flower By Kenzo Poppy Bouquet Eau de Parfum es una fragancia floral amaderada para mujeres elegantes e intensas. Una explosi\u00f3n de amapolas unida a un gui\u00f1o de ra\u00edces y aromas japoneses, popios de la firma, a trav\u00e9s de una Pera Nashi fresca y jugosa, un luminoso jazm\u00edn, una voluptuosa Rosa B\u00falgara y una gardenia del todo sensual dan cuerpo a esta composici\u00f3n.<\/p>\n<p>El frasco de Kenzo Flower Poppy Bouquet sigue la l\u00ednea de Kenzo Flower. Un envase inclinado que sigue la forma del crecimiento de la amapola, como si se conservase en el mismo interior. Elegante y sencillo, guarda un jugo rosa. Siente la energ\u00eda de la amapola para un mundo m\u00e1s bello.<\/p>\n","protected":false},"excerpt":{"rendered":"<p>Flower By Kenzo Poppy Bouquet Eau de Parfum es una fragancia floral amaderada para mujeres elegantes e intensas<\/p>\n","protected":false},"featured_media":7381,"comment_status":"open","ping_status":"closed","template":"","meta":[],"product_brand":[],"product_cat":[237],"product_tag":[],"class_list":{"0":"post-16484","1":"product","2":"type-product","3":"status-publish","4":"has-post-thumbnail","6":"product_cat-belleza","8":"first","9":"instock","10":"shipping-taxable","11":"purchasable","12":"product-type-simple"},"_links":{"self":[{"href":"https:\/\/farmaciadagostino.com.ar\/sitio\/wp-json\/wp\/v2\/product\/16484","targetHints":{"allow":["GET"]}}],"collection":[{"href":"https:\/\/farmaciadagostino.com.ar\/sitio\/wp-json\/wp\/v2\/product"}],"about":[{"href":"https:\/\/farmaciadagostino.com.ar\/sitio\/wp-json\/wp\/v2\/types\/product"}],"replies":[{"embeddable":true,"href":"https:\/\/farmaciadagostino.com.ar\/sitio\/wp-json\/wp\/v2\/comments?post=16484"}],"wp:featuredmedia":[{"embeddable":true,"href":"https:\/\/farmaciadagostino.com.ar\/sitio\/wp-json\/wp\/v2\/media\/7381"}],"wp:attachment":[{"href":"https:\/\/farmaciadagostino.com.ar\/sitio\/wp-json\/wp\/v2\/media?parent=16484"}],"wp:term":[{"taxonomy":"product_brand","embeddable":true,"href":"https:\/\/farmaciadagostino.com.ar\/sitio\/wp-json\/wp\/v2\/product_brand?post=16484"},{"taxonomy":"product_cat","embeddable":true,"href":"https:\/\/farmaciadagostino.com.ar\/sitio\/wp-json\/wp\/v2\/product_cat?post=16484"},{"taxonomy":"product_tag","embeddable":true,"href":"https:\/\/farmaciadagostino.com.ar\/sitio\/wp-json\/wp\/v2\/product_tag?post=16484"}],"curies":[{"name":"wp","href":"https:\/\/api.w.org\/{rel}","templated":true}]}}